{"id":966,"date":"2023-06-24T02:36:07","date_gmt":"2023-06-23T19:36:07","guid":{"rendered":"https:\/\/ancl.vn\/linh-vuc\/"},"modified":"2025-12-22T11:24:47","modified_gmt":"2025-12-22T04:24:47","slug":"field","status":"publish","type":"page","link":"https:\/\/ancl.vn\/ja\/field\/","title":{"rendered":"\u5206\u91ce"},"content":{"rendered":"\t<section class=\"section mx_page-header\" id=\"section_309265891\">\n\t\t<div class=\"bg section-bg fill bg-fill  bg-loaded\" >\n\n\t\t\t\n\t\t\t\n\t\t\t\n\n\t\t<\/div>\n\n\t\t\n\n\t\t<div class=\"section-content relative\">\n\t\t\t\n\t<div id=\"gap-253297984\" class=\"gap-element clearfix\" style=\"display:block; height:auto;\">\n\t\t\n<style>\n#gap-253297984 {\n  padding-top: 30px;\n}\n<\/style>\n\t<\/div>\n\t\n<div class=\"row align-center\"  id=\"row-622929163\">\n\n\t<div id=\"col-404070940\" class=\"col medium-10 small-12 large-10\"  >\n\t\t\t\t<div class=\"col-inner\"  >\n\t\t\t\n\t\t\t\n<div class=\"row row-small align-middle ph-linh-vuc\"  id=\"row-232179732\">\n\n\t<div id=\"col-464326933\" class=\"col hide-for-small medium-4 small-12 large-4\"  data-animate=\"fadeInLeft\">\n\t\t\t\t<div class=\"col-inner\"  >\n\t\t\t\n\t\t\t\n\t<div class=\"img has-hover x md-x lg-x y md-y lg-y\" id=\"image_1344754390\">\n\t\t\t\t\t\t\t\t<div class=\"img-inner image-zoom dark\" >\n\t\t\t<img loading=\"lazy\" decoding=\"async\" width=\"500\" height=\"330\" src=\"https:\/\/ancl.vn\/wp-content\/uploads\/2023\/07\/tien-new.png\" class=\"attachment-large size-large\" alt=\"\" srcset=\"https:\/\/ancl.vn\/wp-content\/uploads\/2023\/07\/tien-new.png 500w, https:\/\/ancl.vn\/wp-content\/uploads\/2023\/07\/tien-new-300x198.png 300w\" sizes=\"(max-width: 500px) 100vw, 500px\" \/>\t\t\t\t\t\t\n\t\t\t\t\t<\/div>\n\t\t\t\t\t\t\t\t\n<style>\n#image_1344754390 {\n  width: 100%;\n}\n<\/style>\n\t<\/div>\n\t\n\t\t<\/div>\n\t\t\t\t\t<\/div>\n\n\t\n\n\t<div id=\"col-1913779776\" class=\"col no-b medium-4 small-12 large-4\"  data-animate=\"bounceIn\">\n\t\t\t\t<div class=\"col-inner\"  >\n\t\t\t\n\t\t\t\n\t<div id=\"text-413963850\" class=\"text\">\n\t\t\n<h1><span style=\"font-size: 130%;\"><strong>\u751f\u7523\u30fb\u52a0\u5de5\u306e\u5206\u91ce<\/strong><\/span><\/h1>\n\t\t\n<style>\n#text-413963850 {\n  text-align: center;\n  color: rgb(0, 0, 0);\n}\n#text-413963850 > * {\n  color: rgb(0, 0, 0);\n}\n<\/style>\n\t<\/div>\n\t\n\t\t<\/div>\n\t\t\t\t\t<\/div>\n\n\t\n\n\t<div id=\"col-1902307707\" class=\"col hide-for-small medium-4 small-12 large-4\"  data-animate=\"fadeInRight\">\n\t\t\t\t<div class=\"col-inner\"  >\n\t\t\t\n\t\t\t\n\t<div class=\"img has-hover x md-x lg-x y md-y lg-y\" id=\"image_383516677\">\n\t\t\t\t\t\t\t\t<div class=\"img-inner image-zoom dark\" >\n\t\t\t<img loading=\"lazy\" decoding=\"async\" width=\"1020\" height=\"638\" src=\"https:\/\/ancl.vn\/wp-content\/uploads\/2023\/07\/8-3-1024x640.png\" class=\"attachment-large size-large\" alt=\"\" srcset=\"https:\/\/ancl.vn\/wp-content\/uploads\/2023\/07\/8-3-1024x640.png 1024w, https:\/\/ancl.vn\/wp-content\/uploads\/2023\/07\/8-3-300x188.png 300w, https:\/\/ancl.vn\/wp-content\/uploads\/2023\/07\/8-3-768x480.png 768w, https:\/\/ancl.vn\/wp-content\/uploads\/2023\/07\/8-3-1536x960.png 1536w, https:\/\/ancl.vn\/wp-content\/uploads\/2023\/07\/8-3.png 2048w\" sizes=\"(max-width: 1020px) 100vw, 1020px\" \/>\t\t\t\t\t\t\n\t\t\t\t\t<\/div>\n\t\t\t\t\t\t\t\t\n<style>\n#image_383516677 {\n  width: 100%;\n}\n<\/style>\n\t<\/div>\n\t\n\t\t<\/div>\n\t\t\t\t\t<\/div>\n\n\t\n\n\t<div id=\"col-714699840\" class=\"col hide-for-small medium-4 small-12 large-4\"  data-animate=\"fadeInUp\">\n\t\t\t\t<div class=\"col-inner\"  >\n\t\t\t\n\t\t\t\n\t<div class=\"img has-hover x md-x lg-x y md-y lg-y\" id=\"image_1869522587\">\n\t\t\t\t\t\t\t\t<div class=\"img-inner image-zoom dark\" >\n\t\t\t<img loading=\"lazy\" decoding=\"async\" width=\"1020\" height=\"638\" src=\"https:\/\/ancl.vn\/wp-content\/uploads\/2023\/07\/P4-HAN-1-1024x769-1.png\" class=\"attachment-large size-large\" alt=\"\" srcset=\"https:\/\/ancl.vn\/wp-content\/uploads\/2023\/07\/P4-HAN-1-1024x769-1.png 1024w, https:\/\/ancl.vn\/wp-content\/uploads\/2023\/07\/P4-HAN-1-1024x769-1-300x188.png 300w, https:\/\/ancl.vn\/wp-content\/uploads\/2023\/07\/P4-HAN-1-1024x769-1-768x481.png 768w\" sizes=\"(max-width: 1020px) 100vw, 1020px\" \/>\t\t\t\t\t\t\n\t\t\t\t\t<\/div>\n\t\t\t\t\t\t\t\t\n<style>\n#image_1869522587 {\n  width: 100%;\n}\n<\/style>\n\t<\/div>\n\t\n\t\t<\/div>\n\t\t\t\t\t<\/div>\n\n\t\n\n\t<div id=\"col-1212749876\" class=\"col hide-for-small medium-4 small-12 large-4\"  data-animate=\"fadeInUp\">\n\t\t\t\t<div class=\"col-inner\"  >\n\t\t\t\n\t\t\t\n\t<div class=\"img has-hover x md-x lg-x y md-y lg-y\" id=\"image_1357507009\">\n\t\t\t\t\t\t\t\t<div class=\"img-inner image-zoom dark\" >\n\t\t\t<img loading=\"lazy\" decoding=\"async\" width=\"1020\" height=\"638\" src=\"https:\/\/ancl.vn\/wp-content\/uploads\/2023\/07\/8.DAP-NONG-1024x640.png\" class=\"attachment-large size-large\" alt=\"\" srcset=\"https:\/\/ancl.vn\/wp-content\/uploads\/2023\/07\/8.DAP-NONG-1024x640.png 1024w, https:\/\/ancl.vn\/wp-content\/uploads\/2023\/07\/8.DAP-NONG-300x188.png 300w, https:\/\/ancl.vn\/wp-content\/uploads\/2023\/07\/8.DAP-NONG-768x480.png 768w, https:\/\/ancl.vn\/wp-content\/uploads\/2023\/07\/8.DAP-NONG-1536x960.png 1536w, https:\/\/ancl.vn\/wp-content\/uploads\/2023\/07\/8.DAP-NONG.png 2048w\" sizes=\"(max-width: 1020px) 100vw, 1020px\" \/>\t\t\t\t\t\t\n\t\t\t\t\t<\/div>\n\t\t\t\t\t\t\t\t\n<style>\n#image_1357507009 {\n  width: 100%;\n}\n<\/style>\n\t<\/div>\n\t\n\t\t<\/div>\n\t\t\t\t\t<\/div>\n\n\t\n\n\t<div id=\"col-1293772684\" class=\"col hide-for-small medium-4 small-12 large-4\"  data-animate=\"fadeInUp\">\n\t\t\t\t<div class=\"col-inner\"  >\n\t\t\t\n\t\t\t\n\t<div class=\"img has-hover x md-x lg-x y md-y lg-y\" id=\"image_537131309\">\n\t\t\t\t\t\t\t\t<div class=\"img-inner image-zoom dark\" >\n\t\t\t<img loading=\"lazy\" decoding=\"async\" width=\"800\" height=\"500\" src=\"https:\/\/ancl.vn\/wp-content\/uploads\/2023\/07\/1-1-2.png\" class=\"attachment-large size-large\" alt=\"\" srcset=\"https:\/\/ancl.vn\/wp-content\/uploads\/2023\/07\/1-1-2.png 800w, https:\/\/ancl.vn\/wp-content\/uploads\/2023\/07\/1-1-2-300x188.png 300w, https:\/\/ancl.vn\/wp-content\/uploads\/2023\/07\/1-1-2-768x480.png 768w\" sizes=\"(max-width: 800px) 100vw, 800px\" \/>\t\t\t\t\t\t\n\t\t\t\t\t<\/div>\n\t\t\t\t\t\t\t\t\n<style>\n#image_537131309 {\n  width: 100%;\n}\n<\/style>\n\t<\/div>\n\t\n\t\t<\/div>\n\t\t\t\t\t<\/div>\n\n\t\n<\/div>\n\t\t<\/div>\n\t\t\t\t\t<\/div>\n\n\t\n<\/div>\n\t\t<\/div>\n\n\t\t\n<style>\n#section_309265891 {\n  padding-top: 0px;\n  padding-bottom: 0px;\n}\n<\/style>\n\t<\/section>\n\t\n<div class=\"row\"  id=\"row-1551774671\">\n\n\t<div id=\"col-510419628\" class=\"col pb-0 small-12 large-12\"  data-animate=\"blurIn\">\n\t\t\t\t<div class=\"col-inner\"  >\n\t\t\t\n\t\t\t\n<div class=\"container section-title-container\" ><h2 class=\"section-title section-title-normal\"><b><\/b><span class=\"section-title-main\" >\u7cbe\u5bc6\u6a5f\u68b0\u52a0\u5de5<\/span><b><\/b><\/h2><\/div>\n\t\t<\/div>\n\t\t\t\t\t<\/div>\n\n\t\n\n\t<div id=\"col-1742958605\" class=\"col medium-4 small-12 large-4\"  data-animate=\"fadeInLeft\">\n\t\t\t\t<div class=\"col-inner\"  >\n\t\t\t\n\t\t\t\n\t<div class=\"img has-hover x md-x lg-x y md-y lg-y\" id=\"image_1362785111\">\n\t\t\t\t\t\t\t\t<div class=\"img-inner image-zoom dark\" >\n\t\t\t<img loading=\"lazy\" decoding=\"async\" width=\"500\" height=\"320\" src=\"https:\/\/ancl.vn\/wp-content\/uploads\/2023\/06\/Gia-cong-CNC-1.jpg\" class=\"attachment-large size-large\" alt=\"\" srcset=\"https:\/\/ancl.vn\/wp-content\/uploads\/2023\/06\/Gia-cong-CNC-1.jpg 500w, https:\/\/ancl.vn\/wp-content\/uploads\/2023\/06\/Gia-cong-CNC-1-300x192.jpg 300w\" sizes=\"(max-width: 500px) 100vw, 500px\" \/>\t\t\t\t\t\t\n\t\t\t\t\t<\/div>\n\t\t\t\t\t\t\t\t\n<style>\n#image_1362785111 {\n  width: 80%;\n}\n<\/style>\n\t<\/div>\n\t\n\t\t<\/div>\n\t\t\t\t\t<\/div>\n\n\t\n\n\t<div id=\"col-1366887279\" class=\"col medium-8 small-12 large-8\"  data-animate=\"fadeInRight\">\n\t\t\t\t<div class=\"col-inner\"  >\n\t\t\t\n\t\t\t\n\t<div id=\"text-3459356405\" class=\"text\">\n\t\t\n<div>\n<p>\u5f53\u793e\u306f\u6700\u65b0\u6280\u8853\u3092\u99c6\u4f7f\u3057\u3001\u53b3\u3057\u3044\u6280\u8853\u8981\u4ef6\u306b\u5bfe\u5fdc\u3059\u308b\u7cbe\u5bc6\u6a5f\u68b0\u52a0\u5de5\u3092\u5c02\u9580\u3068\u3057\u3066\u3044\u307e\u3059\u3002<\/p>\n<ul>\n<li><strong>CNC\u52a0\u5de5<\/strong>\uff1a\u65cb\u76e4\u52a0\u5de5\u3001\u30d5\u30e9\u30a4\u30b9\u52a0\u5de5\u3001\u30ef\u30a4\u30e4\u30fc\u30ab\u30c3\u30c8\u3001\u7814\u524a\u52a0\u5de5\u3001\u9ad8\u7cbe\u5ea6\u5bfe\u5fdc\u3002<\/li>\n<li><strong>\u56f3\u9762\u306b\u57fa\u3065\u304f\u88fd\u9020<\/strong>\uff1a\u8a66\u4f5c\u304b\u3089\u5927\u91cf\u751f\u7523\u307e\u3067\u5bfe\u5fdc\u3002<\/li>\n<li><strong>\u52a0\u5de5\u6750\u6599<\/strong>\uff1a\u30a2\u30eb\u30df\u3001\u9244\u6750\u3001\u30b9\u30c6\u30f3\u30ec\u30b9\u3001\u9285\u3001\u30d7\u30e9\u30b9\u30c1\u30c3\u30af\u306a\u3069\u3002<\/li>\n<li><strong>\u7528\u9014<\/strong>\uff1a\u81ea\u52d5\u8eca\u90e8\u54c1\u3001\u30d0\u30a4\u30af\u90e8\u54c1\u3001\u533b\u7642\u6a5f\u5668\u3001\u534a\u5c0e\u4f53\u3001\u7523\u696d\u6a5f\u5668\u306a\u3069\u3002<\/li>\n<\/ul>\n<\/div>\n\t\t\n<style>\n#text-3459356405 {\n  text-align: left;\n}\n<\/style>\n\t<\/div>\n\t\n\t\t<\/div>\n\t\t\t\t\t<\/div>\n\n\t\n<\/div>\n<div class=\"row\"  id=\"row-880451618\">\n\n\t<div id=\"col-2081732897\" class=\"col pb-0 small-12 large-12\"  data-animate=\"blurIn\">\n\t\t\t\t<div class=\"col-inner\"  >\n\t\t\t\n\t\t\t\n<div class=\"container section-title-container\" ><h2 class=\"section-title section-title-normal\"><b><\/b><span class=\"section-title-main\" >\u935b\u9020\u30fb\u30b9\u30bf\u30f3\u30d4\u30f3\u30b0<\/span><b><\/b><\/h2><\/div>\n\t\t<\/div>\n\t\t\t\t\t<\/div>\n\n\t\n\n\t<div id=\"col-1139152655\" class=\"col medium-4 small-12 large-4\"  data-animate=\"fadeInLeft\">\n\t\t\t\t<div class=\"col-inner\"  >\n\t\t\t\n\t\t\t\n\t<div class=\"img has-hover x md-x lg-x y md-y lg-y\" id=\"image_1186578854\">\n\t\t\t\t\t\t\t\t<div class=\"img-inner image-zoom dark\" >\n\t\t\t<img loading=\"lazy\" decoding=\"async\" width=\"500\" height=\"320\" src=\"https:\/\/ancl.vn\/wp-content\/uploads\/2023\/06\/Gia-cong-Dap-nong-dap-nguoi-1.jpg\" class=\"attachment-large size-large\" alt=\"\" srcset=\"https:\/\/ancl.vn\/wp-content\/uploads\/2023\/06\/Gia-cong-Dap-nong-dap-nguoi-1.jpg 500w, https:\/\/ancl.vn\/wp-content\/uploads\/2023\/06\/Gia-cong-Dap-nong-dap-nguoi-1-300x192.jpg 300w\" sizes=\"(max-width: 500px) 100vw, 500px\" \/>\t\t\t\t\t\t\n\t\t\t\t\t<\/div>\n\t\t\t\t\t\t\t\t\n<style>\n#image_1186578854 {\n  width: 80%;\n}\n<\/style>\n\t<\/div>\n\t\n\t\t<\/div>\n\t\t\t\t\t<\/div>\n\n\t\n\n\t<div id=\"col-434539806\" class=\"col medium-8 small-12 large-8\"  data-animate=\"fadeInRight\">\n\t\t\t\t<div class=\"col-inner\"  >\n\t\t\t\n\t\t\t\n\t<div id=\"text-1386007814\" class=\"text\">\n\t\t\n<p>\u6700\u65b0\u306e\u71b1\u9593\u935b\u9020\u6280\u8853\u306b\u3088\u308a\u3001\u9ad8\u8010\u4e45\u6027\u3067\u53b3\u683c\u306a\u6280\u8853\u57fa\u6e96\u3092\u6e80\u305f\u3059\u88fd\u54c1\u3092\u63d0\u4f9b\u3057\u307e\u3059\u3002<\/p>\n<ul>\n<li><strong>\u935b\u9020\u80fd\u529b<\/strong>\uff1a160\u30c8\u30f3\uff5e630\u30c8\u30f3\u306e\u5404\u7a2e\u30d7\u30ec\u30b9\u6a5f\u3092\u4fdd\u6709\u3002<\/li>\n<li><strong>\u4f7f\u7528\u6750\u6599<\/strong>\uff1a\u70ad\u7d20\u92fc\u3001\u30b9\u30c6\u30f3\u30ec\u30b9\u92fc\u3001\u9285\u3002<\/li>\n<li><strong>\u54c1\u8cea\u7ba1\u7406\u30d7\u30ed\u30bb\u30b9<\/strong>\uff1a\u5bf8\u6cd5\u691c\u67fb\u3001\u8010\u4e45\u6027\u8a66\u9a13\u3001\u71b1\u51e6\u7406\u3002<\/li>\n<li><strong>\u7528\u9014<\/strong>\uff1a\u6a5f\u68b0\u90e8\u54c1\u3001\u81ea\u52d5\u8eca\u30fb\u30d0\u30a4\u30af\u90e8\u54c1\u3001\u7523\u696d\u6a5f\u68b0\u3001\u534a\u5c0e\u4f53\u5206\u91ce\u306a\u3069\u3002<\/li>\n<\/ul>\n\t\t\n<style>\n#text-1386007814 {\n  text-align: left;\n}\n<\/style>\n\t<\/div>\n\t\n\t\t<\/div>\n\t\t\t\t\t<\/div>\n\n\t\n<\/div>\n<div class=\"row align-middle\"  id=\"row-1222374118\">\n\n\t<div id=\"col-102874619\" class=\"col pb-0 small-12 large-12\"  data-animate=\"blurIn\">\n\t\t\t\t<div class=\"col-inner\"  >\n\t\t\t\n\t\t\t\n<div class=\"container section-title-container\" ><h2 class=\"section-title section-title-normal\"><b><\/b><span class=\"section-title-main\" >\u30a2\u30bb\u30f3\u30d6\u30ea<\/span><b><\/b><\/h2><\/div>\n\t\t<\/div>\n\t\t\t\t\t<\/div>\n\n\t\n\n\t<div id=\"col-55846052\" class=\"col medium-4 small-12 large-4\"  data-animate=\"fadeInLeft\">\n\t\t\t\t<div class=\"col-inner\"  >\n\t\t\t\n\t\t\t\n\t<div class=\"img has-hover x md-x lg-x y md-y lg-y\" id=\"image_465674383\">\n\t\t\t\t\t\t\t\t<div class=\"img-inner image-zoom image-cover dark\" style=\"padding-top:65%;\">\n\t\t\t<img loading=\"lazy\" decoding=\"async\" width=\"1020\" height=\"489\" src=\"https:\/\/ancl.vn\/wp-content\/uploads\/2025\/12\/Line-lap-rap-1024x491.jpg\" class=\"attachment-large size-large\" alt=\"\" srcset=\"https:\/\/ancl.vn\/wp-content\/uploads\/2025\/12\/Line-lap-rap-1024x491.jpg 1024w, https:\/\/ancl.vn\/wp-content\/uploads\/2025\/12\/Line-lap-rap-300x144.jpg 300w, https:\/\/ancl.vn\/wp-content\/uploads\/2025\/12\/Line-lap-rap-768x369.jpg 768w, https:\/\/ancl.vn\/wp-content\/uploads\/2025\/12\/Line-lap-rap-1536x737.jpg 1536w, https:\/\/ancl.vn\/wp-content\/uploads\/2025\/12\/Line-lap-rap.jpg 1982w\" sizes=\"(max-width: 1020px) 100vw, 1020px\" \/>\t\t\t\t\t\t\n\t\t\t\t\t<\/div>\n\t\t\t\t\t\t\t\t\n<style>\n#image_465674383 {\n  width: 80%;\n}\n<\/style>\n\t<\/div>\n\t\n\t\t<\/div>\n\t\t\t\t\t<\/div>\n\n\t\n\n\t<div id=\"col-992210243\" class=\"col medium-8 small-12 large-8\"  data-animate=\"fadeInRight\">\n\t\t\t\t<div class=\"col-inner\"  >\n\t\t\t\n\t\t\t\n\t<div id=\"text-3280717957\" class=\"text\">\n\t\t\n<p>\u304a\u5ba2\u69d8\u306e\u8981\u671b\u306b\u5fdc\u3058\u305f\u7d44\u7acb\u30b5\u30fc\u30d3\u30b9\u3092\u63d0\u4f9b\u3057\u3001\u9ad8\u54c1\u8cea\u57fa\u6e96\u3092\u78ba\u4fdd\u3057\u307e\u3059\u3002<\/p>\n<ul>\n<li><strong>OEM\uff08\u76f8\u624b\u5148\u30d6\u30e9\u30f3\u30c9\u88fd\u9020\uff09<\/strong>\uff1a\u304a\u5ba2\u69d8\u306e\u4ed5\u69d8\u306b\u57fa\u3065\u304f\u88fd\u9020\u3001\u4e00\u8cab\u6027\u3068\u9ad8\u54c1\u8cea\u3092\u4fdd\u8a3c\u3002<\/li>\n<li><strong>ODM\uff08\u76f8\u624b\u5148\u30d6\u30e9\u30f3\u30c9\u8a2d\u8a08\u88fd\u9020\uff09<\/strong>\uff1a\u304a\u5ba2\u69d8\u306e\u30b3\u30f3\u30bb\u30d7\u30c8\u306b\u57fa\u3065\u3044\u305f\u88fd\u54c1\u8a2d\u8a08\u30fb\u958b\u767a\u3092\u30b5\u30dd\u30fc\u30c8\u3002<\/li>\n<li><strong>\u54c1\u8cea\u7ba1\u7406\u57fa\u6e96<\/strong>\uff1a\u51fa\u8377\u524d\u306b100\uff05\u88fd\u54c1\u691c\u67fb\u3092\u5b9f\u65bd\u3002<\/li>\n<li><strong>\u7528\u9014<\/strong>\uff1a\u6a5f\u68b0\u90e8\u54c1\u30a2\u30bb\u30f3\u30d6\u30ea\u3001\u9867\u5ba2\u4ed5\u69d8\u306b\u57fa\u3065\u304f\u5b8c\u5168\u7d44\u7acb\u88fd\u54c1\u3002<\/li>\n<\/ul>\n\t\t\n<style>\n#text-3280717957 {\n  text-align: left;\n}\n<\/style>\n\t<\/div>\n\t\n\t\t<\/div>\n\t\t\t\t\t<\/div>\n\n\t\n<\/div>\n","protected":false},"excerpt":{"rendered":"","protected":false},"author":1,"featured_media":0,"parent":0,"menu_order":0,"comment_status":"closed","ping_status":"closed","template":"page-blank.php","meta":{"footnotes":""},"class_list":["post-966","page","type-page","status-publish","hentry"],"acf":[],"yoast_head":"<!-- This site is optimized with the Yoast SEO plugin v20.13 - https:\/\/yoast.com\/wordpress\/plugins\/seo\/ -->\n<title>\u5206\u91ce - C\u00f4ng Ty TNHH Anh Ngh\u0129a ANCL<\/title>\n<meta name=\"robots\" content=\"index, follow, max-snippet:-1, max-image-preview:large, max-video-preview:-1\" \/>\n<link rel=\"canonical\" href=\"https:\/\/ancl.vn\/ja\/field\/\" \/>\n<meta property=\"og:locale\" content=\"ja_JP\" \/>\n<meta property=\"og:type\" content=\"article\" \/>\n<meta property=\"og:title\" content=\"\u5206\u91ce - C\u00f4ng Ty TNHH Anh Ngh\u0129a ANCL\" \/>\n<meta property=\"og:url\" content=\"https:\/\/ancl.vn\/ja\/field\/\" \/>\n<meta property=\"og:site_name\" content=\"C\u00f4ng Ty TNHH Anh Ngh\u0129a ANCL\" \/>\n<meta property=\"article:modified_time\" content=\"2025-12-22T04:24:47+00:00\" \/>\n<meta name=\"twitter:card\" content=\"summary_large_image\" \/>\n<meta name=\"twitter:label1\" content=\"\u63a8\u5b9a\u8aad\u307f\u53d6\u308a\u6642\u9593\" \/>\n\t<meta name=\"twitter:data1\" content=\"1\u5206\" \/>\n<script type=\"application\/ld+json\" class=\"yoast-schema-graph\">{\"@context\":\"https:\/\/schema.org\",\"@graph\":[{\"@type\":\"WebPage\",\"@id\":\"https:\/\/ancl.vn\/ja\/field\/\",\"url\":\"https:\/\/ancl.vn\/ja\/field\/\",\"name\":\"\u5206\u91ce - C\u00f4ng Ty TNHH Anh Ngh\u0129a ANCL\",\"isPartOf\":{\"@id\":\"https:\/\/ancl.vn\/#website\"},\"datePublished\":\"2023-06-23T19:36:07+00:00\",\"dateModified\":\"2025-12-22T04:24:47+00:00\",\"breadcrumb\":{\"@id\":\"https:\/\/ancl.vn\/ja\/field\/#breadcrumb\"},\"inLanguage\":\"ja\",\"potentialAction\":[{\"@type\":\"ReadAction\",\"target\":[\"https:\/\/ancl.vn\/ja\/field\/\"]}]},{\"@type\":\"BreadcrumbList\",\"@id\":\"https:\/\/ancl.vn\/ja\/field\/#breadcrumb\",\"itemListElement\":[{\"@type\":\"ListItem\",\"position\":1,\"name\":\"Home\",\"item\":\"https:\/\/ancl.vn\/ja\/\"},{\"@type\":\"ListItem\",\"position\":2,\"name\":\"\u5206\u91ce\"}]},{\"@type\":\"WebSite\",\"@id\":\"https:\/\/ancl.vn\/#website\",\"url\":\"https:\/\/ancl.vn\/\",\"name\":\"C\u00f4ng Ty TNHH Anh Ngh\u0129a ANCL\",\"description\":\"C\u01a1 Kh\u00ed Ch\u00ednh X\u00e1c - Gia C\u00f4ng Chi Ti\u1ebft, Linh Ki\u1ec7n, Ph\u1ee5 T\u00f9ng Theo Y\u00eau C\u1ea7u\",\"potentialAction\":[{\"@type\":\"SearchAction\",\"target\":{\"@type\":\"EntryPoint\",\"urlTemplate\":\"https:\/\/ancl.vn\/?s={search_term_string}\"},\"query-input\":\"required name=search_term_string\"}],\"inLanguage\":\"ja\"}]}<\/script>\n<!-- \/ Yoast SEO plugin. -->","yoast_head_json":{"title":"\u5206\u91ce - C\u00f4ng Ty TNHH Anh Ngh\u0129a ANCL","robots":{"index":"index","follow":"follow","max-snippet":"max-snippet:-1","max-image-preview":"max-image-preview:large","max-video-preview":"max-video-preview:-1"},"canonical":"https:\/\/ancl.vn\/ja\/field\/","og_locale":"ja_JP","og_type":"article","og_title":"\u5206\u91ce - C\u00f4ng Ty TNHH Anh Ngh\u0129a ANCL","og_url":"https:\/\/ancl.vn\/ja\/field\/","og_site_name":"C\u00f4ng Ty TNHH Anh Ngh\u0129a ANCL","article_modified_time":"2025-12-22T04:24:47+00:00","twitter_card":"summary_large_image","twitter_misc":{"\u63a8\u5b9a\u8aad\u307f\u53d6\u308a\u6642\u9593":"1\u5206"},"schema":{"@context":"https:\/\/schema.org","@graph":[{"@type":"WebPage","@id":"https:\/\/ancl.vn\/ja\/field\/","url":"https:\/\/ancl.vn\/ja\/field\/","name":"\u5206\u91ce - C\u00f4ng Ty TNHH Anh Ngh\u0129a ANCL","isPartOf":{"@id":"https:\/\/ancl.vn\/#website"},"datePublished":"2023-06-23T19:36:07+00:00","dateModified":"2025-12-22T04:24:47+00:00","breadcrumb":{"@id":"https:\/\/ancl.vn\/ja\/field\/#breadcrumb"},"inLanguage":"ja","potentialAction":[{"@type":"ReadAction","target":["https:\/\/ancl.vn\/ja\/field\/"]}]},{"@type":"BreadcrumbList","@id":"https:\/\/ancl.vn\/ja\/field\/#breadcrumb","itemListElement":[{"@type":"ListItem","position":1,"name":"Home","item":"https:\/\/ancl.vn\/ja\/"},{"@type":"ListItem","position":2,"name":"\u5206\u91ce"}]},{"@type":"WebSite","@id":"https:\/\/ancl.vn\/#website","url":"https:\/\/ancl.vn\/","name":"C\u00f4ng Ty TNHH Anh Ngh\u0129a ANCL","description":"C\u01a1 Kh\u00ed Ch\u00ednh X\u00e1c - Gia C\u00f4ng Chi Ti\u1ebft, Linh Ki\u1ec7n, Ph\u1ee5 T\u00f9ng Theo Y\u00eau C\u1ea7u","potentialAction":[{"@type":"SearchAction","target":{"@type":"EntryPoint","urlTemplate":"https:\/\/ancl.vn\/?s={search_term_string}"},"query-input":"required name=search_term_string"}],"inLanguage":"ja"}]}},"_links":{"self":[{"href":"https:\/\/ancl.vn\/ja\/wp-json\/wp\/v2\/pages\/966"}],"collection":[{"href":"https:\/\/ancl.vn\/ja\/wp-json\/wp\/v2\/pages"}],"about":[{"href":"https:\/\/ancl.vn\/ja\/wp-json\/wp\/v2\/types\/page"}],"author":[{"embeddable":true,"href":"https:\/\/ancl.vn\/ja\/wp-json\/wp\/v2\/users\/1"}],"replies":[{"embeddable":true,"href":"https:\/\/ancl.vn\/ja\/wp-json\/wp\/v2\/comments?post=966"}],"version-history":[{"count":32,"href":"https:\/\/ancl.vn\/ja\/wp-json\/wp\/v2\/pages\/966\/revisions"}],"predecessor-version":[{"id":2463,"href":"https:\/\/ancl.vn\/ja\/wp-json\/wp\/v2\/pages\/966\/revisions\/2463"}],"wp:attachment":[{"href":"https:\/\/ancl.vn\/ja\/wp-json\/wp\/v2\/media?parent=966"}],"curies":[{"name":"wp","href":"https:\/\/api.w.org\/{rel}","templated":true}]}}