{"id":956,"date":"2023-06-24T02:37:14","date_gmt":"2023-06-23T19:37:14","guid":{"rendered":"https:\/\/ancl.vn\/thiet-bi-may-moc\/"},"modified":"2026-03-03T08:25:13","modified_gmt":"2026-03-03T01:25:13","slug":"equipment","status":"publish","type":"page","link":"https:\/\/ancl.vn\/ja\/equipment\/","title":{"rendered":"\u751f\u7523\u8a2d\u5099"},"content":{"rendered":"\t<section class=\"section mx_page-header\" id=\"section_193764723\">\n\t\t<div class=\"bg section-bg fill bg-fill  bg-loaded\" >\n\n\t\t\t\n\t\t\t\n\t\t\t\n\n\t\t<\/div>\n\n\t\t\n\n\t\t<div class=\"section-content relative\">\n\t\t\t\n\t<div id=\"gap-1638772228\" class=\"gap-element clearfix\" style=\"display:block; height:auto;\">\n\t\t\n<style>\n#gap-1638772228 {\n  padding-top: 30px;\n}\n<\/style>\n\t<\/div>\n\t\n\t\t<\/div>\n\n\t\t\n<style>\n#section_193764723 {\n  padding-top: 0px;\n  padding-bottom: 0px;\n}\n<\/style>\n\t<\/section>\n\t\n\t<section class=\"section\" id=\"section_1749288272\">\n\t\t<div class=\"bg section-bg fill bg-fill  bg-loaded\" >\n\n\t\t\t\n\t\t\t\n\t\t\t\n\n\t\t<\/div>\n\n\t\t\n\n\t\t<div class=\"section-content relative\">\n\t\t\t\n<div class=\"row\"  id=\"row-1584704379\">\n\n\t<div id=\"col-1286640856\" class=\"col medium-4 small-12 large-4\"  >\n\t\t\t\t<div class=\"col-inner\"  >\n\t\t\t\n\t\t\t\n\t<div class=\"img has-hover x md-x lg-x y md-y lg-y\" id=\"image_449473522\">\n\t\t\t\t\t\t\t\t<div class=\"img-inner dark\" >\n\t\t\t<img loading=\"lazy\" decoding=\"async\" width=\"600\" height=\"450\" src=\"https:\/\/ancl.vn\/wp-content\/uploads\/2023\/12\/z4951821716476_93c1bdd4371c03b1823e5b4f07958013.jpg\" class=\"attachment-large size-large\" alt=\"\" srcset=\"https:\/\/ancl.vn\/wp-content\/uploads\/2023\/12\/z4951821716476_93c1bdd4371c03b1823e5b4f07958013.jpg 600w, https:\/\/ancl.vn\/wp-content\/uploads\/2023\/12\/z4951821716476_93c1bdd4371c03b1823e5b4f07958013-300x225.jpg 300w\" sizes=\"(max-width: 600px) 100vw, 600px\" \/>\t\t\t\t\t\t\n\t\t\t\t\t<\/div>\n\t\t\t\t\t\t\t\t\n<style>\n#image_449473522 {\n  width: 100%;\n}\n<\/style>\n\t<\/div>\n\t\n\t\t<\/div>\n\t\t\t\t\t<\/div>\n\n\t\n\n\t<div id=\"col-252859379\" class=\"col medium-4 small-12 large-4\"  >\n\t\t\t\t<div class=\"col-inner\"  >\n\t\t\t\n\t\t\t\n\t<div class=\"img has-hover x md-x lg-x y md-y lg-y\" id=\"image_1321022268\">\n\t\t\t\t\t\t\t\t<div class=\"img-inner dark\" >\n\t\t\t<img loading=\"lazy\" decoding=\"async\" width=\"600\" height=\"450\" src=\"https:\/\/ancl.vn\/wp-content\/uploads\/2023\/07\/2-1.jpg\" class=\"attachment-large size-large\" alt=\"\" srcset=\"https:\/\/ancl.vn\/wp-content\/uploads\/2023\/07\/2-1.jpg 600w, https:\/\/ancl.vn\/wp-content\/uploads\/2023\/07\/2-1-300x225.jpg 300w\" sizes=\"(max-width: 600px) 100vw, 600px\" \/>\t\t\t\t\t\t\n\t\t\t\t\t<\/div>\n\t\t\t\t\t\t\t\t\n<style>\n#image_1321022268 {\n  width: 100%;\n}\n<\/style>\n\t<\/div>\n\t\n\t\t<\/div>\n\t\t\t\t\t<\/div>\n\n\t\n\n\t<div id=\"col-1200911602\" class=\"col medium-4 small-12 large-4\"  >\n\t\t\t\t<div class=\"col-inner\"  >\n\t\t\t\n\t\t\t\n\t<div class=\"img has-hover x md-x lg-x y md-y lg-y\" id=\"image_716689367\">\n\t\t\t\t\t\t\t\t<div class=\"img-inner dark\" >\n\t\t\t<img loading=\"lazy\" decoding=\"async\" width=\"596\" height=\"443\" src=\"https:\/\/ancl.vn\/wp-content\/uploads\/2023\/12\/z4951833772083_360f0d64ad8fbad6641219cbdfaeaa4d-1.jpg\" class=\"attachment-large size-large\" alt=\"\" srcset=\"https:\/\/ancl.vn\/wp-content\/uploads\/2023\/12\/z4951833772083_360f0d64ad8fbad6641219cbdfaeaa4d-1.jpg 596w, https:\/\/ancl.vn\/wp-content\/uploads\/2023\/12\/z4951833772083_360f0d64ad8fbad6641219cbdfaeaa4d-1-300x223.jpg 300w\" sizes=\"(max-width: 596px) 100vw, 596px\" \/>\t\t\t\t\t\t\n\t\t\t\t\t<\/div>\n\t\t\t\t\t\t\t\t\n<style>\n#image_716689367 {\n  width: 100%;\n}\n<\/style>\n\t<\/div>\n\t\n\t\t<\/div>\n\t\t\t\t\t<\/div>\n\n\t\n<\/div>\n<div class=\"container section-title-container\" ><h3 class=\"section-title section-title-bold\"><b><\/b><span class=\"section-title-main\" >\u6a5f\u68b0\u2022\u8a2d\u5099<\/span><b><\/b><\/h3><\/div>\n<div class=\"row row-large align-center mx_product\"  id=\"row-116306189\">\n\n\t<div id=\"col-1791161826\" class=\"col medium-6 small-12 large-5\"  data-animate=\"fadeInUp\">\n\t\t\t\t<div class=\"col-inner\"  >\n\t\t\t\n\t\t\t\n\t<div class=\"box has-hover   has-hover box-text-bottom\" >\n\n\t\t<div class=\"box-image\" style=\"width:75%;\">\n\t\t\t\t\t\t<div class=\"\" >\n\t\t\t\t<img loading=\"lazy\" decoding=\"async\" width=\"500\" height=\"450\" src=\"https:\/\/ancl.vn\/wp-content\/uploads\/2023\/06\/May-phay-5-truc-BROTHER-M140X2.jpg\" class=\"attachment- size-\" alt=\"\" srcset=\"https:\/\/ancl.vn\/wp-content\/uploads\/2023\/06\/May-phay-5-truc-BROTHER-M140X2.jpg 500w, https:\/\/ancl.vn\/wp-content\/uploads\/2023\/06\/May-phay-5-truc-BROTHER-M140X2-300x270.jpg 300w\" sizes=\"(max-width: 500px) 100vw, 500px\" \/>\t\t\t\t\t\t\t\t\t\t\t<\/div>\n\t\t\t\t\t<\/div>\n\n\t\t<div class=\"box-text text-left\" >\n\t\t\t<div class=\"box-text-inner\">\n\t\t\t\t\n<h4>5 \u8ef8\u30d5\u30e9\u30a4\u30b9\u76e4 BROTHER M140X2<\/h4>\n<ul>\n<li>\u30c8\u30e9\u30d9\u30eb X: 200mm \/ Y: 440mm \/ Z: 305mm<\/li>\n<li>\u4f5c\u696d\u30c6\u30fc\u30d6\u30eb: 1,280mm x 3,829mm<\/li>\n<li>\u4e3b\u8ef8\u901f\u5ea6: 10,000min-1<\/li>\n<\/ul>\n\t\t\t<\/div>\n\t\t<\/div>\n\t<\/div>\n\t\n\t\t<\/div>\n\t\t\t\t\t<\/div>\n\n\t\n\n\t<div id=\"col-392109884\" class=\"col medium-6 small-12 large-5\"  data-animate=\"fadeInUp\">\n\t\t\t\t<div class=\"col-inner\"  >\n\t\t\t\n\t\t\t\n\t<div class=\"box has-hover   has-hover box-text-bottom\" >\n\n\t\t<div class=\"box-image\" style=\"width:75%;\">\n\t\t\t\t\t\t<div class=\"\" >\n\t\t\t\t<img loading=\"lazy\" decoding=\"async\" width=\"500\" height=\"450\" src=\"https:\/\/ancl.vn\/wp-content\/uploads\/2023\/06\/May-phay-4-truc-OKUMA-GENOS-M460-VE-e.jpg\" class=\"attachment- size-\" alt=\"\" srcset=\"https:\/\/ancl.vn\/wp-content\/uploads\/2023\/06\/May-phay-4-truc-OKUMA-GENOS-M460-VE-e.jpg 500w, https:\/\/ancl.vn\/wp-content\/uploads\/2023\/06\/May-phay-4-truc-OKUMA-GENOS-M460-VE-e-300x270.jpg 300w\" sizes=\"(max-width: 500px) 100vw, 500px\" \/>\t\t\t\t\t\t\t\t\t\t\t<\/div>\n\t\t\t\t\t<\/div>\n\n\t\t<div class=\"box-text text-left\" >\n\t\t\t<div class=\"box-text-inner\">\n\t\t\t\t\n<h4>OKUMA GENOS M460-VE-e 4 \u8ef8\u30d5\u30e9\u30a4\u30b9\u76e4<\/h4>\n<ul>\n<li>\u30c8\u30e9\u30d9\u30eb X: 762mm \/ Y: 460mm \/ Z: 460mm<\/li>\n<li>\u4f5c\u696d\u30c6\u30fc\u30d6\u30eb: 1,000mm x 460mm<\/li>\n<li>\u4e3b\u8ef8\u901f\u5ea6: 15,000min-1<\/li>\n<\/ul>\n\t\t\t<\/div>\n\t\t<\/div>\n\t<\/div>\n\t\n\t\t<\/div>\n\t\t\t\t\t<\/div>\n\n\t\n\n\t<div id=\"col-32928027\" class=\"col medium-6 small-12 large-5\"  data-animate=\"fadeInUp\">\n\t\t\t\t<div class=\"col-inner\"  >\n\t\t\t\n\t\t\t\n\t<div class=\"box has-hover   has-hover box-text-bottom\" >\n\n\t\t<div class=\"box-image\" style=\"width:75%;\">\n\t\t\t\t\t\t<div class=\"\" >\n\t\t\t\t<img loading=\"lazy\" decoding=\"async\" width=\"500\" height=\"450\" src=\"https:\/\/ancl.vn\/wp-content\/uploads\/2023\/06\/May-tien-OKUMA-GENOS-L250II-e.jpg\" class=\"attachment- size-\" alt=\"\" srcset=\"https:\/\/ancl.vn\/wp-content\/uploads\/2023\/06\/May-tien-OKUMA-GENOS-L250II-e.jpg 500w, https:\/\/ancl.vn\/wp-content\/uploads\/2023\/06\/May-tien-OKUMA-GENOS-L250II-e-300x270.jpg 300w\" sizes=\"(max-width: 500px) 100vw, 500px\" \/>\t\t\t\t\t\t\t\t\t\t\t<\/div>\n\t\t\t\t\t<\/div>\n\n\t\t<div class=\"box-text text-left\" >\n\t\t\t<div class=\"box-text-inner\">\n\t\t\t\t\n<h4>OKUMA GENOS L250II-e \u65cb\u76e4<\/h4>\n<ul>\n<li>\u6700\u5927\u76f4\u5f84: 220mm<\/li>\n<li>\u6700\u5927\u9577\u3055: 290mm<\/li>\n<li>\u4e3b\u8ef8\u901f\u5ea6: 4,500min-1<\/li>\n<\/ul>\n\t\t\t<\/div>\n\t\t<\/div>\n\t<\/div>\n\t\n\t\t<\/div>\n\t\t\t\t\t<\/div>\n\n\t\n\n\t<div id=\"col-190971803\" class=\"col medium-6 small-12 large-5\"  data-animate=\"fadeInUp\">\n\t\t\t\t<div class=\"col-inner\"  >\n\t\t\t\n\t\t\t\n\t<div class=\"box has-hover   has-hover box-text-bottom\" >\n\n\t\t<div class=\"box-image\" style=\"width:75%;\">\n\t\t\t\t\t\t<div class=\"\" >\n\t\t\t\t<img loading=\"lazy\" decoding=\"async\" width=\"500\" height=\"450\" src=\"https:\/\/ancl.vn\/wp-content\/uploads\/2023\/06\/May-tien-OKUMA-LB3000-EX-II.jpg\" class=\"attachment- size-\" alt=\"\" srcset=\"https:\/\/ancl.vn\/wp-content\/uploads\/2023\/06\/May-tien-OKUMA-LB3000-EX-II.jpg 500w, https:\/\/ancl.vn\/wp-content\/uploads\/2023\/06\/May-tien-OKUMA-LB3000-EX-II-300x270.jpg 300w\" sizes=\"(max-width: 500px) 100vw, 500px\" \/>\t\t\t\t\t\t\t\t\t\t\t<\/div>\n\t\t\t\t\t<\/div>\n\n\t\t<div class=\"box-text text-left\" >\n\t\t\t<div class=\"box-text-inner\">\n\t\t\t\t\n<h4>OKUMA LB3000 EX II \u65cb\u76e4<\/h4>\n<ul>\n<li>\u6700\u5927\u76f4\u5f84: 410mm<\/li>\n<li>\u6700\u5927\u9577\u3055: 500mm<\/li>\n<li>\u901f\u5ea6\u7bc4\u56f2: 45~5,000min-1<\/li>\n<\/ul>\n\t\t\t<\/div>\n\t\t<\/div>\n\t<\/div>\n\t\n\t\t<\/div>\n\t\t\t\t\t<\/div>\n\n\t\n\n\t<div id=\"col-1519651973\" class=\"col medium-6 small-12 large-5\"  data-animate=\"fadeInUp\">\n\t\t\t\t<div class=\"col-inner\"  >\n\t\t\t\n\t\t\t\n\t<div class=\"box has-hover   has-hover box-text-bottom\" >\n\n\t\t<div class=\"box-image\" style=\"width:75%;\">\n\t\t\t\t\t\t<div class=\"\" >\n\t\t\t\t<img loading=\"lazy\" decoding=\"async\" width=\"506\" height=\"450\" src=\"https:\/\/ancl.vn\/wp-content\/uploads\/2023\/12\/z4951441116419_728c16319ebd0dd7af39fdbabfc6ef87-1.jpg\" class=\"attachment- size-\" alt=\"\" srcset=\"https:\/\/ancl.vn\/wp-content\/uploads\/2023\/12\/z4951441116419_728c16319ebd0dd7af39fdbabfc6ef87-1.jpg 506w, https:\/\/ancl.vn\/wp-content\/uploads\/2023\/12\/z4951441116419_728c16319ebd0dd7af39fdbabfc6ef87-1-300x267.jpg 300w\" sizes=\"(max-width: 506px) 100vw, 506px\" \/>\t\t\t\t\t\t\t\t\t\t\t<\/div>\n\t\t\t\t\t<\/div>\n\n\t\t<div class=\"box-text text-left\" >\n\t\t\t<div class=\"box-text-inner\">\n\t\t\t\t\n<h3 style=\"text-align: center;\"><strong>\u935b\u9020<\/strong><\/h3>\n\t\t\t<\/div>\n\t\t<\/div>\n\t<\/div>\n\t\n\t\t<\/div>\n\t\t\t\t\t<\/div>\n\n\t\n\n\t<div id=\"col-969857581\" class=\"col medium-6 small-12 large-5\"  data-animate=\"fadeInUp\">\n\t\t\t\t<div class=\"col-inner\"  >\n\t\t\t\n\t\t\t\n\t<div class=\"box has-hover   has-hover box-text-bottom\" >\n\n\t\t<div class=\"box-image\" style=\"width:75%;\">\n\t\t\t\t\t\t<div class=\"\" >\n\t\t\t\t<img loading=\"lazy\" decoding=\"async\" width=\"506\" height=\"450\" src=\"https:\/\/ancl.vn\/wp-content\/uploads\/2023\/12\/z4951441116519_7475cefb061c3cbd8eaf3933a8eed4ce-3.jpg\" class=\"attachment- size-\" alt=\"\" srcset=\"https:\/\/ancl.vn\/wp-content\/uploads\/2023\/12\/z4951441116519_7475cefb061c3cbd8eaf3933a8eed4ce-3.jpg 506w, https:\/\/ancl.vn\/wp-content\/uploads\/2023\/12\/z4951441116519_7475cefb061c3cbd8eaf3933a8eed4ce-3-300x267.jpg 300w\" sizes=\"(max-width: 506px) 100vw, 506px\" \/>\t\t\t\t\t\t\t\t\t\t\t<\/div>\n\t\t\t\t\t<\/div>\n\n\t\t<div class=\"box-text text-left\" >\n\t\t\t<div class=\"box-text-inner\">\n\t\t\t\t\n<h3 style=\"text-align: center;\"><strong>\u935b\u9020\u30e9\u30a4\u30f3<\/strong><\/h3>\n\t\t\t<\/div>\n\t\t<\/div>\n\t<\/div>\n\t\n\t\t<\/div>\n\t\t\t\t\t<\/div>\n\n\t\n<\/div>\n\t\t<\/div>\n\n\t\t\n<style>\n#section_1749288272 {\n  padding-top: 0px;\n  padding-bottom: 0px;\n}\n<\/style>\n\t<\/section>\n\t\n\t<section class=\"section responsive-table\" id=\"section_660833429\">\n\t\t<div class=\"bg section-bg fill bg-fill  bg-loaded\" >\n\n\t\t\t\n\t\t\t\n\t\t\t\n\n\t\t<\/div>\n\n\t\t\n\n\t\t<div class=\"section-content relative\">\n\t\t\t\n<div class=\"row align-center\"  id=\"row-1864559541\">\n\n\t<div id=\"col-1226190335\" class=\"col medium-10 small-12 large-10\"  >\n\t\t\t\t<div class=\"col-inner\"  >\n\t\t\t\n\t\t\t\n<table style=\"width: 100.578%; height: 196px;\" width=\"678\">\n<tbody>\n<tr style=\"height: 43px;\">\n<td style=\"height: 29px; width: 24.8079%; text-align: center;\" width=\"395\"><strong>\u6a5f\u68b0\u30fb\u8a2d\u5099<\/strong><\/td>\n<td style=\"height: 29px; width: 39.7662%; text-align: center;\" width=\"217\"><strong>\u30e1\uff0d\u30ab\uff0d<\/strong><\/td>\n<td style=\"height: 29px; width: 11.716%; text-align: center;\" width=\"66\"><strong>\u6570\u91cf<\/strong><\/td>\n<\/tr>\n<tr style=\"height: 21px;\">\n<td style=\"height: 10px; width: 24.8079%; text-align: center;\">\n<p>5\u8ef8CNC\u30d5\u30e9\u30a4\u30b9\u76e4<\/p>\n<\/td>\n<td style=\"height: 10px; width: 39.7662%; text-align: center;\">BROTHER<\/td>\n<td style=\"height: 10px; width: 11.716%; text-align: center;\">04<\/td>\n<\/tr>\n<tr style=\"height: 21px;\">\n<td style=\"height: 21px; width: 24.8079%; text-align: center;\">\n<p>4\u8ef8CNC\u30d5\u30e9\u30a4\u30b9\u76e4<\/p>\n<\/td>\n<td style=\"height: 21px; width: 39.7662%; text-align: center;\">OKUMA\/TAIKAN\/FANUCROBODRILL<\/td>\n<td style=\"height: 21px; width: 11.716%; text-align: center;\">35<\/td>\n<\/tr>\n<tr style=\"height: 21px;\">\n<td style=\"height: 21px; width: 24.8079%; text-align: center;\">3\u8ef8CNC\u30d5\u30e9\u30a4\u30b9\u76e4<\/td>\n<td style=\"height: 21px; width: 39.7662%; text-align: center;\">OKUMA\/FANUCROBODRILL\/DMTG<\/td>\n<td style=\"height: 21px; width: 11.716%; text-align: center;\">16<\/td>\n<\/tr>\n<tr style=\"height: 21px;\">\n<td style=\"height: 21px; width: 24.8079%; text-align: center;\">\n<p>NC\u65cb\u76e4<\/p>\n<\/td>\n<td style=\"height: 21px; width: 39.7662%; text-align: center;\">OKUMA\/HITACHI\/MORISEIKI\/MIYANO<\/td>\n<td style=\"height: 21px; width: 11.716%; text-align: center;\">71<\/td>\n<\/tr>\n<tr style=\"height: 21px;\">\n<td style=\"height: 31px; width: 24.8079%; text-align: center;\">\u935b\u9020\u30e9\u30a4\u30f3\uff1a 160FT, 250TF, 400TF, 630TF, 1000TF<\/td>\n<td style=\"height: 31px; width: 39.7662%; text-align: center;\">AIDA\/KOMATSU\/KURIMOTO<\/td>\n<td style=\"height: 31px; width: 11.716%; text-align: center;\">06<\/td>\n<\/tr>\n<tr style=\"height: 21px;\">\n<td style=\"height: 21px; width: 24.8079%; text-align: center;\">\u30b7\u30e7\u30c3\u30c8\u30d6\u30e9\u30b9\u30c8\u6a5f<\/td>\n<td style=\"height: 21px; width: 39.7662%; text-align: center;\">LEKAR<\/td>\n<td style=\"height: 21px; width: 11.716%; text-align: center;\">02<\/td>\n<\/tr>\n<tr style=\"height: 21px;\">\n<td style=\"height: 21px; width: 24.8079%; text-align: center;\">\u30ed\u30dc\u30c3\u30c8\u6eb6\u63a5\u6a5f<\/td>\n<td style=\"height: 21px; width: 39.7662%; text-align: center;\">DAIHEN<\/td>\n<td style=\"height: 21px; width: 11.716%; text-align: center;\">03<\/td>\n<\/tr>\n<tr style=\"height: 21px;\">\n<td style=\"height: 21px; width: 24.8079%; text-align: center;\">\n<p>\u5c02\u7528\u6a5f(\u5207\u65ad\u3001\u30c9\u30ea\u30eb\u3001\u7814\u524a\u76e4\uff09<\/p>\n<\/td>\n<td style=\"height: 21px; width: 39.7662%; text-align: center;\">YOSHIDA\/KONDO\/AMADA<\/td>\n<td style=\"height: 21px; width: 11.716%; text-align: center;\">26<\/td>\n<\/tr>\n<\/tbody>\n<\/table>\n\t\t<\/div>\n\t\t\t\t\t<\/div>\n\n\t\n<\/div>\n\t\t<\/div>\n\n\t\t\n<style>\n#section_660833429 {\n  padding-top: 0px;\n  padding-bottom: 0px;\n}\n<\/style>\n\t<\/section>\n\t\n","protected":false},"excerpt":{"rendered":"","protected":false},"author":1,"featured_media":0,"parent":0,"menu_order":0,"comment_status":"closed","ping_status":"closed","template":"page-blank.php","meta":{"footnotes":""},"class_list":["post-956","page","type-page","status-publish","hentry"],"acf":[],"yoast_head":"<!-- This site is optimized with the Yoast SEO plugin v20.13 - https:\/\/yoast.com\/wordpress\/plugins\/seo\/ -->\n<title>\u751f\u7523\u8a2d\u5099 - C\u00f4ng Ty TNHH Anh Ngh\u0129a ANCL<\/title>\n<meta name=\"robots\" content=\"index, follow, max-snippet:-1, max-image-preview:large, max-video-preview:-1\" \/>\n<link rel=\"canonical\" href=\"https:\/\/ancl.vn\/ja\/equipment\/\" \/>\n<meta property=\"og:locale\" content=\"ja_JP\" \/>\n<meta property=\"og:type\" content=\"article\" \/>\n<meta property=\"og:title\" content=\"\u751f\u7523\u8a2d\u5099 - C\u00f4ng Ty TNHH Anh Ngh\u0129a ANCL\" \/>\n<meta property=\"og:url\" content=\"https:\/\/ancl.vn\/ja\/equipment\/\" \/>\n<meta property=\"og:site_name\" content=\"C\u00f4ng Ty TNHH Anh Ngh\u0129a ANCL\" \/>\n<meta property=\"article:modified_time\" content=\"2026-03-03T01:25:13+00:00\" \/>\n<meta name=\"twitter:card\" content=\"summary_large_image\" \/>\n<meta name=\"twitter:label1\" content=\"\u63a8\u5b9a\u8aad\u307f\u53d6\u308a\u6642\u9593\" \/>\n\t<meta name=\"twitter:data1\" content=\"2\u5206\" \/>\n<script type=\"application\/ld+json\" class=\"yoast-schema-graph\">{\"@context\":\"https:\/\/schema.org\",\"@graph\":[{\"@type\":\"WebPage\",\"@id\":\"https:\/\/ancl.vn\/ja\/equipment\/\",\"url\":\"https:\/\/ancl.vn\/ja\/equipment\/\",\"name\":\"\u751f\u7523\u8a2d\u5099 - C\u00f4ng Ty TNHH Anh Ngh\u0129a ANCL\",\"isPartOf\":{\"@id\":\"https:\/\/ancl.vn\/#website\"},\"datePublished\":\"2023-06-23T19:37:14+00:00\",\"dateModified\":\"2026-03-03T01:25:13+00:00\",\"breadcrumb\":{\"@id\":\"https:\/\/ancl.vn\/ja\/equipment\/#breadcrumb\"},\"inLanguage\":\"ja\",\"potentialAction\":[{\"@type\":\"ReadAction\",\"target\":[\"https:\/\/ancl.vn\/ja\/equipment\/\"]}]},{\"@type\":\"BreadcrumbList\",\"@id\":\"https:\/\/ancl.vn\/ja\/equipment\/#breadcrumb\",\"itemListElement\":[{\"@type\":\"ListItem\",\"position\":1,\"name\":\"Home\",\"item\":\"https:\/\/ancl.vn\/ja\/\"},{\"@type\":\"ListItem\",\"position\":2,\"name\":\"\u751f\u7523\u8a2d\u5099\"}]},{\"@type\":\"WebSite\",\"@id\":\"https:\/\/ancl.vn\/#website\",\"url\":\"https:\/\/ancl.vn\/\",\"name\":\"C\u00f4ng Ty TNHH Anh Ngh\u0129a ANCL\",\"description\":\"C\u01a1 Kh\u00ed Ch\u00ednh X\u00e1c - Gia C\u00f4ng Chi Ti\u1ebft, Linh Ki\u1ec7n, Ph\u1ee5 T\u00f9ng Theo Y\u00eau C\u1ea7u\",\"potentialAction\":[{\"@type\":\"SearchAction\",\"target\":{\"@type\":\"EntryPoint\",\"urlTemplate\":\"https:\/\/ancl.vn\/?s={search_term_string}\"},\"query-input\":\"required name=search_term_string\"}],\"inLanguage\":\"ja\"}]}<\/script>\n<!-- \/ Yoast SEO plugin. -->","yoast_head_json":{"title":"\u751f\u7523\u8a2d\u5099 - C\u00f4ng Ty TNHH Anh Ngh\u0129a ANCL","robots":{"index":"index","follow":"follow","max-snippet":"max-snippet:-1","max-image-preview":"max-image-preview:large","max-video-preview":"max-video-preview:-1"},"canonical":"https:\/\/ancl.vn\/ja\/equipment\/","og_locale":"ja_JP","og_type":"article","og_title":"\u751f\u7523\u8a2d\u5099 - C\u00f4ng Ty TNHH Anh Ngh\u0129a ANCL","og_url":"https:\/\/ancl.vn\/ja\/equipment\/","og_site_name":"C\u00f4ng Ty TNHH Anh Ngh\u0129a ANCL","article_modified_time":"2026-03-03T01:25:13+00:00","twitter_card":"summary_large_image","twitter_misc":{"\u63a8\u5b9a\u8aad\u307f\u53d6\u308a\u6642\u9593":"2\u5206"},"schema":{"@context":"https:\/\/schema.org","@graph":[{"@type":"WebPage","@id":"https:\/\/ancl.vn\/ja\/equipment\/","url":"https:\/\/ancl.vn\/ja\/equipment\/","name":"\u751f\u7523\u8a2d\u5099 - C\u00f4ng Ty TNHH Anh Ngh\u0129a ANCL","isPartOf":{"@id":"https:\/\/ancl.vn\/#website"},"datePublished":"2023-06-23T19:37:14+00:00","dateModified":"2026-03-03T01:25:13+00:00","breadcrumb":{"@id":"https:\/\/ancl.vn\/ja\/equipment\/#breadcrumb"},"inLanguage":"ja","potentialAction":[{"@type":"ReadAction","target":["https:\/\/ancl.vn\/ja\/equipment\/"]}]},{"@type":"BreadcrumbList","@id":"https:\/\/ancl.vn\/ja\/equipment\/#breadcrumb","itemListElement":[{"@type":"ListItem","position":1,"name":"Home","item":"https:\/\/ancl.vn\/ja\/"},{"@type":"ListItem","position":2,"name":"\u751f\u7523\u8a2d\u5099"}]},{"@type":"WebSite","@id":"https:\/\/ancl.vn\/#website","url":"https:\/\/ancl.vn\/","name":"C\u00f4ng Ty TNHH Anh Ngh\u0129a ANCL","description":"C\u01a1 Kh\u00ed Ch\u00ednh X\u00e1c - Gia C\u00f4ng Chi Ti\u1ebft, Linh Ki\u1ec7n, Ph\u1ee5 T\u00f9ng Theo Y\u00eau C\u1ea7u","potentialAction":[{"@type":"SearchAction","target":{"@type":"EntryPoint","urlTemplate":"https:\/\/ancl.vn\/?s={search_term_string}"},"query-input":"required name=search_term_string"}],"inLanguage":"ja"}]}},"_links":{"self":[{"href":"https:\/\/ancl.vn\/ja\/wp-json\/wp\/v2\/pages\/956"}],"collection":[{"href":"https:\/\/ancl.vn\/ja\/wp-json\/wp\/v2\/pages"}],"about":[{"href":"https:\/\/ancl.vn\/ja\/wp-json\/wp\/v2\/types\/page"}],"author":[{"embeddable":true,"href":"https:\/\/ancl.vn\/ja\/wp-json\/wp\/v2\/users\/1"}],"replies":[{"embeddable":true,"href":"https:\/\/ancl.vn\/ja\/wp-json\/wp\/v2\/comments?post=956"}],"version-history":[{"count":30,"href":"https:\/\/ancl.vn\/ja\/wp-json\/wp\/v2\/pages\/956\/revisions"}],"predecessor-version":[{"id":2477,"href":"https:\/\/ancl.vn\/ja\/wp-json\/wp\/v2\/pages\/956\/revisions\/2477"}],"wp:attachment":[{"href":"https:\/\/ancl.vn\/ja\/wp-json\/wp\/v2\/media?parent=956"}],"curies":[{"name":"wp","href":"https:\/\/api.w.org\/{rel}","templated":true}]}}