{"id":954,"date":"2023-06-24T02:37:23","date_gmt":"2023-06-23T19:37:23","guid":{"rendered":"https:\/\/ancl.vn\/chat-luong\/"},"modified":"2025-10-31T09:26:32","modified_gmt":"2025-10-31T02:26:32","slug":"quality","status":"publish","type":"page","link":"https:\/\/ancl.vn\/ja\/quality\/","title":{"rendered":"\u54c1\u8cea"},"content":{"rendered":"\t<section class=\"section mx_page-header\" id=\"section_1377738252\">\n\t\t<div class=\"bg section-bg fill bg-fill  bg-loaded\" >\n\n\t\t\t\n\t\t\t\n\t\t\t\n\n\t\t<\/div>\n\n\t\t\n\n\t\t<div class=\"section-content relative\">\n\t\t\t\n\t<div id=\"gap-1584056142\" class=\"gap-element clearfix\" style=\"display:block; height:auto;\">\n\t\t\n<style>\n#gap-1584056142 {\n  padding-top: 30px;\n}\n<\/style>\n\t<\/div>\n\t\n\t\t<\/div>\n\n\t\t\n<style>\n#section_1377738252 {\n  padding-top: 0px;\n  padding-bottom: 0px;\n}\n<\/style>\n\t<\/section>\n\t\n\t<section class=\"section\" id=\"section_1389494823\">\n\t\t<div class=\"bg section-bg fill bg-fill  bg-loaded\" >\n\n\t\t\t\n\t\t\t\n\t\t\t\n\n\t\t<\/div>\n\n\t\t\n\n\t\t<div class=\"section-content relative\">\n\t\t\t\n<div class=\"row\"  id=\"row-15384987\">\n\n\t<div id=\"col-237162691\" class=\"col medium-6 small-12 large-6\"  >\n\t\t\t\t<div class=\"col-inner\"  >\n\t\t\t\n\t\t\t\n\t<div class=\"img has-hover x md-x lg-x y md-y lg-y\" id=\"image_945765324\">\n\t\t\t\t\t\t\t\t<div class=\"img-inner image-cover dark\" style=\"padding-top:56.25%;\">\n\t\t\t<img loading=\"lazy\" decoding=\"async\" width=\"1020\" height=\"707\" src=\"https:\/\/ancl.vn\/wp-content\/uploads\/2024\/04\/z5291640633263_61382d45226f051960608f3d7b1c7257-1024x710.jpg\" class=\"attachment-large size-large\" alt=\"\" srcset=\"https:\/\/ancl.vn\/wp-content\/uploads\/2024\/04\/z5291640633263_61382d45226f051960608f3d7b1c7257-1024x710.jpg 1024w, https:\/\/ancl.vn\/wp-content\/uploads\/2024\/04\/z5291640633263_61382d45226f051960608f3d7b1c7257-300x208.jpg 300w, https:\/\/ancl.vn\/wp-content\/uploads\/2024\/04\/z5291640633263_61382d45226f051960608f3d7b1c7257-768x533.jpg 768w, https:\/\/ancl.vn\/wp-content\/uploads\/2024\/04\/z5291640633263_61382d45226f051960608f3d7b1c7257-1536x1065.jpg 1536w, https:\/\/ancl.vn\/wp-content\/uploads\/2024\/04\/z5291640633263_61382d45226f051960608f3d7b1c7257-2048x1420.jpg 2048w\" sizes=\"(max-width: 1020px) 100vw, 1020px\" \/>\t\t\t\t\t\t\n\t\t\t\t\t<\/div>\n\t\t\t\t\t\t\t\t\n<style>\n#image_945765324 {\n  width: 100%;\n}\n<\/style>\n\t<\/div>\n\t\n\t\t<\/div>\n\t\t\t\t\t<\/div>\n\n\t\n\n\t<div id=\"col-490240300\" class=\"col medium-6 small-12 large-6\"  >\n\t\t\t\t<div class=\"col-inner\"  >\n\t\t\t\n\t\t\t\n\t<div class=\"img has-hover x md-x lg-x y md-y lg-y\" id=\"image_1961170260\">\n\t\t\t\t\t\t\t\t<div class=\"img-inner image-cover dark\" style=\"padding-top:56.25%;\">\n\t\t\t<img loading=\"lazy\" decoding=\"async\" width=\"1020\" height=\"765\" src=\"https:\/\/ancl.vn\/wp-content\/uploads\/2025\/10\/4-1024x768.jpg\" class=\"attachment-large size-large\" alt=\"\" srcset=\"https:\/\/ancl.vn\/wp-content\/uploads\/2025\/10\/4-1024x768.jpg 1024w, https:\/\/ancl.vn\/wp-content\/uploads\/2025\/10\/4-300x225.jpg 300w, https:\/\/ancl.vn\/wp-content\/uploads\/2025\/10\/4-768x576.jpg 768w, https:\/\/ancl.vn\/wp-content\/uploads\/2025\/10\/4-1536x1152.jpg 1536w, https:\/\/ancl.vn\/wp-content\/uploads\/2025\/10\/4-2048x1536.jpg 2048w\" sizes=\"(max-width: 1020px) 100vw, 1020px\" \/>\t\t\t\t\t\t\n\t\t\t\t\t<\/div>\n\t\t\t\t\t\t\t\t\n<style>\n#image_1961170260 {\n  width: 100%;\n}\n<\/style>\n\t<\/div>\n\t\n\t\t<\/div>\n\t\t\t\t\t<\/div>\n\n\t\n<\/div>\n<div class=\"container section-title-container\" ><h3 class=\"section-title section-title-bold\"><b><\/b><span class=\"section-title-main\" >ANCL\u306e\u54c1\u8cea\u65b9\u91dd<\/span><b><\/b><\/h3><\/div>\n<div class=\"row align-middle\"  id=\"row-1706843048\">\n\n\t<div id=\"col-1687166766\" class=\"col medium-7 small-12 large-7\"  >\n\t\t\t\t<div class=\"col-inner\"  >\n\t\t\t\n\t\t\t\n<p>\u300c\u300c\u54c1\u8cea\u7b2c\u4e00\u3001\u9867\u5ba2\u7b2c\u4e00\u300d\u3092\u30e2\u30c3\u30c8\u30fc\u306b\u3001\u5f53\u793e\u306f\u6b21\u306e\u3053\u3068\u306b\u30b3\u30df\u30c3\u30c8\u30e1\u30f3\u30c8\u3057\u3066\u3044\u307e\u3059\u3002<\/p>\n<ul>\n<li>\u9ad8\u54c1\u8cea\u306a\u88fd\u54c1\u3092\u63d0\u4f9b\u3059\u308b\u3053\u3068\u3068\u7d0d\u671f\u3092\u5b88\u308b\u3053\u3068\u3067\u3059\u3002<\/li>\n<li>\u9867\u5ba2\u306e\u30d5\u30a3\u30fc\u30c9\u30d0\u30c3\u30af\u306b\u8033\u3092\u50be\u3051\u3001\u5438\u53ce\u3057\u307e\u3059\u3002<\/li>\n<li>\u9867\u5ba2\u306e\u8981\u6c42\u3092\u6e80\u305f\u3059\u305f\u3081\u306b\u54c1\u8cea\u3092\u7d99\u7d9a\u7684\u306b\u6539\u5584\u3057\u307e\u3059\u3002<\/li>\n<li>\u5168\u5f93\u696d\u54e1\u306b\u4e0a\u8a18\u65b9\u91dd\u3092\u7406\u89e3\u3055\u305b\u308b\u3088\u3046\u6559\u80b2\u3057\u307e\u3059\u3002<\/li>\n<\/ul>\n\t\t<\/div>\n\t\t\t\t\t<\/div>\n\n\t\n\n\t<div id=\"col-551019704\" class=\"col medium-5 small-12 large-5\"  >\n\t\t\t\t<div class=\"col-inner\"  >\n\t\t\t\n\t\t\t\n\t<div class=\"img has-hover x md-x lg-x y md-y lg-y\" id=\"image_2131143865\">\n\t\t\t\t\t\t\t\t<div class=\"img-inner dark\" >\n\t\t\t<img loading=\"lazy\" decoding=\"async\" width=\"1020\" height=\"393\" src=\"https:\/\/ancl.vn\/wp-content\/uploads\/2023\/06\/iso2015-1024x395-1.png\" class=\"attachment-large size-large\" alt=\"\" srcset=\"https:\/\/ancl.vn\/wp-content\/uploads\/2023\/06\/iso2015-1024x395-1.png 1024w, https:\/\/ancl.vn\/wp-content\/uploads\/2023\/06\/iso2015-1024x395-1-300x116.png 300w, https:\/\/ancl.vn\/wp-content\/uploads\/2023\/06\/iso2015-1024x395-1-768x296.png 768w\" sizes=\"(max-width: 1020px) 100vw, 1020px\" \/>\t\t\t\t\t\t\n\t\t\t\t\t<\/div>\n\t\t\t\t\t\t\t\t\n<style>\n#image_2131143865 {\n  width: 100%;\n}\n<\/style>\n\t<\/div>\n\t\n\t\t<\/div>\n\t\t\t\t\t<\/div>\n\n\t\n<\/div>\n\t\t<\/div>\n\n\t\t\n<style>\n#section_1389494823 {\n  padding-top: 0px;\n  padding-bottom: 0px;\n}\n<\/style>\n\t<\/section>\n\t\n\t<section class=\"section\" id=\"section_1650324663\">\n\t\t<div class=\"bg section-bg fill bg-fill  bg-loaded\" >\n\n\t\t\t\n\t\t\t\n\t\t\t\n\n\t\t<\/div>\n\n\t\t\n\n\t\t<div class=\"section-content relative\">\n\t\t\t\n<div class=\"container section-title-container\" ><h3 class=\"section-title section-title-bold\"><b><\/b><span class=\"section-title-main\" >\u691c\u67fb\u8a2d\u5099<\/span><b><\/b><\/h3><\/div>\n<div class=\"row row-large align-center mx_product\"  id=\"row-1810355755\">\n\n\t<div id=\"col-1923293948\" class=\"col medium-5 small-12 large-5\"  data-animate=\"fadeInUp\">\n\t\t\t\t<div class=\"col-inner\"  >\n\t\t\t\n\t\t\t\n\t<div class=\"box has-hover   has-hover box-text-bottom\" >\n\n\t\t<div class=\"box-image\" style=\"width:75%;\">\n\t\t\t\t\t\t<div class=\"\" >\n\t\t\t\t<img loading=\"lazy\" decoding=\"async\" width=\"500\" height=\"450\" src=\"https:\/\/ancl.vn\/wp-content\/uploads\/2023\/06\/MAY-DO-3D-MITUTOYO-CRYSTA-Apex-V574-CNC-CMM.jpg\" class=\"attachment- size-\" alt=\"\" srcset=\"https:\/\/ancl.vn\/wp-content\/uploads\/2023\/06\/MAY-DO-3D-MITUTOYO-CRYSTA-Apex-V574-CNC-CMM.jpg 500w, https:\/\/ancl.vn\/wp-content\/uploads\/2023\/06\/MAY-DO-3D-MITUTOYO-CRYSTA-Apex-V574-CNC-CMM-300x270.jpg 300w\" sizes=\"(max-width: 500px) 100vw, 500px\" \/>\t\t\t\t\t\t\t\t\t\t\t<\/div>\n\t\t\t\t\t<\/div>\n\n\t\t<div class=\"box-text text-left\" >\n\t\t\t<div class=\"box-text-inner\">\n\t\t\t\t\n<h4>3D \u30df\u30c4\u30c8\u30e8 CRYSTA-Apex V574 CNC CMM<\/h4>\n<ul>\n<li>\u6e2c\u5b9a\u7bc4\u56f2 X: 500mm \/ Y: 700mm \/ Z: 400mm<\/li>\n<li>\u7cbe\u5ea6: E0\u3001MPE \u304b\u3089: (1.7+0.3L\/100) \u00b5m<\/li>\n<\/ul>\n\t\t\t<\/div>\n\t\t<\/div>\n\t<\/div>\n\t\n\t\t<\/div>\n\t\t\t\t\t<\/div>\n\n\t\n\n\t<div id=\"col-427545840\" class=\"col medium-5 small-12 large-5\"  data-animate=\"fadeInUp\">\n\t\t\t\t<div class=\"col-inner\"  >\n\t\t\t\n\t\t\t\n\t<div class=\"box has-hover   has-hover box-text-bottom\" >\n\n\t\t<div class=\"box-image\" style=\"width:75%;\">\n\t\t\t\t\t\t<div class=\"\" >\n\t\t\t\t<img loading=\"lazy\" decoding=\"async\" width=\"500\" height=\"450\" src=\"https:\/\/ancl.vn\/wp-content\/uploads\/2023\/06\/MAY-DO-3D-ACCRTECH-CNC-MJU-NEX.jpg\" class=\"attachment- size-\" alt=\"\" srcset=\"https:\/\/ancl.vn\/wp-content\/uploads\/2023\/06\/MAY-DO-3D-ACCRTECH-CNC-MJU-NEX.jpg 500w, https:\/\/ancl.vn\/wp-content\/uploads\/2023\/06\/MAY-DO-3D-ACCRTECH-CNC-MJU-NEX-300x270.jpg 300w\" sizes=\"(max-width: 500px) 100vw, 500px\" \/>\t\t\t\t\t\t\t\t\t\t\t<\/div>\n\t\t\t\t\t<\/div>\n\n\t\t<div class=\"box-text text-left\" >\n\t\t\t<div class=\"box-text-inner\">\n\t\t\t\t\n<h4>3D ACCRTECH CNC MJU NEX 5\/8\/4-C6 \u30e1\u30fc\u30bf\u30fc<\/h4>\n<ul>\n<li>\u6e2c\u5b9a\u7bc4\u56f2 X: 510mm \/ Y: 760mm \/ Z: 410mm<\/li>\n<li>\u7cbe\u5ea6: E0\u3001MPE \u304b\u3089: (2.7+L\/250) \u03bcm<\/li>\n<\/ul>\n\t\t\t<\/div>\n\t\t<\/div>\n\t<\/div>\n\t\n\t\t<\/div>\n\t\t\t\t\t<\/div>\n\n\t\n\n\t<div id=\"col-2054943508\" class=\"col medium-5 small-12 large-5\"  data-animate=\"fadeInUp\">\n\t\t\t\t<div class=\"col-inner\"  >\n\t\t\t\n\t\t\t\n\t<div class=\"box has-hover   has-hover box-text-bottom\" >\n\n\t\t<div class=\"box-image\" style=\"width:75%;\">\n\t\t\t\t\t\t<div class=\"\" >\n\t\t\t\t<img loading=\"lazy\" decoding=\"async\" width=\"500\" height=\"450\" src=\"https:\/\/ancl.vn\/wp-content\/uploads\/2023\/06\/MAY-DO-BIEN-DANG-MITUTOYO-CONTRACER-CV-2100.jpg\" class=\"attachment- size-\" alt=\"\" srcset=\"https:\/\/ancl.vn\/wp-content\/uploads\/2023\/06\/MAY-DO-BIEN-DANG-MITUTOYO-CONTRACER-CV-2100.jpg 500w, https:\/\/ancl.vn\/wp-content\/uploads\/2023\/06\/MAY-DO-BIEN-DANG-MITUTOYO-CONTRACER-CV-2100-300x270.jpg 300w\" sizes=\"(max-width: 500px) 100vw, 500px\" \/>\t\t\t\t\t\t\t\t\t\t\t<\/div>\n\t\t\t\t\t<\/div>\n\n\t\t<div class=\"box-text text-left\" >\n\t\t\t<div class=\"box-text-inner\">\n\t\t\t\t\n<h4>\u30df\u30c4\u30c8\u30e8 \u30b3\u30f3\u30c8\u30ec\u30fc\u30b5\u30fc CV-2100 \u30b3\u30f3\u30c8\u30ec\u30fc\u30b5\u30fc<\/h4>\n<ul>\n<li>\u6e2c\u5b9a\u7bc4\u56f2 X: 4*(100mm) \/ Z: 2*(50mm)<\/li>\n<li>X \u7cbe\u5ea6: \u00b1 (2.5+0.02L) m<\/li>\n<li>Z \u7cbe\u5ea6: \u00b1 (2.5+0.1H) m<\/li>\n<\/ul>\n\t\t\t<\/div>\n\t\t<\/div>\n\t<\/div>\n\t\n\t\t<\/div>\n\t\t\t\t\t<\/div>\n\n\t\n\n\t<div id=\"col-1415130307\" class=\"col medium-5 small-12 large-5\"  data-animate=\"fadeInUp\">\n\t\t\t\t<div class=\"col-inner\"  >\n\t\t\t\n\t\t\t\n\t<div class=\"box has-hover   has-hover box-text-bottom\" >\n\n\t\t<div class=\"box-image\" style=\"width:75%;\">\n\t\t\t\t\t\t<div class=\"\" >\n\t\t\t\t<img loading=\"lazy\" decoding=\"async\" width=\"500\" height=\"450\" src=\"https:\/\/ancl.vn\/wp-content\/uploads\/2023\/06\/MAY-DO-BIEN-DANG-ACCRTECH-CONTOURECORD-1600G-12.jpg\" class=\"attachment- size-\" alt=\"\" srcset=\"https:\/\/ancl.vn\/wp-content\/uploads\/2023\/06\/MAY-DO-BIEN-DANG-ACCRTECH-CONTOURECORD-1600G-12.jpg 500w, https:\/\/ancl.vn\/wp-content\/uploads\/2023\/06\/MAY-DO-BIEN-DANG-ACCRTECH-CONTOURECORD-1600G-12-300x270.jpg 300w\" sizes=\"(max-width: 500px) 100vw, 500px\" \/>\t\t\t\t\t\t\t\t\t\t\t<\/div>\n\t\t\t\t\t<\/div>\n\n\t\t<div class=\"box-text text-left\" >\n\t\t\t<div class=\"box-text-inner\">\n\t\t\t\t\n<h4>ACCRTECH CONTOURECORD 1600G-12 \u4fdd\u8b77\u30e1\u30fc\u30bf\u30fc<\/h4>\n<ul>\n<li>\u6e2c\u5b9a\u7bc4\u56f2 X: 100mm \/ Z: 50mm<\/li>\n<li>X \u7cbe\u5ea6: \u00b11.0 + [2L \/ 100] m<\/li>\n<li>Z \u7cbe\u5ea6: \u00b14.5 m \/ 50 mm \u306e\u7bc4\u56f2<\/li>\n<\/ul>\n\t\t\t<\/div>\n\t\t<\/div>\n\t<\/div>\n\t\n\t\t<\/div>\n\t\t\t\t\t<\/div>\n\n\t\n\n\t<div id=\"col-672198139\" class=\"col medium-5 small-12 large-5\"  data-animate=\"fadeInUp\">\n\t\t\t\t<div class=\"col-inner\"  >\n\t\t\t\n\t\t\t\n\t<div class=\"box has-hover   has-hover box-text-bottom\" >\n\n\t\t<div class=\"box-image\" style=\"width:75%;\">\n\t\t\t\t\t\t<div class=\"\" >\n\t\t\t\t<img loading=\"lazy\" decoding=\"async\" width=\"500\" height=\"450\" src=\"https:\/\/ancl.vn\/wp-content\/uploads\/2023\/06\/MAY-DO-DO-NHAM-MITUTOYO-SURFTEST-SJ-410.jpg\" class=\"attachment- size-\" alt=\"\" srcset=\"https:\/\/ancl.vn\/wp-content\/uploads\/2023\/06\/MAY-DO-DO-NHAM-MITUTOYO-SURFTEST-SJ-410.jpg 500w, https:\/\/ancl.vn\/wp-content\/uploads\/2023\/06\/MAY-DO-DO-NHAM-MITUTOYO-SURFTEST-SJ-410-300x270.jpg 300w\" sizes=\"(max-width: 500px) 100vw, 500px\" \/>\t\t\t\t\t\t\t\t\t\t\t<\/div>\n\t\t\t\t\t<\/div>\n\n\t\t<div class=\"box-text text-left\" >\n\t\t\t<div class=\"box-text-inner\">\n\t\t\t\t\n<h4>\u30e9\u30f3\u30c7\u30a3\u30e1\u30fc\u30bf\u30fc \u30df\u30c4\u30c8\u30e8 \u30b5\u30fc\u30d5\u30c6\u30b9\u30c8 SJ-410<\/h4>\n<ul>\n<li>\u6e2c\u5b9a\u7bc4\u56f2: 800\u03bcm<\/li>\n<li>\u89e3\u50cf\u5ea6: 0.000125\u03bcm (8\u03bcm \u30ec\u30f3\u30b8\u3067)<\/li>\n<li>\u76f4\u7dda\u7cbe\u5ea6: 0.5\u03bcm\/50mm<\/li>\n<\/ul>\n\t\t\t<\/div>\n\t\t<\/div>\n\t<\/div>\n\t\n\t\t<\/div>\n\t\t\t\t\t<\/div>\n\n\t\n\n\t<div id=\"col-436168710\" class=\"col medium-5 small-12 large-5\"  data-animate=\"fadeInUp\">\n\t\t\t\t<div class=\"col-inner\"  >\n\t\t\t\n\t\t\t\n\t<div class=\"box has-hover   has-hover box-text-bottom\" >\n\n\t\t<div class=\"box-image\" style=\"width:75%;\">\n\t\t\t\t\t\t<div class=\"\" >\n\t\t\t\t<img loading=\"lazy\" decoding=\"async\" width=\"500\" height=\"450\" src=\"https:\/\/ancl.vn\/wp-content\/uploads\/2023\/06\/MAY-DO-DO-NHAM-ACCRTECH-SURFCOM-TOUCH-50.jpg\" class=\"attachment- size-\" alt=\"\" srcset=\"https:\/\/ancl.vn\/wp-content\/uploads\/2023\/06\/MAY-DO-DO-NHAM-ACCRTECH-SURFCOM-TOUCH-50.jpg 500w, https:\/\/ancl.vn\/wp-content\/uploads\/2023\/06\/MAY-DO-DO-NHAM-ACCRTECH-SURFCOM-TOUCH-50-300x270.jpg 300w\" sizes=\"(max-width: 500px) 100vw, 500px\" \/>\t\t\t\t\t\t\t\t\t\t\t<\/div>\n\t\t\t\t\t<\/div>\n\n\t\t<div class=\"box-text text-left\" >\n\t\t\t<div class=\"box-text-inner\">\n\t\t\t\t\n<h4>ACCRTECH SURFCOM TOUCH 50 RANDY \u30e1\u30fc\u30bf\u30fc<\/h4>\n<ul>\n<li>\u6e2c\u5b9a\u7bc4\u56f2: 800 ~ 1,000\u03bcm<\/li>\n<li>\u89e3\u50cf\u5ea6: 0.0001\u03bcm \u5206<\/li>\n<li>\u76f4\u7dda\u7cbe\u5ea6: 0.3\u03bcm\/50mm<\/li>\n<\/ul>\n\t\t\t<\/div>\n\t\t<\/div>\n\t<\/div>\n\t\n\t\t<\/div>\n\t\t\t\t\t<\/div>\n\n\t\n<\/div>\n\t\t<\/div>\n\n\t\t\n<style>\n#section_1650324663 {\n  padding-top: 0px;\n  padding-bottom: 0px;\n}\n<\/style>\n\t<\/section>\n\t\n\t<section class=\"section responsive-table\" id=\"section_2100294098\">\n\t\t<div class=\"bg section-bg fill bg-fill  bg-loaded\" >\n\n\t\t\t\n\t\t\t\n\t\t\t\n\n\t\t<\/div>\n\n\t\t\n\n\t\t<div class=\"section-content relative\">\n\t\t\t\n<div class=\"row align-center\"  id=\"row-1709852101\">\n\n\t<div id=\"col-1171524255\" class=\"col medium-9 small-12 large-9\"  >\n\t\t\t\t<div class=\"col-inner\"  >\n\t\t\t\n\t\t\t\n<table style=\"width: 97.129%; height: 147px;\">\n<tbody>\n<tr style=\"height: 21px;\">\n<td style=\"height: 21px;\" width=\"203\"><strong>\u691c\u67fb\u8a2d\u5099<\/strong><\/td>\n<td style=\"height: 21px;\" width=\"182\"><strong>\u30e1\u30fc\u30ab\u30fc<\/strong><\/td>\n<td style=\"height: 21px;\" width=\"110\"><strong>\u53f0 \u6570<\/strong><\/td>\n<\/tr>\n<tr style=\"height: 21px;\">\n<td style=\"height: 21px;\">\u4e09\u6b21\u5143\u5ea7\u6a19\u6e2c\u5b9a\u6a5f<\/td>\n<td style=\"height: 21px;\">\u30df\u30c4\u30c8\u30e8\/ACCRTECH<\/td>\n<td style=\"height: 21px;\">03<\/td>\n<\/tr>\n<tr style=\"height: 21px;\">\n<td style=\"height: 21px;\">\u8f2a\u90ed\u5f62\u72b6\u6e2c\u5b9a\u6a5f<\/td>\n<td style=\"height: 21px;\">\u30df\u30c4\u30c8\u30e8\/ACCRTECH<\/td>\n<td style=\"height: 21px;\">02<\/td>\n<\/tr>\n<tr style=\"height: 21px;\">\n<td style=\"height: 21px;\">\u7c97\u3055\u6e2c\u5b9a\u6a5f<\/td>\n<td style=\"height: 21px;\">\u30df\u30c4\u30c8\u30e8\/ACCRTECH<\/td>\n<td style=\"height: 21px;\">02<\/td>\n<\/tr>\n<tr style=\"height: 21px;\">\n<td style=\"height: 21px;\">\u786c\u5ea6\u6e2c\u5b9a\u6a5f<\/td>\n<td style=\"height: 21px;\">\u30a6\u30a7\u30a4\u30a4\u30fc<\/td>\n<td style=\"height: 21px;\">01<\/td>\n<\/tr>\n<tr style=\"height: 21px;\">\n<td style=\"height: 21px;\">\u5869\u6c34\u5674\u9727\u8a66\u9a13\u6a5f<\/td>\n<td style=\"height: 21px;\">\u30b3\u30e0\u30c6\u30c3\u30af<\/td>\n<td style=\"height: 21px;\">01<\/td>\n<\/tr>\n<tr style=\"height: 21px;\">\n<td style=\"height: 21px;\">\u9855\u5fae\u93e1<\/td>\n<td style=\"height: 21px;\">\u30cb\u30b3\u30f3<\/td>\n<td style=\"height: 21px;\">02<\/td>\n<\/tr>\n<\/tbody>\n<\/table>\n<p style=\"text-align: right;\">2023\u5e74 6\u6708\u73fe\u5728<\/p>\n\t\t<\/div>\n\t\t\t\t\t<\/div>\n\n\t\n<\/div>\n\t\t<\/div>\n\n\t\t\n<style>\n#section_2100294098 {\n  padding-top: 0px;\n  padding-bottom: 0px;\n}\n<\/style>\n\t<\/section>\n\t\n","protected":false},"excerpt":{"rendered":"","protected":false},"author":1,"featured_media":0,"parent":0,"menu_order":0,"comment_status":"closed","ping_status":"closed","template":"page-blank.php","meta":{"footnotes":""},"class_list":["post-954","page","type-page","status-publish","hentry"],"acf":[],"yoast_head":"<!-- This site is optimized with the Yoast SEO plugin v20.13 - https:\/\/yoast.com\/wordpress\/plugins\/seo\/ -->\n<title>\u54c1\u8cea - C\u00f4ng Ty TNHH Anh Ngh\u0129a ANCL<\/title>\n<meta name=\"robots\" content=\"index, follow, max-snippet:-1, max-image-preview:large, max-video-preview:-1\" \/>\n<link rel=\"canonical\" href=\"https:\/\/ancl.vn\/ja\/quality\/\" \/>\n<meta property=\"og:locale\" content=\"ja_JP\" \/>\n<meta property=\"og:type\" content=\"article\" \/>\n<meta property=\"og:title\" content=\"\u54c1\u8cea - C\u00f4ng Ty TNHH Anh Ngh\u0129a ANCL\" \/>\n<meta property=\"og:url\" content=\"https:\/\/ancl.vn\/ja\/quality\/\" \/>\n<meta property=\"og:site_name\" content=\"C\u00f4ng Ty TNHH Anh Ngh\u0129a ANCL\" \/>\n<meta property=\"article:modified_time\" content=\"2025-10-31T02:26:32+00:00\" \/>\n<meta name=\"twitter:card\" content=\"summary_large_image\" \/>\n<meta name=\"twitter:label1\" content=\"\u63a8\u5b9a\u8aad\u307f\u53d6\u308a\u6642\u9593\" \/>\n\t<meta name=\"twitter:data1\" content=\"2\u5206\" \/>\n<script type=\"application\/ld+json\" class=\"yoast-schema-graph\">{\"@context\":\"https:\/\/schema.org\",\"@graph\":[{\"@type\":\"WebPage\",\"@id\":\"https:\/\/ancl.vn\/ja\/quality\/\",\"url\":\"https:\/\/ancl.vn\/ja\/quality\/\",\"name\":\"\u54c1\u8cea - C\u00f4ng Ty TNHH Anh Ngh\u0129a ANCL\",\"isPartOf\":{\"@id\":\"https:\/\/ancl.vn\/#website\"},\"datePublished\":\"2023-06-23T19:37:23+00:00\",\"dateModified\":\"2025-10-31T02:26:32+00:00\",\"breadcrumb\":{\"@id\":\"https:\/\/ancl.vn\/ja\/quality\/#breadcrumb\"},\"inLanguage\":\"ja\",\"potentialAction\":[{\"@type\":\"ReadAction\",\"target\":[\"https:\/\/ancl.vn\/ja\/quality\/\"]}]},{\"@type\":\"BreadcrumbList\",\"@id\":\"https:\/\/ancl.vn\/ja\/quality\/#breadcrumb\",\"itemListElement\":[{\"@type\":\"ListItem\",\"position\":1,\"name\":\"Home\",\"item\":\"https:\/\/ancl.vn\/ja\/\"},{\"@type\":\"ListItem\",\"position\":2,\"name\":\"\u54c1\u8cea\"}]},{\"@type\":\"WebSite\",\"@id\":\"https:\/\/ancl.vn\/#website\",\"url\":\"https:\/\/ancl.vn\/\",\"name\":\"C\u00f4ng Ty TNHH Anh Ngh\u0129a ANCL\",\"description\":\"C\u01a1 Kh\u00ed Ch\u00ednh X\u00e1c - Gia C\u00f4ng Chi Ti\u1ebft, Linh Ki\u1ec7n, Ph\u1ee5 T\u00f9ng Theo Y\u00eau C\u1ea7u\",\"potentialAction\":[{\"@type\":\"SearchAction\",\"target\":{\"@type\":\"EntryPoint\",\"urlTemplate\":\"https:\/\/ancl.vn\/?s={search_term_string}\"},\"query-input\":\"required name=search_term_string\"}],\"inLanguage\":\"ja\"}]}<\/script>\n<!-- \/ Yoast SEO plugin. -->","yoast_head_json":{"title":"\u54c1\u8cea - C\u00f4ng Ty TNHH Anh Ngh\u0129a ANCL","robots":{"index":"index","follow":"follow","max-snippet":"max-snippet:-1","max-image-preview":"max-image-preview:large","max-video-preview":"max-video-preview:-1"},"canonical":"https:\/\/ancl.vn\/ja\/quality\/","og_locale":"ja_JP","og_type":"article","og_title":"\u54c1\u8cea - C\u00f4ng Ty TNHH Anh Ngh\u0129a ANCL","og_url":"https:\/\/ancl.vn\/ja\/quality\/","og_site_name":"C\u00f4ng Ty TNHH Anh Ngh\u0129a ANCL","article_modified_time":"2025-10-31T02:26:32+00:00","twitter_card":"summary_large_image","twitter_misc":{"\u63a8\u5b9a\u8aad\u307f\u53d6\u308a\u6642\u9593":"2\u5206"},"schema":{"@context":"https:\/\/schema.org","@graph":[{"@type":"WebPage","@id":"https:\/\/ancl.vn\/ja\/quality\/","url":"https:\/\/ancl.vn\/ja\/quality\/","name":"\u54c1\u8cea - C\u00f4ng Ty TNHH Anh Ngh\u0129a ANCL","isPartOf":{"@id":"https:\/\/ancl.vn\/#website"},"datePublished":"2023-06-23T19:37:23+00:00","dateModified":"2025-10-31T02:26:32+00:00","breadcrumb":{"@id":"https:\/\/ancl.vn\/ja\/quality\/#breadcrumb"},"inLanguage":"ja","potentialAction":[{"@type":"ReadAction","target":["https:\/\/ancl.vn\/ja\/quality\/"]}]},{"@type":"BreadcrumbList","@id":"https:\/\/ancl.vn\/ja\/quality\/#breadcrumb","itemListElement":[{"@type":"ListItem","position":1,"name":"Home","item":"https:\/\/ancl.vn\/ja\/"},{"@type":"ListItem","position":2,"name":"\u54c1\u8cea"}]},{"@type":"WebSite","@id":"https:\/\/ancl.vn\/#website","url":"https:\/\/ancl.vn\/","name":"C\u00f4ng Ty TNHH Anh Ngh\u0129a ANCL","description":"C\u01a1 Kh\u00ed Ch\u00ednh X\u00e1c - Gia C\u00f4ng Chi Ti\u1ebft, Linh Ki\u1ec7n, Ph\u1ee5 T\u00f9ng Theo Y\u00eau C\u1ea7u","potentialAction":[{"@type":"SearchAction","target":{"@type":"EntryPoint","urlTemplate":"https:\/\/ancl.vn\/?s={search_term_string}"},"query-input":"required name=search_term_string"}],"inLanguage":"ja"}]}},"_links":{"self":[{"href":"https:\/\/ancl.vn\/ja\/wp-json\/wp\/v2\/pages\/954"}],"collection":[{"href":"https:\/\/ancl.vn\/ja\/wp-json\/wp\/v2\/pages"}],"about":[{"href":"https:\/\/ancl.vn\/ja\/wp-json\/wp\/v2\/types\/page"}],"author":[{"embeddable":true,"href":"https:\/\/ancl.vn\/ja\/wp-json\/wp\/v2\/users\/1"}],"replies":[{"embeddable":true,"href":"https:\/\/ancl.vn\/ja\/wp-json\/wp\/v2\/comments?post=954"}],"version-history":[{"count":25,"href":"https:\/\/ancl.vn\/ja\/wp-json\/wp\/v2\/pages\/954\/revisions"}],"predecessor-version":[{"id":2433,"href":"https:\/\/ancl.vn\/ja\/wp-json\/wp\/v2\/pages\/954\/revisions\/2433"}],"wp:attachment":[{"href":"https:\/\/ancl.vn\/ja\/wp-json\/wp\/v2\/media?parent=954"}],"curies":[{"name":"wp","href":"https:\/\/api.w.org\/{rel}","templated":true}]}}