{"id":1171,"date":"2023-06-24T02:31:16","date_gmt":"2023-06-23T19:31:16","guid":{"rendered":"https:\/\/ancl.vn\/trang-chu\/"},"modified":"2025-12-22T11:14:47","modified_gmt":"2025-12-22T04:14:47","slug":"trang-chu","status":"publish","type":"page","link":"https:\/\/ancl.vn\/ja\/","title":{"rendered":"\u30db\u30fc\u30e0\u30da\u30fc\u30b8"},"content":{"rendered":"\t<section class=\"section home-s1\" id=\"section_393752574\">\n\t\t<div class=\"bg section-bg fill bg-fill  bg-loaded\" >\n\n\t\t\t\n\t\t\t\n\t\t\t\n\n\t\t<\/div>\n\n\t\t\n\n\t\t<div class=\"section-content relative\">\n\t\t\t\n<div class=\"slider-wrapper relative\" id=\"slider-1644573303\" >\n    <div class=\"slider slider-type-fade slider-nav-simple slider-nav-large slider-nav-light slider-style-normal slider-show-nav\"\n        data-flickity-options='{\n            \"cellAlign\": \"center\",\n            \"imagesLoaded\": true,\n            \"lazyLoad\": 1,\n            \"freeScroll\": false,\n            \"wrapAround\": true,\n            \"autoPlay\": 3000,\n            \"pauseAutoPlayOnHover\" : true,\n            \"prevNextButtons\": true,\n            \"contain\" : true,\n            \"adaptiveHeight\" : true,\n            \"dragThreshold\" : 10,\n            \"percentPosition\": true,\n            \"pageDots\": false,\n            \"rightToLeft\": false,\n            \"draggable\": true,\n            \"selectedAttraction\": 0.1,\n            \"parallax\" : 0,\n            \"friction\": 0.6        }'\n        >\n        \n\t<div class=\"img has-hover x md-x lg-x y md-y lg-y\" id=\"image_931313366\">\n\t\t\t\t\t\t\t\t<div class=\"img-inner dark\" >\n\t\t\t<img loading=\"lazy\" decoding=\"async\" width=\"1920\" height=\"650\" src=\"https:\/\/ancl.vn\/wp-content\/uploads\/2023\/07\/2.jpg\" class=\"attachment-original size-original\" alt=\"\" srcset=\"https:\/\/ancl.vn\/wp-content\/uploads\/2023\/07\/2.jpg 1920w, https:\/\/ancl.vn\/wp-content\/uploads\/2023\/07\/2-300x102.jpg 300w, https:\/\/ancl.vn\/wp-content\/uploads\/2023\/07\/2-1024x347.jpg 1024w, https:\/\/ancl.vn\/wp-content\/uploads\/2023\/07\/2-768x260.jpg 768w, https:\/\/ancl.vn\/wp-content\/uploads\/2023\/07\/2-1536x520.jpg 1536w\" sizes=\"(max-width: 1920px) 100vw, 1920px\" \/>\t\t\t\t\t\t\n\t\t\t\t\t<\/div>\n\t\t\t\t\t\t\t\t\n<style>\n#image_931313366 {\n  width: 100%;\n}\n<\/style>\n\t<\/div>\n\t\n\t<div class=\"img has-hover x md-x lg-x y md-y lg-y\" id=\"image_1077475851\">\n\t\t\t\t\t\t\t\t<div class=\"img-inner dark\" >\n\t\t\t<img loading=\"lazy\" decoding=\"async\" width=\"1920\" height=\"650\" src=\"https:\/\/ancl.vn\/wp-content\/uploads\/2023\/07\/hinh-tien-AN-2.jpg\" class=\"attachment-original size-original\" alt=\"\" srcset=\"https:\/\/ancl.vn\/wp-content\/uploads\/2023\/07\/hinh-tien-AN-2.jpg 1920w, https:\/\/ancl.vn\/wp-content\/uploads\/2023\/07\/hinh-tien-AN-2-300x102.jpg 300w, https:\/\/ancl.vn\/wp-content\/uploads\/2023\/07\/hinh-tien-AN-2-1024x347.jpg 1024w, https:\/\/ancl.vn\/wp-content\/uploads\/2023\/07\/hinh-tien-AN-2-768x260.jpg 768w, https:\/\/ancl.vn\/wp-content\/uploads\/2023\/07\/hinh-tien-AN-2-1536x520.jpg 1536w\" sizes=\"(max-width: 1920px) 100vw, 1920px\" \/>\t\t\t\t\t\t\n\t\t\t\t\t<\/div>\n\t\t\t\t\t\t\t\t\n<style>\n#image_1077475851 {\n  width: 100%;\n}\n<\/style>\n\t<\/div>\n\t\n\t<div class=\"img has-hover x md-x lg-x y md-y lg-y\" id=\"image_1262442510\">\n\t\t\t\t\t\t\t\t<div class=\"img-inner dark\" >\n\t\t\t<img loading=\"lazy\" decoding=\"async\" width=\"1920\" height=\"650\" src=\"https:\/\/ancl.vn\/wp-content\/uploads\/2023\/07\/slider-3.jpg\" class=\"attachment-original size-original\" alt=\"\" srcset=\"https:\/\/ancl.vn\/wp-content\/uploads\/2023\/07\/slider-3.jpg 1920w, https:\/\/ancl.vn\/wp-content\/uploads\/2023\/07\/slider-3-300x102.jpg 300w, https:\/\/ancl.vn\/wp-content\/uploads\/2023\/07\/slider-3-1024x347.jpg 1024w, https:\/\/ancl.vn\/wp-content\/uploads\/2023\/07\/slider-3-768x260.jpg 768w, https:\/\/ancl.vn\/wp-content\/uploads\/2023\/07\/slider-3-1536x520.jpg 1536w\" sizes=\"(max-width: 1920px) 100vw, 1920px\" \/>\t\t\t\t\t\t\n\t\t\t\t\t<\/div>\n\t\t\t\t\t\t\t\t\n<style>\n#image_1262442510 {\n  width: 100%;\n}\n<\/style>\n\t<\/div>\n\t\n     <\/div>\n\n     <div class=\"loading-spin dark large centered\"><\/div>\n\n\t<\/div>\n\n\n\t<div id=\"text-4106811844\" class=\"text\">\n\t\t\n<h2>\u9867\u5ba2\u4fa1\u5024\u306e\u5275\u9020 \uff0d\u751f\u6d3b\u306e\u5411\u4e0a<\/h2>\n\t\t\n<style>\n#text-4106811844 {\n  text-align: center;\n}\n<\/style>\n\t<\/div>\n\t\n\t\t<\/div>\n\n\t\t\n<style>\n#section_393752574 {\n  padding-top: 0px;\n  padding-bottom: 0px;\n}\n<\/style>\n\t<\/section>\n\t\n\t<section class=\"section home-s2\" id=\"section_1440758054\">\n\t\t<div class=\"bg section-bg fill bg-fill  bg-loaded\" >\n\n\t\t\t\n\t\t\t\n\t\t\t\n\n\t\t<\/div>\n\n\t\t\n\n\t\t<div class=\"section-content relative\">\n\t\t\t\n\t<div id=\"gap-315480938\" class=\"gap-element clearfix\" style=\"display:block; height:auto;\">\n\t\t\n<style>\n#gap-315480938 {\n  padding-top: 30px;\n}\n<\/style>\n\t<\/div>\n\t\n<div class=\"container section-title-container\" ><h3 class=\"section-title section-title-center\"><b><\/b><span class=\"section-title-main\" style=\"font-size:127%;\">\u52a0\u5de5\u5206\u91ce<\/span><b><\/b><\/h3><\/div>\n<div class=\"row\"  id=\"row-1357470279\">\n\n\t<div id=\"col-310699867\" class=\"col medium-4 small-12 large-4\"  >\n\t\t\t\t<div class=\"col-inner box-shadow-1 box-shadow-3-hover\"  >\n\t\t\t\n\t\t\t\n\t<div class=\"box has-hover   has-hover box-default box-text-bottom\" >\n\n\t\t<div class=\"box-image\" style=\"width:95%;\">\n\t\t\t<a href=\"https:\/\/ancl.vn\/ja\/field\/\" >\t\t\t<div class=\"\" >\n\t\t\t\t<img loading=\"lazy\" decoding=\"async\" width=\"500\" height=\"320\" src=\"https:\/\/ancl.vn\/wp-content\/uploads\/2023\/06\/Gia-cong-CNC-1.jpg\" class=\"attachment- size-\" alt=\"\" srcset=\"https:\/\/ancl.vn\/wp-content\/uploads\/2023\/06\/Gia-cong-CNC-1.jpg 500w, https:\/\/ancl.vn\/wp-content\/uploads\/2023\/06\/Gia-cong-CNC-1-300x192.jpg 300w\" sizes=\"(max-width: 500px) 100vw, 500px\" \/>\t\t\t\t\t\t\t\t\t\t\t<\/div>\n\t\t\t<\/a>\t\t<\/div>\n\n\t\t<div class=\"box-text text-center\" >\n\t\t\t<div class=\"box-text-inner\">\n\t\t\t\t\n<h3>\u7cbe\u5bc6\u6a5f\u68b0\u52a0\u5de5<\/h3>\n\t\t\t<\/div>\n\t\t<\/div>\n\t<\/div>\n\t\n\t\t<\/div>\n\t\t\t\t\t<\/div>\n\n\t\n\n\t<div id=\"col-544841452\" class=\"col medium-4 small-12 large-4\"  >\n\t\t\t\t<div class=\"col-inner box-shadow-1 box-shadow-3-hover\"  >\n\t\t\t\n\t\t\t\n\t<div class=\"box has-hover   has-hover box-text-bottom\" >\n\n\t\t<div class=\"box-image\" style=\"width:95%;\">\n\t\t\t<a href=\"https:\/\/ancl.vn\/ja\/field\/\" >\t\t\t<div class=\"\" >\n\t\t\t\t<img loading=\"lazy\" decoding=\"async\" width=\"500\" height=\"320\" src=\"https:\/\/ancl.vn\/wp-content\/uploads\/2023\/06\/Gia-cong-Dap-nong-dap-nguoi-1.jpg\" class=\"attachment- size-\" alt=\"\" srcset=\"https:\/\/ancl.vn\/wp-content\/uploads\/2023\/06\/Gia-cong-Dap-nong-dap-nguoi-1.jpg 500w, https:\/\/ancl.vn\/wp-content\/uploads\/2023\/06\/Gia-cong-Dap-nong-dap-nguoi-1-300x192.jpg 300w\" sizes=\"(max-width: 500px) 100vw, 500px\" \/>\t\t\t\t\t\t\t\t\t\t\t<\/div>\n\t\t\t<\/a>\t\t<\/div>\n\n\t\t<div class=\"box-text text-center\" >\n\t\t\t<div class=\"box-text-inner\">\n\t\t\t\t\n<h3>\u935b\u9020\u30fb\u30b9\u30bf\u30f3\u30d4\u30f3\u30b0<\/h3>\n\t\t\t<\/div>\n\t\t<\/div>\n\t<\/div>\n\t\n\t\t<\/div>\n\t\t\t\t\t<\/div>\n\n\t\n\n\t<div id=\"col-1610924848\" class=\"col medium-4 small-12 large-4\"  >\n\t\t\t\t<div class=\"col-inner box-shadow-1 box-shadow-3-hover\"  >\n\t\t\t\n\t\t\t\n\t<div class=\"box has-hover   has-hover box-text-bottom\" >\n\n\t\t<div class=\"box-image\" style=\"width:95%;\">\n\t\t\t<a href=\"https:\/\/ancl.vn\/ja\/field\/\" >\t\t\t<div class=\"image-cover\" style=\"padding-top:64%;\">\n\t\t\t\t<img loading=\"lazy\" decoding=\"async\" width=\"1982\" height=\"951\" src=\"https:\/\/ancl.vn\/wp-content\/uploads\/2025\/12\/Line-lap-rap.jpg\" class=\"attachment- size-\" alt=\"\" srcset=\"https:\/\/ancl.vn\/wp-content\/uploads\/2025\/12\/Line-lap-rap.jpg 1982w, https:\/\/ancl.vn\/wp-content\/uploads\/2025\/12\/Line-lap-rap-300x144.jpg 300w, https:\/\/ancl.vn\/wp-content\/uploads\/2025\/12\/Line-lap-rap-1024x491.jpg 1024w, https:\/\/ancl.vn\/wp-content\/uploads\/2025\/12\/Line-lap-rap-768x369.jpg 768w, https:\/\/ancl.vn\/wp-content\/uploads\/2025\/12\/Line-lap-rap-1536x737.jpg 1536w\" sizes=\"(max-width: 1982px) 100vw, 1982px\" \/>\t\t\t\t\t\t\t\t\t\t\t<\/div>\n\t\t\t<\/a>\t\t<\/div>\n\n\t\t<div class=\"box-text text-center\" >\n\t\t\t<div class=\"box-text-inner\">\n\t\t\t\t\n<h3>OEM &amp; ODM \u30a2\u30bb\u30f3\u30d6\u30ea<\/h3>\n\t\t\t<\/div>\n\t\t<\/div>\n\t<\/div>\n\t\n\t\t<\/div>\n\t\t\t\t\t<\/div>\n\n\t\n\n\t<div id=\"col-816868790\" class=\"col pb-0 small-12 large-12\"  >\n\t\t\t\t<div class=\"col-inner\"  >\n\t\t\t\n\t\t\t\n<p style=\"text-align: center;\"><span style=\"font-size: 100%;\">ANCL GROUP\u306f2004 \u5e74\u306b\u8a2d\u7acb\u3055\u308c\u3001\u30d9\u30c8\u30ca\u30e0\u5357\u90e8\u306e\u5546\u696d\u90fd\u5e02\u30db\u30fc\u30c1\u30df\u30f3\u8fd1\u90ca\u53ca\u3073\u30d9\u30c8\u30ca\u30e0\u5317\u90e8\u306e\u5317\u696d\u90fd\u5e02\u30cf\u30ce\u30a4\u8fd1\u90ca\u306e\u5de5\u5834\u304c\u3042\u308a\u307e\u3059\u3002<\/span><\/p>\n<p style=\"text-align: center;\"><span style=\"font-size: 100%;\">\u304a\u5ba2\u69d8\u306e\u3054\u8981\u671b\u306b\u5fdc\u3058\u305f\u7cbe\u5bc6\u6a5f\u68b0\u52a0\u5de5\u3001\u935b\u9020\u3001\u30b9\u30bf\u30f3\u30d4\u30f3\u30b0\u3001\u91d1\u578b\u306e\u8a2d\u8a08\u30fb\u88fd\u4f5c\u3092\u884c\u3063\u3066\u304a\u308a\u307e\u3059\u3002<\/span><\/p>\n<p style=\"text-align: center;\"><span style=\"font-size: 100%;\">\u534a\u5c0e\u4f53\u3001\u81ea\u52d5\u8eca\u3001\u533b\u7642\u3001\u77f3\u6cb9\u3001\u30b9\u30dd\u30fc\u30c4\u7528\u54c1\u306a\u3069\u306e\u5206\u91ce\u306b\u5fdc\u7528\u3055\u308c\u308b\u88fd\u54c1\u306e\u52a0\u5de5\u3092\u884c\u3063\u3066\u304a\u308a\u307e\u3059\u3002<\/span><\/p>\n<p style=\"text-align: center;\"><span style=\"font-size: 100%;\">\u502b\u7406\u3092\u5fc3\u3068\u3057\u3066\u3001\u52aa\u529b\u3068\u5275\u9020\u529b\u3092\u7d4c\u55b6\u6a19\u8a9e\u306b\u3001\u4fa1\u5024\u3042\u308b\u5546\u54c1\u3092\u304a\u5ba2\u69d8\u306b\u304a\u5c4a\u3051\u3057\u307e\u3059\u3002<\/span><\/p>\n\t\t<\/div>\n\t\t\t\t\t<\/div>\n\n\t\n<\/div>\n\t\t<\/div>\n\n\t\t\n<style>\n#section_1440758054 {\n  padding-top: 0px;\n  padding-bottom: 0px;\n}\n<\/style>\n\t<\/section>\n\t\n\t<section class=\"section home-s2 has-parallax\" id=\"section_994514582\">\n\t\t<div class=\"bg section-bg fill bg-fill  \" data-parallax-container=\".section\" data-parallax-background data-parallax=\"-5\">\n\n\t\t\t\n\t\t\t<div class=\"section-bg-overlay absolute fill\"><\/div>\n\t\t\t\n\n\t\t<\/div>\n\n\t\t\n\n\t\t<div class=\"section-content relative\">\n\t\t\t\n\t<div id=\"gap-2033426670\" class=\"gap-element clearfix\" style=\"display:block; height:auto;\">\n\t\t\n<style>\n#gap-2033426670 {\n  padding-top: 30px;\n}\n<\/style>\n\t<\/div>\n\t\n<div class=\"row\" style=\"max-width:1000px\" id=\"row-1225561000\">\n\n\t<div id=\"col-409979253\" class=\"col medium-4 small-12 large-4\"  data-animate=\"fadeInUp\">\n\t\t\t\t<div class=\"col-inner\"  >\n\t\t\t\n\t\t\t\n\t<div class=\"box has-hover   has-hover box-shadow-2-hover box-default box-text-bottom\" >\n\n\t\t<div class=\"box-image\" >\n\t\t\t<a href=\"https:\/\/ancl.vn\/ja\/machining-techniques\/\" >\t\t\t<div class=\"\" >\n\t\t\t\t<img loading=\"lazy\" decoding=\"async\" width=\"600\" height=\"362\" src=\"https:\/\/ancl.vn\/wp-content\/uploads\/2023\/07\/7.-Ky-thuat-gia-cong.jpg\" class=\"attachment- size-\" alt=\"\" srcset=\"https:\/\/ancl.vn\/wp-content\/uploads\/2023\/07\/7.-Ky-thuat-gia-cong.jpg 600w, https:\/\/ancl.vn\/wp-content\/uploads\/2023\/07\/7.-Ky-thuat-gia-cong-300x181.jpg 300w\" sizes=\"(max-width: 600px) 100vw, 600px\" \/>\t\t\t\t\t\t\t\t\t\t\t<\/div>\n\t\t\t<\/a>\t\t<\/div>\n\n\t\t<div class=\"box-text text-center\" style=\"background-color:rgb(255, 255, 255);\">\n\t\t\t<div class=\"box-text-inner\">\n\t\t\t\t\n<h4>\u52a0\u5de5\u6280\u8853<\/h4>\n\t\t\t<\/div>\n\t\t<\/div>\n\t<\/div>\n\t\n\t\t<\/div>\n\t\t\t\t\t<\/div>\n\n\t\n\n\t<div id=\"col-1516768280\" class=\"col medium-4 small-12 large-4\"  data-animate=\"fadeInUp\">\n\t\t\t\t<div class=\"col-inner\"  >\n\t\t\t\n\t\t\t\n\t<div class=\"box has-hover   has-hover box-shadow-2-hover box-default box-text-bottom\" >\n\n\t\t<div class=\"box-image\" >\n\t\t\t<a href=\"https:\/\/ancl.vn\/ja\/equipment\/\" >\t\t\t<div class=\"\" >\n\t\t\t\t<img loading=\"lazy\" decoding=\"async\" width=\"600\" height=\"362\" src=\"https:\/\/ancl.vn\/wp-content\/uploads\/2023\/07\/8.-Thiet-bi-may-moc.jpg\" class=\"attachment- size-\" alt=\"\" srcset=\"https:\/\/ancl.vn\/wp-content\/uploads\/2023\/07\/8.-Thiet-bi-may-moc.jpg 600w, https:\/\/ancl.vn\/wp-content\/uploads\/2023\/07\/8.-Thiet-bi-may-moc-300x181.jpg 300w\" sizes=\"(max-width: 600px) 100vw, 600px\" \/>\t\t\t\t\t\t\t\t\t\t\t<\/div>\n\t\t\t<\/a>\t\t<\/div>\n\n\t\t<div class=\"box-text text-center\" style=\"background-color:rgb(255, 255, 255);\">\n\t\t\t<div class=\"box-text-inner\">\n\t\t\t\t\n<h4>\u751f\u7523\u6a5f\u68b0<\/h4>\n\t\t\t<\/div>\n\t\t<\/div>\n\t<\/div>\n\t\n\t\t<\/div>\n\t\t\t\t\t<\/div>\n\n\t\n\n\t<div id=\"col-1229384062\" class=\"col medium-4 small-12 large-4\"  data-animate=\"fadeInUp\">\n\t\t\t\t<div class=\"col-inner\"  >\n\t\t\t\n\t\t\t\n\t<div class=\"box has-hover   has-hover box-shadow-2-hover box-default box-text-bottom\" >\n\n\t\t<div class=\"box-image\" >\n\t\t\t<a href=\"https:\/\/ancl.vn\/ja\/quality\/\" >\t\t\t<div class=\"\" >\n\t\t\t\t<img loading=\"lazy\" decoding=\"async\" width=\"600\" height=\"362\" src=\"https:\/\/ancl.vn\/wp-content\/uploads\/2023\/07\/9.1-Chat-luong.jpg\" class=\"attachment- size-\" alt=\"\" srcset=\"https:\/\/ancl.vn\/wp-content\/uploads\/2023\/07\/9.1-Chat-luong.jpg 600w, https:\/\/ancl.vn\/wp-content\/uploads\/2023\/07\/9.1-Chat-luong-300x181.jpg 300w\" sizes=\"(max-width: 600px) 100vw, 600px\" \/>\t\t\t\t\t\t\t\t\t\t\t<\/div>\n\t\t\t<\/a>\t\t<\/div>\n\n\t\t<div class=\"box-text text-center\" style=\"background-color:rgb(255, 255, 255);\">\n\t\t\t<div class=\"box-text-inner\">\n\t\t\t\t\n<h4>\u54c1\u8cea<\/h4>\n\t\t\t<\/div>\n\t\t<\/div>\n\t<\/div>\n\t\n\t\t<\/div>\n\t\t\t\t\t<\/div>\n\n\t\n<\/div>\n\t\t<\/div>\n\n\t\t\n<style>\n#section_994514582 {\n  padding-top: 0px;\n  padding-bottom: 0px;\n}\n#section_994514582 .section-bg-overlay {\n  background-color: rgba(136, 139, 140, 0.744);\n}\n#section_994514582 .section-bg.bg-loaded {\n  background-image: url(https:\/\/ancl.vn\/wp-content\/uploads\/2023\/07\/2.jpg);\n}\n<\/style>\n\t<\/section>\n\t\n\t<section class=\"section home-s4\" id=\"section_1965935552\">\n\t\t<div class=\"bg section-bg fill bg-fill  bg-loaded\" >\n\n\t\t\t\n\t\t\t\n\t\t\t\n\n\t\t<\/div>\n\n\t\t\n\n\t\t<div class=\"section-content relative\">\n\t\t\t\n\t<div id=\"gap-609650518\" class=\"gap-element clearfix\" style=\"display:block; height:auto;\">\n\t\t\n<style>\n#gap-609650518 {\n  padding-top: 30px;\n}\n<\/style>\n\t<\/div>\n\t\n<div class=\"container section-title-container\" ><h3 class=\"section-title section-title-normal\"><b><\/b><span class=\"section-title-main\" >\u30b5\u30d7\u30e9\u30a4\u30e4\u30fc\u30c1\u30a7\u30fc\u30f3<\/span><b><\/b><\/h3><\/div>\n<div class=\"row row-small align-center large-columns-3 medium-columns-3 small-columns-2\" style=\"max-width:1000px\" id=\"row-1010787287\">\n\n\t<div id=\"col-1310578146\" class=\"col small-12 large-12\"  >\n\t\t\t\t<div class=\"col-inner text-center box-shadow-2 box-shadow-3-hover\"  >\n\t\t\t\n\t\t\t\n\t<div class=\"img has-hover x md-x lg-x y md-y lg-y\" id=\"image_1656510141\">\n\t\t\t\t\t\t\t\t<div class=\"img-inner dark\" >\n\t\t\t<img loading=\"lazy\" decoding=\"async\" width=\"350\" height=\"200\" src=\"https:\/\/ancl.vn\/wp-content\/uploads\/2023\/07\/doi-tac-1.png\" class=\"attachment-large size-large\" alt=\"\" srcset=\"https:\/\/ancl.vn\/wp-content\/uploads\/2023\/07\/doi-tac-1.png 350w, https:\/\/ancl.vn\/wp-content\/uploads\/2023\/07\/doi-tac-1-300x171.png 300w\" sizes=\"(max-width: 350px) 100vw, 350px\" \/>\t\t\t\t\t\t\n\t\t\t\t\t<\/div>\n\t\t\t\t\t\t\t\t\n<style>\n#image_1656510141 {\n  width: 80%;\n}\n<\/style>\n\t<\/div>\n\t\n\t\t<\/div>\n\t\t\t\t\t<\/div>\n\n\t\n\n\t<div id=\"col-1065452762\" class=\"col small-12 large-12\"  >\n\t\t\t\t<div class=\"col-inner text-center box-shadow-2 box-shadow-3-hover\"  >\n\t\t\t\n\t\t\t\n\t<div class=\"img has-hover x md-x lg-x y md-y lg-y\" id=\"image_1211065372\">\n\t\t\t\t\t\t\t\t<div class=\"img-inner dark\" >\n\t\t\t<img loading=\"lazy\" decoding=\"async\" width=\"350\" height=\"200\" src=\"https:\/\/ancl.vn\/wp-content\/uploads\/2023\/06\/ancl1.png\" class=\"attachment-large size-large\" alt=\"\" srcset=\"https:\/\/ancl.vn\/wp-content\/uploads\/2023\/06\/ancl1.png 350w, https:\/\/ancl.vn\/wp-content\/uploads\/2023\/06\/ancl1-300x171.png 300w\" sizes=\"(max-width: 350px) 100vw, 350px\" \/>\t\t\t\t\t\t\n\t\t\t\t\t<\/div>\n\t\t\t\t\t\t\t\t\n<style>\n#image_1211065372 {\n  width: 80%;\n}\n<\/style>\n\t<\/div>\n\t\n\t\t<\/div>\n\t\t\t\t\t<\/div>\n\n\t\n\n\t<div id=\"col-1808325177\" class=\"col small-12 large-12\"  >\n\t\t\t\t<div class=\"col-inner text-center box-shadow-2 box-shadow-3-hover\"  >\n\t\t\t\n\t\t\t\n\t<div class=\"img has-hover x md-x lg-x y md-y lg-y\" id=\"image_438666946\">\n\t\t\t\t\t\t\t\t<div class=\"img-inner dark\" >\n\t\t\t<img loading=\"lazy\" decoding=\"async\" width=\"350\" height=\"200\" src=\"https:\/\/ancl.vn\/wp-content\/uploads\/2023\/07\/doi-tac-2.png\" class=\"attachment-large size-large\" alt=\"\" srcset=\"https:\/\/ancl.vn\/wp-content\/uploads\/2023\/07\/doi-tac-2.png 350w, https:\/\/ancl.vn\/wp-content\/uploads\/2023\/07\/doi-tac-2-300x171.png 300w\" sizes=\"(max-width: 350px) 100vw, 350px\" \/>\t\t\t\t\t\t\n\t\t\t\t\t<\/div>\n\t\t\t\t\t\t\t\t\n<style>\n#image_438666946 {\n  width: 80%;\n}\n<\/style>\n\t<\/div>\n\t\n\t\t<\/div>\n\t\t\t\t\t<\/div>\n\n\t\n\n\t<div id=\"col-735044004\" class=\"col small-12 large-12\"  >\n\t\t\t\t<div class=\"col-inner text-center box-shadow-2 box-shadow-3-hover\"  >\n\t\t\t\n\t\t\t\n\t<div class=\"img has-hover x md-x lg-x y md-y lg-y\" id=\"image_978396757\">\n\t\t\t\t\t\t\t\t<div class=\"img-inner dark\" >\n\t\t\t<img loading=\"lazy\" decoding=\"async\" width=\"350\" height=\"200\" src=\"https:\/\/ancl.vn\/wp-content\/uploads\/2023\/07\/doi-tac-3.png\" class=\"attachment-large size-large\" alt=\"\" srcset=\"https:\/\/ancl.vn\/wp-content\/uploads\/2023\/07\/doi-tac-3.png 350w, https:\/\/ancl.vn\/wp-content\/uploads\/2023\/07\/doi-tac-3-300x171.png 300w\" sizes=\"(max-width: 350px) 100vw, 350px\" \/>\t\t\t\t\t\t\n\t\t\t\t\t<\/div>\n\t\t\t\t\t\t\t\t\n<style>\n#image_978396757 {\n  width: 80%;\n}\n<\/style>\n\t<\/div>\n\t\n\t\t<\/div>\n\t\t\t\t\t<\/div>\n\n\t\n\n\t<div id=\"col-1155384679\" class=\"col small-12 large-12\"  >\n\t\t\t\t<div class=\"col-inner text-center box-shadow-2 box-shadow-3-hover\"  >\n\t\t\t\n\t\t\t\n\t<div class=\"img has-hover x md-x lg-x y md-y lg-y\" id=\"image_1752670387\">\n\t\t\t\t\t\t\t\t<div class=\"img-inner dark\" >\n\t\t\t<img loading=\"lazy\" decoding=\"async\" width=\"350\" height=\"200\" src=\"https:\/\/ancl.vn\/wp-content\/uploads\/2023\/07\/20180417-Wahoo-logo-1600.jpg\" class=\"attachment-large size-large\" alt=\"\" srcset=\"https:\/\/ancl.vn\/wp-content\/uploads\/2023\/07\/20180417-Wahoo-logo-1600.jpg 350w, https:\/\/ancl.vn\/wp-content\/uploads\/2023\/07\/20180417-Wahoo-logo-1600-300x171.jpg 300w\" sizes=\"(max-width: 350px) 100vw, 350px\" \/>\t\t\t\t\t\t\n\t\t\t\t\t<\/div>\n\t\t\t\t\t\t\t\t\n<style>\n#image_1752670387 {\n  width: 80%;\n}\n<\/style>\n\t<\/div>\n\t\n\t\t<\/div>\n\t\t\t\t\t<\/div>\n\n\t\n\n\t<div id=\"col-1120263552\" class=\"col small-12 large-12\"  >\n\t\t\t\t<div class=\"col-inner text-center box-shadow-2 box-shadow-3-hover\"  >\n\t\t\t\n\t\t\t\n\t<div class=\"img has-hover x md-x lg-x y md-y lg-y\" id=\"image_1665989003\">\n\t\t\t\t\t\t\t\t<div class=\"img-inner dark\" >\n\t\t\t<img loading=\"lazy\" decoding=\"async\" width=\"350\" height=\"200\" src=\"https:\/\/ancl.vn\/wp-content\/uploads\/2023\/07\/doi-tac-4.png\" class=\"attachment-large size-large\" alt=\"\" srcset=\"https:\/\/ancl.vn\/wp-content\/uploads\/2023\/07\/doi-tac-4.png 350w, https:\/\/ancl.vn\/wp-content\/uploads\/2023\/07\/doi-tac-4-300x171.png 300w\" sizes=\"(max-width: 350px) 100vw, 350px\" \/>\t\t\t\t\t\t\n\t\t\t\t\t<\/div>\n\t\t\t\t\t\t\t\t\n<style>\n#image_1665989003 {\n  width: 80%;\n}\n<\/style>\n\t<\/div>\n\t\n\t\t<\/div>\n\t\t\t\t\t<\/div>\n\n\t\n<\/div>\n\t\t<\/div>\n\n\t\t\n<style>\n#section_1965935552 {\n  padding-top: 0px;\n  padding-bottom: 0px;\n}\n<\/style>\n\t<\/section>\n\t\n","protected":false},"excerpt":{"rendered":"","protected":false},"author":1,"featured_media":0,"parent":0,"menu_order":0,"comment_status":"closed","ping_status":"closed","template":"page-blank.php","meta":{"footnotes":""},"class_list":["post-1171","page","type-page","status-publish","hentry"],"acf":[],"yoast_head":"<!-- This site is optimized with the Yoast SEO plugin v20.13 - https:\/\/yoast.com\/wordpress\/plugins\/seo\/ -->\n<title>\u30db\u30fc\u30e0\u30da\u30fc\u30b8 - C\u00f4ng Ty TNHH Anh Ngh\u0129a ANCL<\/title>\n<meta name=\"robots\" content=\"index, follow, max-snippet:-1, max-image-preview:large, max-video-preview:-1\" \/>\n<link rel=\"canonical\" href=\"https:\/\/ancl.vn\/ja\/\" \/>\n<meta property=\"og:locale\" content=\"ja_JP\" \/>\n<meta property=\"og:type\" content=\"article\" \/>\n<meta property=\"og:title\" content=\"\u30db\u30fc\u30e0\u30da\u30fc\u30b8 - C\u00f4ng Ty TNHH Anh Ngh\u0129a ANCL\" \/>\n<meta property=\"og:url\" content=\"https:\/\/ancl.vn\/ja\/\" \/>\n<meta property=\"og:site_name\" content=\"C\u00f4ng Ty TNHH Anh Ngh\u0129a ANCL\" \/>\n<meta property=\"article:modified_time\" content=\"2025-12-22T04:14:47+00:00\" \/>\n<meta name=\"twitter:card\" content=\"summary_large_image\" \/>\n<meta name=\"twitter:label1\" content=\"\u63a8\u5b9a\u8aad\u307f\u53d6\u308a\u6642\u9593\" \/>\n\t<meta name=\"twitter:data1\" content=\"2\u5206\" \/>\n<script type=\"application\/ld+json\" class=\"yoast-schema-graph\">{\"@context\":\"https:\/\/schema.org\",\"@graph\":[{\"@type\":\"WebPage\",\"@id\":\"https:\/\/ancl.vn\/ja\/\",\"url\":\"https:\/\/ancl.vn\/ja\/\",\"name\":\"\u30db\u30fc\u30e0\u30da\u30fc\u30b8 - C\u00f4ng Ty TNHH Anh Ngh\u0129a ANCL\",\"isPartOf\":{\"@id\":\"https:\/\/ancl.vn\/#website\"},\"datePublished\":\"2023-06-23T19:31:16+00:00\",\"dateModified\":\"2025-12-22T04:14:47+00:00\",\"breadcrumb\":{\"@id\":\"https:\/\/ancl.vn\/ja\/#breadcrumb\"},\"inLanguage\":\"ja\",\"potentialAction\":[{\"@type\":\"ReadAction\",\"target\":[\"https:\/\/ancl.vn\/ja\/\"]}]},{\"@type\":\"BreadcrumbList\",\"@id\":\"https:\/\/ancl.vn\/ja\/#breadcrumb\",\"itemListElement\":[{\"@type\":\"ListItem\",\"position\":1,\"name\":\"Home\",\"item\":\"https:\/\/ancl.vn\/ja\/\"},{\"@type\":\"ListItem\",\"position\":2,\"name\":\"\u30db\u30fc\u30e0\u30da\u30fc\u30b8\"}]},{\"@type\":\"WebSite\",\"@id\":\"https:\/\/ancl.vn\/#website\",\"url\":\"https:\/\/ancl.vn\/\",\"name\":\"C\u00f4ng Ty TNHH Anh Ngh\u0129a ANCL\",\"description\":\"C\u01a1 Kh\u00ed Ch\u00ednh X\u00e1c - Gia C\u00f4ng Chi Ti\u1ebft, Linh Ki\u1ec7n, Ph\u1ee5 T\u00f9ng Theo Y\u00eau C\u1ea7u\",\"potentialAction\":[{\"@type\":\"SearchAction\",\"target\":{\"@type\":\"EntryPoint\",\"urlTemplate\":\"https:\/\/ancl.vn\/?s={search_term_string}\"},\"query-input\":\"required name=search_term_string\"}],\"inLanguage\":\"ja\"}]}<\/script>\n<!-- \/ Yoast SEO plugin. -->","yoast_head_json":{"title":"\u30db\u30fc\u30e0\u30da\u30fc\u30b8 - C\u00f4ng Ty TNHH Anh Ngh\u0129a ANCL","robots":{"index":"index","follow":"follow","max-snippet":"max-snippet:-1","max-image-preview":"max-image-preview:large","max-video-preview":"max-video-preview:-1"},"canonical":"https:\/\/ancl.vn\/ja\/","og_locale":"ja_JP","og_type":"article","og_title":"\u30db\u30fc\u30e0\u30da\u30fc\u30b8 - C\u00f4ng Ty TNHH Anh Ngh\u0129a ANCL","og_url":"https:\/\/ancl.vn\/ja\/","og_site_name":"C\u00f4ng Ty TNHH Anh Ngh\u0129a ANCL","article_modified_time":"2025-12-22T04:14:47+00:00","twitter_card":"summary_large_image","twitter_misc":{"\u63a8\u5b9a\u8aad\u307f\u53d6\u308a\u6642\u9593":"2\u5206"},"schema":{"@context":"https:\/\/schema.org","@graph":[{"@type":"WebPage","@id":"https:\/\/ancl.vn\/ja\/","url":"https:\/\/ancl.vn\/ja\/","name":"\u30db\u30fc\u30e0\u30da\u30fc\u30b8 - C\u00f4ng Ty TNHH Anh Ngh\u0129a ANCL","isPartOf":{"@id":"https:\/\/ancl.vn\/#website"},"datePublished":"2023-06-23T19:31:16+00:00","dateModified":"2025-12-22T04:14:47+00:00","breadcrumb":{"@id":"https:\/\/ancl.vn\/ja\/#breadcrumb"},"inLanguage":"ja","potentialAction":[{"@type":"ReadAction","target":["https:\/\/ancl.vn\/ja\/"]}]},{"@type":"BreadcrumbList","@id":"https:\/\/ancl.vn\/ja\/#breadcrumb","itemListElement":[{"@type":"ListItem","position":1,"name":"Home","item":"https:\/\/ancl.vn\/ja\/"},{"@type":"ListItem","position":2,"name":"\u30db\u30fc\u30e0\u30da\u30fc\u30b8"}]},{"@type":"WebSite","@id":"https:\/\/ancl.vn\/#website","url":"https:\/\/ancl.vn\/","name":"C\u00f4ng Ty TNHH Anh Ngh\u0129a ANCL","description":"C\u01a1 Kh\u00ed Ch\u00ednh X\u00e1c - Gia C\u00f4ng Chi Ti\u1ebft, Linh Ki\u1ec7n, Ph\u1ee5 T\u00f9ng Theo Y\u00eau C\u1ea7u","potentialAction":[{"@type":"SearchAction","target":{"@type":"EntryPoint","urlTemplate":"https:\/\/ancl.vn\/?s={search_term_string}"},"query-input":"required name=search_term_string"}],"inLanguage":"ja"}]}},"_links":{"self":[{"href":"https:\/\/ancl.vn\/ja\/wp-json\/wp\/v2\/pages\/1171"}],"collection":[{"href":"https:\/\/ancl.vn\/ja\/wp-json\/wp\/v2\/pages"}],"about":[{"href":"https:\/\/ancl.vn\/ja\/wp-json\/wp\/v2\/types\/page"}],"author":[{"embeddable":true,"href":"https:\/\/ancl.vn\/ja\/wp-json\/wp\/v2\/users\/1"}],"replies":[{"embeddable":true,"href":"https:\/\/ancl.vn\/ja\/wp-json\/wp\/v2\/comments?post=1171"}],"version-history":[{"count":61,"href":"https:\/\/ancl.vn\/ja\/wp-json\/wp\/v2\/pages\/1171\/revisions"}],"predecessor-version":[{"id":2462,"href":"https:\/\/ancl.vn\/ja\/wp-json\/wp\/v2\/pages\/1171\/revisions\/2462"}],"wp:attachment":[{"href":"https:\/\/ancl.vn\/ja\/wp-json\/wp\/v2\/media?parent=1171"}],"curies":[{"name":"wp","href":"https:\/\/api.w.org\/{rel}","templated":true}]}}