{"id":965,"date":"2023-06-24T02:36:07","date_gmt":"2023-06-23T19:36:07","guid":{"rendered":"https:\/\/ancl.vn\/linh-vuc\/"},"modified":"2025-12-22T11:26:15","modified_gmt":"2025-12-22T04:26:15","slug":"field","status":"publish","type":"page","link":"https:\/\/ancl.vn\/en\/field\/","title":{"rendered":"Field"},"content":{"rendered":"\t<section class=\"section mx_page-header\" id=\"section_908615011\">\n\t\t<div class=\"bg section-bg fill bg-fill  bg-loaded\" >\n\n\t\t\t\n\t\t\t\n\t\t\t\n\n\t\t<\/div>\n\n\t\t\n\n\t\t<div class=\"section-content relative\">\n\t\t\t\n\t<div id=\"gap-187883522\" class=\"gap-element clearfix\" style=\"display:block; height:auto;\">\n\t\t\n<style>\n#gap-187883522 {\n  padding-top: 30px;\n}\n<\/style>\n\t<\/div>\n\t\n<div class=\"row align-center\"  id=\"row-1008563101\">\n\n\t<div id=\"col-166044986\" class=\"col medium-11 small-12 large-11\"  >\n\t\t\t\t<div class=\"col-inner\"  >\n\t\t\t\n\t\t\t\n<div class=\"row row-small align-middle ph-linh-vuc\"  id=\"row-1041887975\">\n\n\t<div id=\"col-404394322\" class=\"col hide-for-small medium-4 small-12 large-4\"  data-animate=\"fadeInLeft\">\n\t\t\t\t<div class=\"col-inner\"  >\n\t\t\t\n\t\t\t\n\t<div class=\"img has-hover x md-x lg-x y md-y lg-y\" id=\"image_584765112\">\n\t\t\t\t\t\t\t\t<div class=\"img-inner image-zoom dark\" >\n\t\t\t<img loading=\"lazy\" decoding=\"async\" width=\"500\" height=\"330\" src=\"https:\/\/ancl.vn\/wp-content\/uploads\/2023\/07\/tien-new.png\" class=\"attachment-large size-large\" alt=\"\" srcset=\"https:\/\/ancl.vn\/wp-content\/uploads\/2023\/07\/tien-new.png 500w, https:\/\/ancl.vn\/wp-content\/uploads\/2023\/07\/tien-new-300x198.png 300w\" sizes=\"(max-width: 500px) 100vw, 500px\" \/>\t\t\t\t\t\t\n\t\t\t\t\t<\/div>\n\t\t\t\t\t\t\t\t\n<style>\n#image_584765112 {\n  width: 100%;\n}\n<\/style>\n\t<\/div>\n\t\n\t\t<\/div>\n\t\t\t\t\t<\/div>\n\n\t\n\n\t<div id=\"col-1344922100\" class=\"col no-b medium-4 small-12 large-4\"  data-animate=\"bounceIn\">\n\t\t\t\t<div class=\"col-inner\"  >\n\t\t\t\n\t\t\t\n\t<div id=\"text-1211342197\" class=\"text\">\n\t\t\n<h1><span style=\"font-size: 140%;\">MANUFACTURING &amp; PROCESSING FIELD<\/span><\/h1>\n\t\t\n<style>\n#text-1211342197 {\n  text-align: center;\n}\n<\/style>\n\t<\/div>\n\t\n\t\t<\/div>\n\t\t\t\t\t<\/div>\n\n\t\n\n\t<div id=\"col-1375700272\" class=\"col hide-for-small medium-4 small-12 large-4\"  data-animate=\"fadeInRight\">\n\t\t\t\t<div class=\"col-inner\"  >\n\t\t\t\n\t\t\t\n\t<div class=\"img has-hover x md-x lg-x y md-y lg-y\" id=\"image_1435359626\">\n\t\t\t\t\t\t\t\t<div class=\"img-inner image-zoom dark\" >\n\t\t\t<img loading=\"lazy\" decoding=\"async\" width=\"1020\" height=\"638\" src=\"https:\/\/ancl.vn\/wp-content\/uploads\/2023\/07\/8-3-1024x640.png\" class=\"attachment-large size-large\" alt=\"\" srcset=\"https:\/\/ancl.vn\/wp-content\/uploads\/2023\/07\/8-3-1024x640.png 1024w, https:\/\/ancl.vn\/wp-content\/uploads\/2023\/07\/8-3-300x188.png 300w, https:\/\/ancl.vn\/wp-content\/uploads\/2023\/07\/8-3-768x480.png 768w, https:\/\/ancl.vn\/wp-content\/uploads\/2023\/07\/8-3-1536x960.png 1536w, https:\/\/ancl.vn\/wp-content\/uploads\/2023\/07\/8-3.png 2048w\" sizes=\"(max-width: 1020px) 100vw, 1020px\" \/>\t\t\t\t\t\t\n\t\t\t\t\t<\/div>\n\t\t\t\t\t\t\t\t\n<style>\n#image_1435359626 {\n  width: 100%;\n}\n<\/style>\n\t<\/div>\n\t\n\t\t<\/div>\n\t\t\t\t\t<\/div>\n\n\t\n\n\t<div id=\"col-455271637\" class=\"col hide-for-small medium-4 small-12 large-4\"  data-animate=\"fadeInUp\">\n\t\t\t\t<div class=\"col-inner\"  >\n\t\t\t\n\t\t\t\n\t<div class=\"img has-hover x md-x lg-x y md-y lg-y\" id=\"image_824526685\">\n\t\t\t\t\t\t\t\t<div class=\"img-inner image-zoom dark\" >\n\t\t\t<img loading=\"lazy\" decoding=\"async\" width=\"1020\" height=\"638\" src=\"https:\/\/ancl.vn\/wp-content\/uploads\/2023\/07\/P4-HAN-1-1024x769-1.png\" class=\"attachment-large size-large\" alt=\"\" srcset=\"https:\/\/ancl.vn\/wp-content\/uploads\/2023\/07\/P4-HAN-1-1024x769-1.png 1024w, https:\/\/ancl.vn\/wp-content\/uploads\/2023\/07\/P4-HAN-1-1024x769-1-300x188.png 300w, https:\/\/ancl.vn\/wp-content\/uploads\/2023\/07\/P4-HAN-1-1024x769-1-768x481.png 768w\" sizes=\"(max-width: 1020px) 100vw, 1020px\" \/>\t\t\t\t\t\t\n\t\t\t\t\t<\/div>\n\t\t\t\t\t\t\t\t\n<style>\n#image_824526685 {\n  width: 100%;\n}\n<\/style>\n\t<\/div>\n\t\n\t\t<\/div>\n\t\t\t\t\t<\/div>\n\n\t\n\n\t<div id=\"col-2005536697\" class=\"col hide-for-small medium-4 small-12 large-4\"  data-animate=\"fadeInUp\">\n\t\t\t\t<div class=\"col-inner\"  >\n\t\t\t\n\t\t\t\n\t<div class=\"img has-hover x md-x lg-x y md-y lg-y\" id=\"image_880314830\">\n\t\t\t\t\t\t\t\t<div class=\"img-inner image-zoom dark\" >\n\t\t\t<img loading=\"lazy\" decoding=\"async\" width=\"1020\" height=\"638\" src=\"https:\/\/ancl.vn\/wp-content\/uploads\/2023\/07\/8.DAP-NONG-1024x640.png\" class=\"attachment-large size-large\" alt=\"\" srcset=\"https:\/\/ancl.vn\/wp-content\/uploads\/2023\/07\/8.DAP-NONG-1024x640.png 1024w, https:\/\/ancl.vn\/wp-content\/uploads\/2023\/07\/8.DAP-NONG-300x188.png 300w, https:\/\/ancl.vn\/wp-content\/uploads\/2023\/07\/8.DAP-NONG-768x480.png 768w, https:\/\/ancl.vn\/wp-content\/uploads\/2023\/07\/8.DAP-NONG-1536x960.png 1536w, https:\/\/ancl.vn\/wp-content\/uploads\/2023\/07\/8.DAP-NONG.png 2048w\" sizes=\"(max-width: 1020px) 100vw, 1020px\" \/>\t\t\t\t\t\t\n\t\t\t\t\t<\/div>\n\t\t\t\t\t\t\t\t\n<style>\n#image_880314830 {\n  width: 100%;\n}\n<\/style>\n\t<\/div>\n\t\n\t\t<\/div>\n\t\t\t\t\t<\/div>\n\n\t\n\n\t<div id=\"col-379448215\" class=\"col hide-for-small medium-4 small-12 large-4\"  data-animate=\"fadeInUp\">\n\t\t\t\t<div class=\"col-inner\"  >\n\t\t\t\n\t\t\t\n\t<div class=\"img has-hover x md-x lg-x y md-y lg-y\" id=\"image_1635409194\">\n\t\t\t\t\t\t\t\t<div class=\"img-inner image-zoom dark\" >\n\t\t\t<img loading=\"lazy\" decoding=\"async\" width=\"800\" height=\"500\" src=\"https:\/\/ancl.vn\/wp-content\/uploads\/2023\/07\/1-1-2.png\" class=\"attachment-large size-large\" alt=\"\" srcset=\"https:\/\/ancl.vn\/wp-content\/uploads\/2023\/07\/1-1-2.png 800w, https:\/\/ancl.vn\/wp-content\/uploads\/2023\/07\/1-1-2-300x188.png 300w, https:\/\/ancl.vn\/wp-content\/uploads\/2023\/07\/1-1-2-768x480.png 768w\" sizes=\"(max-width: 800px) 100vw, 800px\" \/>\t\t\t\t\t\t\n\t\t\t\t\t<\/div>\n\t\t\t\t\t\t\t\t\n<style>\n#image_1635409194 {\n  width: 100%;\n}\n<\/style>\n\t<\/div>\n\t\n\t\t<\/div>\n\t\t\t\t\t<\/div>\n\n\t\n<\/div>\n\t\t<\/div>\n\t\t\t\t\t<\/div>\n\n\t\n<\/div>\n\t\t<\/div>\n\n\t\t\n<style>\n#section_908615011 {\n  padding-top: 0px;\n  padding-bottom: 0px;\n}\n<\/style>\n\t<\/section>\n\t\n<div class=\"row\"  id=\"row-1242205183\">\n\n\t<div id=\"col-544586469\" class=\"col pb-0 small-12 large-12\"  data-animate=\"blurIn\">\n\t\t\t\t<div class=\"col-inner\"  >\n\t\t\t\n\t\t\t\n<div class=\"container section-title-container\" ><h2 class=\"section-title section-title-normal\"><b><\/b><span class=\"section-title-main\" >PRECISION MECHANICAL<\/span><b><\/b><\/h2><\/div>\n\t\t<\/div>\n\t\t\t\t\t<\/div>\n\n\t\n\n\t<div id=\"col-86005459\" class=\"col medium-4 small-12 large-4\"  data-animate=\"fadeInLeft\">\n\t\t\t\t<div class=\"col-inner\"  >\n\t\t\t\n\t\t\t\n\t<div class=\"img has-hover x md-x lg-x y md-y lg-y\" id=\"image_414320799\">\n\t\t\t\t\t\t\t\t<div class=\"img-inner image-zoom dark\" >\n\t\t\t<img loading=\"lazy\" decoding=\"async\" width=\"500\" height=\"320\" src=\"https:\/\/ancl.vn\/wp-content\/uploads\/2023\/06\/Gia-cong-CNC-1.jpg\" class=\"attachment-large size-large\" alt=\"\" srcset=\"https:\/\/ancl.vn\/wp-content\/uploads\/2023\/06\/Gia-cong-CNC-1.jpg 500w, https:\/\/ancl.vn\/wp-content\/uploads\/2023\/06\/Gia-cong-CNC-1-300x192.jpg 300w\" sizes=\"(max-width: 500px) 100vw, 500px\" \/>\t\t\t\t\t\t\n\t\t\t\t\t<\/div>\n\t\t\t\t\t\t\t\t\n<style>\n#image_414320799 {\n  width: 80%;\n}\n<\/style>\n\t<\/div>\n\t\n\t\t<\/div>\n\t\t\t\t\t<\/div>\n\n\t\n\n\t<div id=\"col-2098655330\" class=\"col medium-8 small-12 large-8\"  data-animate=\"fadeInRight\">\n\t\t\t\t<div class=\"col-inner\"  >\n\t\t\t\n\t\t\t\n\t<div id=\"text-1723632950\" class=\"text\">\n\t\t\n<h3><strong>We specialize in precision machining with advanced technology, meeting strict technical requirements:<\/strong><\/h3>\n<ul>\n<li><strong>CNC Machining<\/strong>: Lathe, milling, wire cutting, and grinding with high precision.<\/li>\n<li><strong>Production Based on Drawings<\/strong>: Capable of handling both single-piece and mass production orders.<\/li>\n<li><strong>Machining Materials<\/strong>: Aluminum, steel, stainless steel, copper,\u00a0 plastics, etc.<\/li>\n<li><strong>Applications<\/strong>: Automotive and motorcycle components, medical devices, industrial equipment, semiconductor industry, etc.<\/li>\n<\/ul>\n\t\t\n<style>\n#text-1723632950 {\n  text-align: left;\n}\n<\/style>\n\t<\/div>\n\t\n\t\t<\/div>\n\t\t\t\t\t<\/div>\n\n\t\n<\/div>\n<div class=\"row\"  id=\"row-208324110\">\n\n\t<div id=\"col-1045089940\" class=\"col pb-0 small-12 large-12\"  data-animate=\"blurIn\">\n\t\t\t\t<div class=\"col-inner\"  >\n\t\t\t\n\t\t\t\n<div class=\"container section-title-container\" ><h2 class=\"section-title section-title-normal\"><b><\/b><span class=\"section-title-main\" >FORGING - STAMPING<\/span><b><\/b><\/h2><\/div>\n\t\t<\/div>\n\t\t\t\t\t<\/div>\n\n\t\n\n\t<div id=\"col-1477521409\" class=\"col medium-4 small-12 large-4\"  data-animate=\"fadeInLeft\">\n\t\t\t\t<div class=\"col-inner\"  >\n\t\t\t\n\t\t\t\n\t<div class=\"img has-hover x md-x lg-x y md-y lg-y\" id=\"image_1192450098\">\n\t\t\t\t\t\t\t\t<div class=\"img-inner image-zoom dark\" >\n\t\t\t<img loading=\"lazy\" decoding=\"async\" width=\"500\" height=\"320\" src=\"https:\/\/ancl.vn\/wp-content\/uploads\/2023\/06\/Gia-cong-Dap-nong-dap-nguoi-1.jpg\" class=\"attachment-large size-large\" alt=\"\" srcset=\"https:\/\/ancl.vn\/wp-content\/uploads\/2023\/06\/Gia-cong-Dap-nong-dap-nguoi-1.jpg 500w, https:\/\/ancl.vn\/wp-content\/uploads\/2023\/06\/Gia-cong-Dap-nong-dap-nguoi-1-300x192.jpg 300w\" sizes=\"(max-width: 500px) 100vw, 500px\" \/>\t\t\t\t\t\t\n\t\t\t\t\t<\/div>\n\t\t\t\t\t\t\t\t\n<style>\n#image_1192450098 {\n  width: 80%;\n}\n<\/style>\n\t<\/div>\n\t\n\t\t<\/div>\n\t\t\t\t\t<\/div>\n\n\t\n\n\t<div id=\"col-1477864489\" class=\"col medium-8 small-12 large-8\"  data-animate=\"fadeInRight\">\n\t\t\t\t<div class=\"col-inner\"  >\n\t\t\t\n\t\t\t\n\t<div id=\"text-3810987528\" class=\"text\">\n\t\t\n<h3><strong>Advanced Forging Technology for High-Durability Products, Meeting Strict Technical Standards:<\/strong><\/h3>\n<ul>\n<li><strong>Press Capacity<\/strong>: Various press machines ranging from 160 tons to 630 tons.<\/li>\n<li><strong>Materials Used<\/strong>: Carbon steel, stainless steel, copper.<\/li>\n<li><strong>Quality Control Process<\/strong>: Dimensional inspection, strength testing, heat treatment.<\/li>\n<li><strong>Applications<\/strong>: Mechanical components, automotive and motorcycle parts, industrial equipment, semiconductor industry, etc.<\/li>\n<\/ul>\n\t\t\n<style>\n#text-3810987528 {\n  text-align: left;\n}\n<\/style>\n\t<\/div>\n\t\n\t\t<\/div>\n\t\t\t\t\t<\/div>\n\n\t\n<\/div>\n<div class=\"row align-middle\"  id=\"row-1345586194\">\n\n\t<div id=\"col-1983920459\" class=\"col pb-0 small-12 large-12\"  data-animate=\"blurIn\">\n\t\t\t\t<div class=\"col-inner\"  >\n\t\t\t\n\t\t\t\n<div class=\"container section-title-container\" ><h2 class=\"section-title section-title-normal\"><b><\/b><span class=\"section-title-main\" >assembly<\/span><b><\/b><\/h2><\/div>\n\t\t<\/div>\n\t\t\t\t\t<\/div>\n\n\t\n\n\t<div id=\"col-164881262\" class=\"col medium-4 small-12 large-4\"  data-animate=\"fadeInLeft\">\n\t\t\t\t<div class=\"col-inner\"  >\n\t\t\t\n\t\t\t\n\t<div class=\"img has-hover x md-x lg-x y md-y lg-y\" id=\"image_1001698114\">\n\t\t\t\t\t\t\t\t<div class=\"img-inner image-zoom image-cover dark\" style=\"padding-top:65%;\">\n\t\t\t<img loading=\"lazy\" decoding=\"async\" width=\"1020\" height=\"489\" src=\"https:\/\/ancl.vn\/wp-content\/uploads\/2025\/12\/Line-lap-rap-1024x491.jpg\" class=\"attachment-large size-large\" alt=\"\" srcset=\"https:\/\/ancl.vn\/wp-content\/uploads\/2025\/12\/Line-lap-rap-1024x491.jpg 1024w, https:\/\/ancl.vn\/wp-content\/uploads\/2025\/12\/Line-lap-rap-300x144.jpg 300w, https:\/\/ancl.vn\/wp-content\/uploads\/2025\/12\/Line-lap-rap-768x369.jpg 768w, https:\/\/ancl.vn\/wp-content\/uploads\/2025\/12\/Line-lap-rap-1536x737.jpg 1536w, https:\/\/ancl.vn\/wp-content\/uploads\/2025\/12\/Line-lap-rap.jpg 1982w\" sizes=\"(max-width: 1020px) 100vw, 1020px\" \/>\t\t\t\t\t\t\n\t\t\t\t\t<\/div>\n\t\t\t\t\t\t\t\t\n<style>\n#image_1001698114 {\n  width: 80%;\n}\n<\/style>\n\t<\/div>\n\t\n\t\t<\/div>\n\t\t\t\t\t<\/div>\n\n\t\n\n\t<div id=\"col-17321858\" class=\"col medium-8 small-12 large-8\"  data-animate=\"fadeInRight\">\n\t\t\t\t<div class=\"col-inner\"  >\n\t\t\t\n\t\t\t\n\t<div id=\"text-1826474814\" class=\"text\">\n\t\t\n<h3><strong>We Provide Custom Assembly Services with High-Quality Standards:<\/strong><\/h3>\n<ul>\n<li><strong>OEM (Original Equipment Manufacturing)<\/strong>: Production according to customer requirements, ensuring consistency and high quality.<\/li>\n<li><strong>ODM (Original Design Manufacturing)<\/strong>: Supporting design and product development based on customer ideas.<\/li>\n<li><strong>Quality Inspection Standards<\/strong>: 100% product inspection before shipment.<\/li>\n<li><strong>Applications<\/strong>: Mechanical component assemblies and fully assembled products tailored to customer specifications.<\/li>\n<\/ul>\n\t\t\n<style>\n#text-1826474814 {\n  text-align: left;\n}\n<\/style>\n\t<\/div>\n\t\n\t\t<\/div>\n\t\t\t\t\t<\/div>\n\n\t\n<\/div>\n","protected":false},"excerpt":{"rendered":"","protected":false},"author":1,"featured_media":0,"parent":0,"menu_order":0,"comment_status":"closed","ping_status":"closed","template":"page-blank.php","meta":{"footnotes":""},"class_list":["post-965","page","type-page","status-publish","hentry"],"acf":[],"yoast_head":"<!-- This site is optimized with the Yoast SEO plugin v20.13 - https:\/\/yoast.com\/wordpress\/plugins\/seo\/ -->\n<title>Field - C\u00f4ng Ty TNHH Anh Ngh\u0129a ANCL<\/title>\n<meta name=\"robots\" content=\"index, follow, max-snippet:-1, max-image-preview:large, max-video-preview:-1\" \/>\n<link rel=\"canonical\" href=\"https:\/\/ancl.vn\/en\/field\/\" \/>\n<meta property=\"og:locale\" content=\"en_US\" \/>\n<meta property=\"og:type\" content=\"article\" \/>\n<meta property=\"og:title\" content=\"Field - C\u00f4ng Ty TNHH Anh Ngh\u0129a ANCL\" \/>\n<meta property=\"og:url\" content=\"https:\/\/ancl.vn\/en\/field\/\" \/>\n<meta property=\"og:site_name\" content=\"C\u00f4ng Ty TNHH Anh Ngh\u0129a ANCL\" \/>\n<meta property=\"article:modified_time\" content=\"2025-12-22T04:26:15+00:00\" \/>\n<meta name=\"twitter:card\" content=\"summary_large_image\" \/>\n<meta name=\"twitter:label1\" content=\"Est. reading time\" \/>\n\t<meta name=\"twitter:data1\" content=\"3 minutes\" \/>\n<script type=\"application\/ld+json\" class=\"yoast-schema-graph\">{\"@context\":\"https:\/\/schema.org\",\"@graph\":[{\"@type\":\"WebPage\",\"@id\":\"https:\/\/ancl.vn\/en\/field\/\",\"url\":\"https:\/\/ancl.vn\/en\/field\/\",\"name\":\"Field - C\u00f4ng Ty TNHH Anh Ngh\u0129a ANCL\",\"isPartOf\":{\"@id\":\"https:\/\/ancl.vn\/#website\"},\"datePublished\":\"2023-06-23T19:36:07+00:00\",\"dateModified\":\"2025-12-22T04:26:15+00:00\",\"breadcrumb\":{\"@id\":\"https:\/\/ancl.vn\/en\/field\/#breadcrumb\"},\"inLanguage\":\"en-US\",\"potentialAction\":[{\"@type\":\"ReadAction\",\"target\":[\"https:\/\/ancl.vn\/en\/field\/\"]}]},{\"@type\":\"BreadcrumbList\",\"@id\":\"https:\/\/ancl.vn\/en\/field\/#breadcrumb\",\"itemListElement\":[{\"@type\":\"ListItem\",\"position\":1,\"name\":\"Home\",\"item\":\"https:\/\/ancl.vn\/\"},{\"@type\":\"ListItem\",\"position\":2,\"name\":\"Field\"}]},{\"@type\":\"WebSite\",\"@id\":\"https:\/\/ancl.vn\/#website\",\"url\":\"https:\/\/ancl.vn\/\",\"name\":\"C\u00f4ng Ty TNHH Anh Ngh\u0129a ANCL\",\"description\":\"C\u01a1 Kh\u00ed Ch\u00ednh X\u00e1c - Gia C\u00f4ng Chi Ti\u1ebft, Linh Ki\u1ec7n, Ph\u1ee5 T\u00f9ng Theo Y\u00eau C\u1ea7u\",\"potentialAction\":[{\"@type\":\"SearchAction\",\"target\":{\"@type\":\"EntryPoint\",\"urlTemplate\":\"https:\/\/ancl.vn\/?s={search_term_string}\"},\"query-input\":\"required name=search_term_string\"}],\"inLanguage\":\"en-US\"}]}<\/script>\n<!-- \/ Yoast SEO plugin. -->","yoast_head_json":{"title":"Field - C\u00f4ng Ty TNHH Anh Ngh\u0129a ANCL","robots":{"index":"index","follow":"follow","max-snippet":"max-snippet:-1","max-image-preview":"max-image-preview:large","max-video-preview":"max-video-preview:-1"},"canonical":"https:\/\/ancl.vn\/en\/field\/","og_locale":"en_US","og_type":"article","og_title":"Field - C\u00f4ng Ty TNHH Anh Ngh\u0129a ANCL","og_url":"https:\/\/ancl.vn\/en\/field\/","og_site_name":"C\u00f4ng Ty TNHH Anh Ngh\u0129a ANCL","article_modified_time":"2025-12-22T04:26:15+00:00","twitter_card":"summary_large_image","twitter_misc":{"Est. reading time":"3 minutes"},"schema":{"@context":"https:\/\/schema.org","@graph":[{"@type":"WebPage","@id":"https:\/\/ancl.vn\/en\/field\/","url":"https:\/\/ancl.vn\/en\/field\/","name":"Field - C\u00f4ng Ty TNHH Anh Ngh\u0129a ANCL","isPartOf":{"@id":"https:\/\/ancl.vn\/#website"},"datePublished":"2023-06-23T19:36:07+00:00","dateModified":"2025-12-22T04:26:15+00:00","breadcrumb":{"@id":"https:\/\/ancl.vn\/en\/field\/#breadcrumb"},"inLanguage":"en-US","potentialAction":[{"@type":"ReadAction","target":["https:\/\/ancl.vn\/en\/field\/"]}]},{"@type":"BreadcrumbList","@id":"https:\/\/ancl.vn\/en\/field\/#breadcrumb","itemListElement":[{"@type":"ListItem","position":1,"name":"Home","item":"https:\/\/ancl.vn\/"},{"@type":"ListItem","position":2,"name":"Field"}]},{"@type":"WebSite","@id":"https:\/\/ancl.vn\/#website","url":"https:\/\/ancl.vn\/","name":"C\u00f4ng Ty TNHH Anh Ngh\u0129a ANCL","description":"C\u01a1 Kh\u00ed Ch\u00ednh X\u00e1c - Gia C\u00f4ng Chi Ti\u1ebft, Linh Ki\u1ec7n, Ph\u1ee5 T\u00f9ng Theo Y\u00eau C\u1ea7u","potentialAction":[{"@type":"SearchAction","target":{"@type":"EntryPoint","urlTemplate":"https:\/\/ancl.vn\/?s={search_term_string}"},"query-input":"required name=search_term_string"}],"inLanguage":"en-US"}]}},"_links":{"self":[{"href":"https:\/\/ancl.vn\/en\/wp-json\/wp\/v2\/pages\/965"}],"collection":[{"href":"https:\/\/ancl.vn\/en\/wp-json\/wp\/v2\/pages"}],"about":[{"href":"https:\/\/ancl.vn\/en\/wp-json\/wp\/v2\/types\/page"}],"author":[{"embeddable":true,"href":"https:\/\/ancl.vn\/en\/wp-json\/wp\/v2\/users\/1"}],"replies":[{"embeddable":true,"href":"https:\/\/ancl.vn\/en\/wp-json\/wp\/v2\/comments?post=965"}],"version-history":[{"count":40,"href":"https:\/\/ancl.vn\/en\/wp-json\/wp\/v2\/pages\/965\/revisions"}],"predecessor-version":[{"id":2464,"href":"https:\/\/ancl.vn\/en\/wp-json\/wp\/v2\/pages\/965\/revisions\/2464"}],"wp:attachment":[{"href":"https:\/\/ancl.vn\/en\/wp-json\/wp\/v2\/media?parent=965"}],"curies":[{"name":"wp","href":"https:\/\/api.w.org\/{rel}","templated":true}]}}