{"id":955,"date":"2023-06-24T02:37:14","date_gmt":"2023-06-23T19:37:14","guid":{"rendered":"https:\/\/ancl.vn\/thiet-bi-may-moc\/"},"modified":"2026-03-03T08:20:29","modified_gmt":"2026-03-03T01:20:29","slug":"rquipment","status":"publish","type":"page","link":"https:\/\/ancl.vn\/en\/rquipment\/","title":{"rendered":"Equipment"},"content":{"rendered":"\t<section class=\"section mx_page-header\" id=\"section_782443677\">\n\t\t<div class=\"bg section-bg fill bg-fill  bg-loaded\" >\n\n\t\t\t\n\t\t\t\n\t\t\t\n\n\t\t<\/div>\n\n\t\t\n\n\t\t<div class=\"section-content relative\">\n\t\t\t\n\t<div id=\"gap-1019716933\" class=\"gap-element clearfix\" style=\"display:block; height:auto;\">\n\t\t\n<style>\n#gap-1019716933 {\n  padding-top: 30px;\n}\n<\/style>\n\t<\/div>\n\t\n<div class=\"row align-middle\"  id=\"row-875969448\">\n\n\t<div id=\"col-115767684\" class=\"col hide-for-medium medium-4 small-12 large-4\"  data-animate=\"fadeInLeft\">\n\t\t\t\t<div class=\"col-inner\"  >\n\t\t\t\n\t\t\t\n\t<div class=\"img has-hover x md-x lg-x y md-y lg-y\" id=\"image_1323099070\">\n\t\t\t\t\t\t\t\t<div class=\"img-inner dark\" >\n\t\t\t<img loading=\"lazy\" decoding=\"async\" width=\"600\" height=\"450\" src=\"https:\/\/ancl.vn\/wp-content\/uploads\/2023\/12\/z4951821716476_93c1bdd4371c03b1823e5b4f07958013.jpg\" class=\"attachment-large size-large\" alt=\"\" srcset=\"https:\/\/ancl.vn\/wp-content\/uploads\/2023\/12\/z4951821716476_93c1bdd4371c03b1823e5b4f07958013.jpg 600w, https:\/\/ancl.vn\/wp-content\/uploads\/2023\/12\/z4951821716476_93c1bdd4371c03b1823e5b4f07958013-300x225.jpg 300w\" sizes=\"(max-width: 600px) 100vw, 600px\" \/>\t\t\t\t\t\t\n\t\t\t\t\t<\/div>\n\t\t\t\t\t\t\t\t\n<style>\n#image_1323099070 {\n  width: 100%;\n}\n<\/style>\n\t<\/div>\n\t\n\t\t<\/div>\n\t\t\t\t\t<\/div>\n\n\t\n\n\t<div id=\"col-1677979381\" class=\"col medium-12 small-12 large-4\"  data-animate=\"fadeInDown\">\n\t\t\t\t<div class=\"col-inner\"  >\n\t\t\t\n\t\t\t\n\t<div class=\"img has-hover x md-x lg-x y md-y lg-y\" id=\"image_1978560060\">\n\t\t\t\t\t\t\t\t<div class=\"img-inner dark\" >\n\t\t\t<img loading=\"lazy\" decoding=\"async\" width=\"600\" height=\"450\" src=\"https:\/\/ancl.vn\/wp-content\/uploads\/2023\/07\/2-1.jpg\" class=\"attachment-large size-large\" alt=\"\" srcset=\"https:\/\/ancl.vn\/wp-content\/uploads\/2023\/07\/2-1.jpg 600w, https:\/\/ancl.vn\/wp-content\/uploads\/2023\/07\/2-1-300x225.jpg 300w\" sizes=\"(max-width: 600px) 100vw, 600px\" \/>\t\t\t\t\t\t\n\t\t\t\t\t<\/div>\n\t\t\t\t\t\t\t\t\n<style>\n#image_1978560060 {\n  width: 100%;\n}\n<\/style>\n\t<\/div>\n\t\n\t\t<\/div>\n\t\t\t\t\t<\/div>\n\n\t\n\n\t<div id=\"col-942481584\" class=\"col hide-for-medium medium-4 small-12 large-4\"  data-animate=\"fadeInRight\">\n\t\t\t\t<div class=\"col-inner\"  >\n\t\t\t\n\t\t\t\n\t<div class=\"img has-hover x md-x lg-x y md-y lg-y\" id=\"image_568239738\">\n\t\t\t\t\t\t\t\t<div class=\"img-inner dark\" >\n\t\t\t<img loading=\"lazy\" decoding=\"async\" width=\"596\" height=\"443\" src=\"https:\/\/ancl.vn\/wp-content\/uploads\/2023\/12\/z4951833772083_360f0d64ad8fbad6641219cbdfaeaa4d-1.jpg\" class=\"attachment-large size-large\" alt=\"\" srcset=\"https:\/\/ancl.vn\/wp-content\/uploads\/2023\/12\/z4951833772083_360f0d64ad8fbad6641219cbdfaeaa4d-1.jpg 596w, https:\/\/ancl.vn\/wp-content\/uploads\/2023\/12\/z4951833772083_360f0d64ad8fbad6641219cbdfaeaa4d-1-300x223.jpg 300w\" sizes=\"(max-width: 596px) 100vw, 596px\" \/>\t\t\t\t\t\t\n\t\t\t\t\t<\/div>\n\t\t\t\t\t\t\t\t\n<style>\n#image_568239738 {\n  width: 100%;\n}\n<\/style>\n\t<\/div>\n\t\n\t\t<\/div>\n\t\t\t\t\t<\/div>\n\n\t\n<\/div>\n\t\t<\/div>\n\n\t\t\n<style>\n#section_782443677 {\n  padding-top: 0px;\n  padding-bottom: 0px;\n}\n<\/style>\n\t<\/section>\n\t\n\t<section class=\"section\" id=\"section_1668293913\">\n\t\t<div class=\"bg section-bg fill bg-fill  bg-loaded\" >\n\n\t\t\t\n\t\t\t\n\t\t\t\n\n\t\t<\/div>\n\n\t\t\n\n\t\t<div class=\"section-content relative\">\n\t\t\t\n<div class=\"container section-title-container\" ><h3 class=\"section-title section-title-bold\"><b><\/b><span class=\"section-title-main\" >PRODUCTION MACHINERY EQUIPMENT<\/span><b><\/b><\/h3><\/div>\n<div class=\"row row-large align-center mx_product\"  id=\"row-2075895034\">\n\n\t<div id=\"col-821647337\" class=\"col medium-6 small-12 large-5\"  data-animate=\"fadeInUp\">\n\t\t\t\t<div class=\"col-inner\"  >\n\t\t\t\n\t\t\t\n\t<div class=\"box has-hover   has-hover box-text-bottom\" >\n\n\t\t<div class=\"box-image\" style=\"width:75%;\">\n\t\t\t\t\t\t<div class=\"\" >\n\t\t\t\t<img loading=\"lazy\" decoding=\"async\" width=\"500\" height=\"450\" src=\"https:\/\/ancl.vn\/wp-content\/uploads\/2023\/06\/May-phay-5-truc-BROTHER-M140X2.jpg\" class=\"attachment- size-\" alt=\"\" srcset=\"https:\/\/ancl.vn\/wp-content\/uploads\/2023\/06\/May-phay-5-truc-BROTHER-M140X2.jpg 500w, https:\/\/ancl.vn\/wp-content\/uploads\/2023\/06\/May-phay-5-truc-BROTHER-M140X2-300x270.jpg 300w\" sizes=\"(max-width: 500px) 100vw, 500px\" \/>\t\t\t\t\t\t\t\t\t\t\t<\/div>\n\t\t\t\t\t<\/div>\n\n\t\t<div class=\"box-text text-left\" >\n\t\t\t<div class=\"box-text-inner\">\n\t\t\t\t\n<h4>5 axis milling machine BROTHER M140X2<\/h4>\n<ul>\n<li>Travel X: 200mm \/ Y: 440mm \/ Z: 305mm<\/li>\n<li>Working table: 1,280mm x 3,829mm<\/li>\n<li>Spindle speed: 10,000min-1<\/li>\n<\/ul>\n\t\t\t<\/div>\n\t\t<\/div>\n\t<\/div>\n\t\n\t\t<\/div>\n\t\t\t\t\t<\/div>\n\n\t\n\n\t<div id=\"col-905164466\" class=\"col medium-6 small-12 large-5\"  data-animate=\"fadeInUp\">\n\t\t\t\t<div class=\"col-inner\"  >\n\t\t\t\n\t\t\t\n\t<div class=\"box has-hover   has-hover box-text-bottom\" >\n\n\t\t<div class=\"box-image\" style=\"width:75%;\">\n\t\t\t\t\t\t<div class=\"\" >\n\t\t\t\t<img loading=\"lazy\" decoding=\"async\" width=\"500\" height=\"450\" src=\"https:\/\/ancl.vn\/wp-content\/uploads\/2023\/06\/May-phay-4-truc-OKUMA-GENOS-M460-VE-e.jpg\" class=\"attachment- size-\" alt=\"\" srcset=\"https:\/\/ancl.vn\/wp-content\/uploads\/2023\/06\/May-phay-4-truc-OKUMA-GENOS-M460-VE-e.jpg 500w, https:\/\/ancl.vn\/wp-content\/uploads\/2023\/06\/May-phay-4-truc-OKUMA-GENOS-M460-VE-e-300x270.jpg 300w\" sizes=\"(max-width: 500px) 100vw, 500px\" \/>\t\t\t\t\t\t\t\t\t\t\t<\/div>\n\t\t\t\t\t<\/div>\n\n\t\t<div class=\"box-text text-left\" >\n\t\t\t<div class=\"box-text-inner\">\n\t\t\t\t\n<h4>OKUMA GENOS M460-VE-e 4-Axis Milling Machine<\/h4>\n<ul>\n<li>Travel X: 762mm \/ Y: 460mm \/ Z: 460mm<\/li>\n<li>Working table: 1,000mm x 460mm<\/li>\n<li>Spindle speed: 15,000min-1<\/li>\n<\/ul>\n\t\t\t<\/div>\n\t\t<\/div>\n\t<\/div>\n\t\n\t\t<\/div>\n\t\t\t\t\t<\/div>\n\n\t\n\n\t<div id=\"col-1299751772\" class=\"col medium-6 small-12 large-5\"  data-animate=\"fadeInUp\">\n\t\t\t\t<div class=\"col-inner\"  >\n\t\t\t\n\t\t\t\n\t<div class=\"box has-hover   has-hover box-text-bottom\" >\n\n\t\t<div class=\"box-image\" style=\"width:75%;\">\n\t\t\t\t\t\t<div class=\"\" >\n\t\t\t\t<img loading=\"lazy\" decoding=\"async\" width=\"500\" height=\"450\" src=\"https:\/\/ancl.vn\/wp-content\/uploads\/2023\/06\/May-tien-OKUMA-GENOS-L250II-e.jpg\" class=\"attachment- size-\" alt=\"\" srcset=\"https:\/\/ancl.vn\/wp-content\/uploads\/2023\/06\/May-tien-OKUMA-GENOS-L250II-e.jpg 500w, https:\/\/ancl.vn\/wp-content\/uploads\/2023\/06\/May-tien-OKUMA-GENOS-L250II-e-300x270.jpg 300w\" sizes=\"(max-width: 500px) 100vw, 500px\" \/>\t\t\t\t\t\t\t\t\t\t\t<\/div>\n\t\t\t\t\t<\/div>\n\n\t\t<div class=\"box-text text-left\" >\n\t\t\t<div class=\"box-text-inner\">\n\t\t\t\t\n<h4>OKUMA GENOS L250II-e Lathe<\/h4>\n<ul>\n<li>Maximum Diameter: 220mm<\/li>\n<li>Max Length: 290mm<\/li>\n<li>Spindle speed: 4,500min-1<\/li>\n<\/ul>\n\t\t\t<\/div>\n\t\t<\/div>\n\t<\/div>\n\t\n\t\t<\/div>\n\t\t\t\t\t<\/div>\n\n\t\n\n\t<div id=\"col-797349007\" class=\"col medium-6 small-12 large-5\"  data-animate=\"fadeInUp\">\n\t\t\t\t<div class=\"col-inner\"  >\n\t\t\t\n\t\t\t\n\t<div class=\"box has-hover   has-hover box-text-bottom\" >\n\n\t\t<div class=\"box-image\" style=\"width:75%;\">\n\t\t\t\t\t\t<div class=\"\" >\n\t\t\t\t<img loading=\"lazy\" decoding=\"async\" width=\"500\" height=\"450\" src=\"https:\/\/ancl.vn\/wp-content\/uploads\/2023\/06\/May-tien-OKUMA-LB3000-EX-II.jpg\" class=\"attachment- size-\" alt=\"\" srcset=\"https:\/\/ancl.vn\/wp-content\/uploads\/2023\/06\/May-tien-OKUMA-LB3000-EX-II.jpg 500w, https:\/\/ancl.vn\/wp-content\/uploads\/2023\/06\/May-tien-OKUMA-LB3000-EX-II-300x270.jpg 300w\" sizes=\"(max-width: 500px) 100vw, 500px\" \/>\t\t\t\t\t\t\t\t\t\t\t<\/div>\n\t\t\t\t\t<\/div>\n\n\t\t<div class=\"box-text text-left\" >\n\t\t\t<div class=\"box-text-inner\">\n\t\t\t\t\n<h4>OKUMA LB3000 EX II Lathe<\/h4>\n<ul>\n<li>Maximum Diameter: 410mm<\/li>\n<li>Maximum length: 500mm<\/li>\n<li>Speed Range: 45~5,000min-1<\/li>\n<\/ul>\n\t\t\t<\/div>\n\t\t<\/div>\n\t<\/div>\n\t\n\t\t<\/div>\n\t\t\t\t\t<\/div>\n\n\t\n\n\t<div id=\"col-935176810\" class=\"col medium-6 small-12 large-5\"  data-animate=\"fadeInUp\">\n\t\t\t\t<div class=\"col-inner\"  >\n\t\t\t\n\t\t\t\n\t<div class=\"box has-hover   has-hover box-text-bottom\" >\n\n\t\t<div class=\"box-image\" style=\"width:75%;\">\n\t\t\t\t\t\t<div class=\"\" >\n\t\t\t\t<img loading=\"lazy\" decoding=\"async\" width=\"506\" height=\"450\" src=\"https:\/\/ancl.vn\/wp-content\/uploads\/2023\/12\/z4951441116419_728c16319ebd0dd7af39fdbabfc6ef87-1.jpg\" class=\"attachment- size-\" alt=\"\" srcset=\"https:\/\/ancl.vn\/wp-content\/uploads\/2023\/12\/z4951441116419_728c16319ebd0dd7af39fdbabfc6ef87-1.jpg 506w, https:\/\/ancl.vn\/wp-content\/uploads\/2023\/12\/z4951441116419_728c16319ebd0dd7af39fdbabfc6ef87-1-300x267.jpg 300w\" sizes=\"(max-width: 506px) 100vw, 506px\" \/>\t\t\t\t\t\t\t\t\t\t\t<\/div>\n\t\t\t\t\t<\/div>\n\n\t\t<div class=\"box-text text-left\" >\n\t\t\t<div class=\"box-text-inner\">\n\t\t\t\t\n<h4 style=\"text-align: center;\">Forging image<\/h4>\n\t\t\t<\/div>\n\t\t<\/div>\n\t<\/div>\n\t\n\t\t<\/div>\n\t\t\t\t\t<\/div>\n\n\t\n\n\t<div id=\"col-2053180234\" class=\"col medium-6 small-12 large-5\"  data-animate=\"fadeInUp\">\n\t\t\t\t<div class=\"col-inner\"  >\n\t\t\t\n\t\t\t\n\t<div class=\"box has-hover   has-hover box-text-bottom\" >\n\n\t\t<div class=\"box-image\" style=\"width:75%;\">\n\t\t\t\t\t\t<div class=\"\" >\n\t\t\t\t<img loading=\"lazy\" decoding=\"async\" width=\"506\" height=\"450\" src=\"https:\/\/ancl.vn\/wp-content\/uploads\/2023\/12\/z4951441116519_7475cefb061c3cbd8eaf3933a8eed4ce.jpg\" class=\"attachment- size-\" alt=\"\" srcset=\"https:\/\/ancl.vn\/wp-content\/uploads\/2023\/12\/z4951441116519_7475cefb061c3cbd8eaf3933a8eed4ce.jpg 506w, https:\/\/ancl.vn\/wp-content\/uploads\/2023\/12\/z4951441116519_7475cefb061c3cbd8eaf3933a8eed4ce-300x267.jpg 300w\" sizes=\"(max-width: 506px) 100vw, 506px\" \/>\t\t\t\t\t\t\t\t\t\t\t<\/div>\n\t\t\t\t\t<\/div>\n\n\t\t<div class=\"box-text text-left\" >\n\t\t\t<div class=\"box-text-inner\">\n\t\t\t\t\n<h4 style=\"text-align: center;\">Forging machine image<\/h4>\n\t\t\t<\/div>\n\t\t<\/div>\n\t<\/div>\n\t\n\t\t<\/div>\n\t\t\t\t\t<\/div>\n\n\t\n<\/div>\n\t\t<\/div>\n\n\t\t\n<style>\n#section_1668293913 {\n  padding-top: 0px;\n  padding-bottom: 0px;\n}\n<\/style>\n\t<\/section>\n\t\n\t<section class=\"section responsive-table\" id=\"section_1673160925\">\n\t\t<div class=\"bg section-bg fill bg-fill  bg-loaded\" >\n\n\t\t\t\n\t\t\t\n\t\t\t\n\n\t\t<\/div>\n\n\t\t\n\n\t\t<div class=\"section-content relative\">\n\t\t\t\n<div class=\"row align-center\"  id=\"row-958125283\">\n\n\t<div id=\"col-255829065\" class=\"col medium-10 small-12 large-10\"  >\n\t\t\t\t<div class=\"col-inner\"  >\n\t\t\t\n\t\t\t\n<table style=\"width: 103.755%; height: 217px;\" width=\"678\">\n<tbody>\n<tr style=\"height: 43px;\">\n<td style=\"height: 29px; width: 27.2727%; text-align: center;\" width=\"395\"><strong>MACHINERY<\/strong><\/td>\n<td style=\"height: 29px; width: 40.2631%; text-align: center;\" width=\"217\"><strong>MAKER<\/strong><\/td>\n<td style=\"height: 29px; width: 31.3278%; text-align: center;\" width=\"66\"><strong>QUANTITY<\/strong><\/td>\n<\/tr>\n<tr style=\"height: 21px;\">\n<td style=\"height: 10px; width: 27.2727%; text-align: center;\">\n<p>CNC 5 axis Milling Machine<\/p>\n<\/td>\n<td style=\"height: 10px; width: 40.2631%; text-align: center;\">BROTHER<\/td>\n<td style=\"height: 10px; width: 31.3278%; text-align: center;\">04<\/td>\n<\/tr>\n<tr style=\"height: 21px;\">\n<td style=\"height: 21px; width: 27.2727%; text-align: center;\">\n<p>CNC 4 axis Milling Machine<\/p>\n<\/td>\n<td style=\"height: 21px; width: 40.2631%; text-align: center;\">OKUMA\/TAIKAN\/FANUCROBODRILL<\/td>\n<td style=\"height: 21px; width: 31.3278%; text-align: center;\">35<\/td>\n<\/tr>\n<tr style=\"height: 21px;\">\n<td style=\"height: 21px; width: 27.2727%; text-align: center;\">CNC 3 axis Milling Machine<\/td>\n<td style=\"height: 21px; width: 40.2631%; text-align: center;\">OKUMA\/FANUCROBODRILL\/DMTG<\/td>\n<td style=\"height: 21px; width: 31.3278%; text-align: center;\">16<\/td>\n<\/tr>\n<tr style=\"height: 21px;\">\n<td style=\"height: 21px; width: 27.2727%; text-align: center;\">\n<p>CNC 2 axis Lathing Machine<\/p>\n<\/td>\n<td style=\"height: 21px; width: 40.2631%; text-align: center;\">OKUMA\/HITACHI\/MORISEIKI\/MIYANO<\/td>\n<td style=\"height: 21px; width: 31.3278%; text-align: center;\">71<\/td>\n<\/tr>\n<tr style=\"height: 21px;\">\n<td style=\"height: 31px; width: 27.2727%; text-align: center;\">FORGING LINE 160FT, 250TF, 400TF, 630TF, 1000TF<\/td>\n<td style=\"height: 31px; width: 40.2631%; text-align: center;\">AIDA\/KOMATSU\/KURIMOTO<\/td>\n<td style=\"height: 31px; width: 31.3278%; text-align: center;\">06<\/td>\n<\/tr>\n<tr style=\"height: 21px;\">\n<td style=\"height: 21px; width: 27.2727%; text-align: center;\">PEENING MACHINE<\/td>\n<td style=\"height: 21px; width: 40.2631%; text-align: center;\">LEKAR<\/td>\n<td style=\"height: 21px; width: 31.3278%; text-align: center;\">02<\/td>\n<\/tr>\n<tr style=\"height: 21px;\">\n<td style=\"height: 21px; width: 27.2727%; text-align: center;\">ROBOT WELDING MACHINE<\/td>\n<td style=\"height: 21px; width: 40.2631%; text-align: center;\">DAIHEN<\/td>\n<td style=\"height: 21px; width: 31.3278%; text-align: center;\">03<\/td>\n<\/tr>\n<tr style=\"height: 21px;\">\n<td style=\"height: 21px; width: 27.2727%; text-align: center;\">\n<p>SPECIALIZED TOOLS (SAW, DRILL, GRINDER, &#8230;)<\/p>\n<\/td>\n<td style=\"height: 21px; width: 40.2631%; text-align: center;\">YOSHIDA\/KONDO\/AMADA<\/td>\n<td style=\"height: 21px; width: 31.3278%; text-align: center;\">26<\/td>\n<\/tr>\n<\/tbody>\n<\/table>\n\t\t<\/div>\n\t\t\t\t\t<\/div>\n\n\t\n<\/div>\n\t\t<\/div>\n\n\t\t\n<style>\n#section_1673160925 {\n  padding-top: 0px;\n  padding-bottom: 0px;\n}\n<\/style>\n\t<\/section>\n\t\n","protected":false},"excerpt":{"rendered":"","protected":false},"author":1,"featured_media":0,"parent":0,"menu_order":0,"comment_status":"closed","ping_status":"closed","template":"page-blank.php","meta":{"footnotes":""},"class_list":["post-955","page","type-page","status-publish","hentry"],"acf":[],"yoast_head":"<!-- This site is optimized with the Yoast SEO plugin v20.13 - https:\/\/yoast.com\/wordpress\/plugins\/seo\/ -->\n<title>Equipment - C\u00f4ng Ty TNHH Anh Ngh\u0129a ANCL<\/title>\n<meta name=\"robots\" content=\"index, follow, max-snippet:-1, max-image-preview:large, max-video-preview:-1\" \/>\n<link rel=\"canonical\" href=\"https:\/\/ancl.vn\/en\/rquipment\/\" \/>\n<meta property=\"og:locale\" content=\"en_US\" \/>\n<meta property=\"og:type\" content=\"article\" \/>\n<meta property=\"og:title\" content=\"Equipment - C\u00f4ng Ty TNHH Anh Ngh\u0129a ANCL\" \/>\n<meta property=\"og:url\" content=\"https:\/\/ancl.vn\/en\/rquipment\/\" \/>\n<meta property=\"og:site_name\" content=\"C\u00f4ng Ty TNHH Anh Ngh\u0129a ANCL\" \/>\n<meta property=\"article:modified_time\" content=\"2026-03-03T01:20:29+00:00\" \/>\n<meta name=\"twitter:card\" content=\"summary_large_image\" \/>\n<meta name=\"twitter:label1\" content=\"Est. reading time\" \/>\n\t<meta name=\"twitter:data1\" content=\"3 minutes\" \/>\n<script type=\"application\/ld+json\" class=\"yoast-schema-graph\">{\"@context\":\"https:\/\/schema.org\",\"@graph\":[{\"@type\":\"WebPage\",\"@id\":\"https:\/\/ancl.vn\/en\/rquipment\/\",\"url\":\"https:\/\/ancl.vn\/en\/rquipment\/\",\"name\":\"Equipment - C\u00f4ng Ty TNHH Anh Ngh\u0129a ANCL\",\"isPartOf\":{\"@id\":\"https:\/\/ancl.vn\/#website\"},\"datePublished\":\"2023-06-23T19:37:14+00:00\",\"dateModified\":\"2026-03-03T01:20:29+00:00\",\"breadcrumb\":{\"@id\":\"https:\/\/ancl.vn\/en\/rquipment\/#breadcrumb\"},\"inLanguage\":\"en-US\",\"potentialAction\":[{\"@type\":\"ReadAction\",\"target\":[\"https:\/\/ancl.vn\/en\/rquipment\/\"]}]},{\"@type\":\"BreadcrumbList\",\"@id\":\"https:\/\/ancl.vn\/en\/rquipment\/#breadcrumb\",\"itemListElement\":[{\"@type\":\"ListItem\",\"position\":1,\"name\":\"Home\",\"item\":\"https:\/\/ancl.vn\/\"},{\"@type\":\"ListItem\",\"position\":2,\"name\":\"Equipment\"}]},{\"@type\":\"WebSite\",\"@id\":\"https:\/\/ancl.vn\/#website\",\"url\":\"https:\/\/ancl.vn\/\",\"name\":\"C\u00f4ng Ty TNHH Anh Ngh\u0129a ANCL\",\"description\":\"C\u01a1 Kh\u00ed Ch\u00ednh X\u00e1c - Gia C\u00f4ng Chi Ti\u1ebft, Linh Ki\u1ec7n, Ph\u1ee5 T\u00f9ng Theo Y\u00eau C\u1ea7u\",\"potentialAction\":[{\"@type\":\"SearchAction\",\"target\":{\"@type\":\"EntryPoint\",\"urlTemplate\":\"https:\/\/ancl.vn\/?s={search_term_string}\"},\"query-input\":\"required name=search_term_string\"}],\"inLanguage\":\"en-US\"}]}<\/script>\n<!-- \/ Yoast SEO plugin. -->","yoast_head_json":{"title":"Equipment - C\u00f4ng Ty TNHH Anh Ngh\u0129a ANCL","robots":{"index":"index","follow":"follow","max-snippet":"max-snippet:-1","max-image-preview":"max-image-preview:large","max-video-preview":"max-video-preview:-1"},"canonical":"https:\/\/ancl.vn\/en\/rquipment\/","og_locale":"en_US","og_type":"article","og_title":"Equipment - C\u00f4ng Ty TNHH Anh Ngh\u0129a ANCL","og_url":"https:\/\/ancl.vn\/en\/rquipment\/","og_site_name":"C\u00f4ng Ty TNHH Anh Ngh\u0129a ANCL","article_modified_time":"2026-03-03T01:20:29+00:00","twitter_card":"summary_large_image","twitter_misc":{"Est. reading time":"3 minutes"},"schema":{"@context":"https:\/\/schema.org","@graph":[{"@type":"WebPage","@id":"https:\/\/ancl.vn\/en\/rquipment\/","url":"https:\/\/ancl.vn\/en\/rquipment\/","name":"Equipment - C\u00f4ng Ty TNHH Anh Ngh\u0129a ANCL","isPartOf":{"@id":"https:\/\/ancl.vn\/#website"},"datePublished":"2023-06-23T19:37:14+00:00","dateModified":"2026-03-03T01:20:29+00:00","breadcrumb":{"@id":"https:\/\/ancl.vn\/en\/rquipment\/#breadcrumb"},"inLanguage":"en-US","potentialAction":[{"@type":"ReadAction","target":["https:\/\/ancl.vn\/en\/rquipment\/"]}]},{"@type":"BreadcrumbList","@id":"https:\/\/ancl.vn\/en\/rquipment\/#breadcrumb","itemListElement":[{"@type":"ListItem","position":1,"name":"Home","item":"https:\/\/ancl.vn\/"},{"@type":"ListItem","position":2,"name":"Equipment"}]},{"@type":"WebSite","@id":"https:\/\/ancl.vn\/#website","url":"https:\/\/ancl.vn\/","name":"C\u00f4ng Ty TNHH Anh Ngh\u0129a ANCL","description":"C\u01a1 Kh\u00ed Ch\u00ednh X\u00e1c - Gia C\u00f4ng Chi Ti\u1ebft, Linh Ki\u1ec7n, Ph\u1ee5 T\u00f9ng Theo Y\u00eau C\u1ea7u","potentialAction":[{"@type":"SearchAction","target":{"@type":"EntryPoint","urlTemplate":"https:\/\/ancl.vn\/?s={search_term_string}"},"query-input":"required name=search_term_string"}],"inLanguage":"en-US"}]}},"_links":{"self":[{"href":"https:\/\/ancl.vn\/en\/wp-json\/wp\/v2\/pages\/955"}],"collection":[{"href":"https:\/\/ancl.vn\/en\/wp-json\/wp\/v2\/pages"}],"about":[{"href":"https:\/\/ancl.vn\/en\/wp-json\/wp\/v2\/types\/page"}],"author":[{"embeddable":true,"href":"https:\/\/ancl.vn\/en\/wp-json\/wp\/v2\/users\/1"}],"replies":[{"embeddable":true,"href":"https:\/\/ancl.vn\/en\/wp-json\/wp\/v2\/comments?post=955"}],"version-history":[{"count":26,"href":"https:\/\/ancl.vn\/en\/wp-json\/wp\/v2\/pages\/955\/revisions"}],"predecessor-version":[{"id":2474,"href":"https:\/\/ancl.vn\/en\/wp-json\/wp\/v2\/pages\/955\/revisions\/2474"}],"wp:attachment":[{"href":"https:\/\/ancl.vn\/en\/wp-json\/wp\/v2\/media?parent=955"}],"curies":[{"name":"wp","href":"https:\/\/api.w.org\/{rel}","templated":true}]}}