{"id":953,"date":"2023-06-24T02:37:23","date_gmt":"2023-06-23T19:37:23","guid":{"rendered":"https:\/\/ancl.vn\/chat-luong\/"},"modified":"2025-10-31T09:24:53","modified_gmt":"2025-10-31T02:24:53","slug":"quality","status":"publish","type":"page","link":"https:\/\/ancl.vn\/en\/quality\/","title":{"rendered":"Quality"},"content":{"rendered":"\t<section class=\"section mx_page-header\" id=\"section_193688856\">\n\t\t<div class=\"bg section-bg fill bg-fill  bg-loaded\" >\n\n\t\t\t\n\t\t\t\n\t\t\t\n\n\t\t<\/div>\n\n\t\t\n\n\t\t<div class=\"section-content relative\">\n\t\t\t\n\t<div id=\"gap-1222962163\" class=\"gap-element clearfix\" style=\"display:block; height:auto;\">\n\t\t\n<style>\n#gap-1222962163 {\n  padding-top: 30px;\n}\n<\/style>\n\t<\/div>\n\t\n\t\t<\/div>\n\n\t\t\n<style>\n#section_193688856 {\n  padding-top: 0px;\n  padding-bottom: 0px;\n}\n<\/style>\n\t<\/section>\n\t\n\t<section class=\"section\" id=\"section_1784652254\">\n\t\t<div class=\"bg section-bg fill bg-fill  bg-loaded\" >\n\n\t\t\t\n\t\t\t\n\t\t\t\n\n\t\t<\/div>\n\n\t\t\n\n\t\t<div class=\"section-content relative\">\n\t\t\t\n<div class=\"row\"  id=\"row-1695728443\">\n\n\t<div id=\"col-453319866\" class=\"col medium-6 small-12 large-6\"  >\n\t\t\t\t<div class=\"col-inner\"  >\n\t\t\t\n\t\t\t\n\t<div class=\"img has-hover x md-x lg-x y md-y lg-y\" id=\"image_818224450\">\n\t\t\t\t\t\t\t\t<div class=\"img-inner image-cover dark\" style=\"padding-top:56.25%;\">\n\t\t\t<img loading=\"lazy\" decoding=\"async\" width=\"1020\" height=\"707\" src=\"https:\/\/ancl.vn\/wp-content\/uploads\/2024\/04\/z5291640633263_61382d45226f051960608f3d7b1c7257-1024x710.jpg\" class=\"attachment-large size-large\" alt=\"\" srcset=\"https:\/\/ancl.vn\/wp-content\/uploads\/2024\/04\/z5291640633263_61382d45226f051960608f3d7b1c7257-1024x710.jpg 1024w, https:\/\/ancl.vn\/wp-content\/uploads\/2024\/04\/z5291640633263_61382d45226f051960608f3d7b1c7257-300x208.jpg 300w, https:\/\/ancl.vn\/wp-content\/uploads\/2024\/04\/z5291640633263_61382d45226f051960608f3d7b1c7257-768x533.jpg 768w, https:\/\/ancl.vn\/wp-content\/uploads\/2024\/04\/z5291640633263_61382d45226f051960608f3d7b1c7257-1536x1065.jpg 1536w, https:\/\/ancl.vn\/wp-content\/uploads\/2024\/04\/z5291640633263_61382d45226f051960608f3d7b1c7257-2048x1420.jpg 2048w\" sizes=\"(max-width: 1020px) 100vw, 1020px\" \/>\t\t\t\t\t\t\n\t\t\t\t\t<\/div>\n\t\t\t\t\t\t\t\t\n<style>\n#image_818224450 {\n  width: 100%;\n}\n<\/style>\n\t<\/div>\n\t\n\t\t<\/div>\n\t\t\t\t\t<\/div>\n\n\t\n\n\t<div id=\"col-1197064690\" class=\"col medium-6 small-12 large-6\"  >\n\t\t\t\t<div class=\"col-inner\"  >\n\t\t\t\n\t\t\t\n\t<div class=\"img has-hover x md-x lg-x y md-y lg-y\" id=\"image_814673230\">\n\t\t\t\t\t\t\t\t<div class=\"img-inner image-cover dark\" style=\"padding-top:56.25%;\">\n\t\t\t<img loading=\"lazy\" decoding=\"async\" width=\"1020\" height=\"765\" src=\"https:\/\/ancl.vn\/wp-content\/uploads\/2025\/10\/4-1024x768.jpg\" class=\"attachment-large size-large\" alt=\"\" srcset=\"https:\/\/ancl.vn\/wp-content\/uploads\/2025\/10\/4-1024x768.jpg 1024w, https:\/\/ancl.vn\/wp-content\/uploads\/2025\/10\/4-300x225.jpg 300w, https:\/\/ancl.vn\/wp-content\/uploads\/2025\/10\/4-768x576.jpg 768w, https:\/\/ancl.vn\/wp-content\/uploads\/2025\/10\/4-1536x1152.jpg 1536w, https:\/\/ancl.vn\/wp-content\/uploads\/2025\/10\/4-2048x1536.jpg 2048w\" sizes=\"(max-width: 1020px) 100vw, 1020px\" \/>\t\t\t\t\t\t\n\t\t\t\t\t<\/div>\n\t\t\t\t\t\t\t\t\n<style>\n#image_814673230 {\n  width: 100%;\n}\n<\/style>\n\t<\/div>\n\t\n\t\t<\/div>\n\t\t\t\t\t<\/div>\n\n\t\n<\/div>\n<div class=\"container section-title-container\" ><h3 class=\"section-title section-title-bold\"><b><\/b><span class=\"section-title-main\" >ANCL QUALITY POLICY<\/span><b><\/b><\/h3><\/div>\n<div class=\"row align-middle\"  id=\"row-335322671\">\n\n\t<div id=\"col-912936072\" class=\"col medium-7 small-12 large-7\"  >\n\t\t\t\t<div class=\"col-inner\"  >\n\t\t\t\n\t\t\t\n<p>With the motto &#8220;quality first and customer first&#8221;, we commit:<\/p>\n<ul>\n<li>Provide high quality products, deliver on time.<\/li>\n<li>Listen to and absorb customer feedback.<\/li>\n<li>Continuously improving product quality to meet customer requirements.<\/li>\n<li>Train all employees to understand the above policy.<\/li>\n<\/ul>\n\t\t<\/div>\n\t\t\t\t\t<\/div>\n\n\t\n\n\t<div id=\"col-1669712379\" class=\"col medium-5 small-12 large-5\"  >\n\t\t\t\t<div class=\"col-inner\"  >\n\t\t\t\n\t\t\t\n\t<div class=\"img has-hover x md-x lg-x y md-y lg-y\" id=\"image_1328191450\">\n\t\t\t\t\t\t\t\t<div class=\"img-inner dark\" >\n\t\t\t<img loading=\"lazy\" decoding=\"async\" width=\"1020\" height=\"393\" src=\"https:\/\/ancl.vn\/wp-content\/uploads\/2023\/06\/iso2015-1024x395-1.png\" class=\"attachment-large size-large\" alt=\"\" srcset=\"https:\/\/ancl.vn\/wp-content\/uploads\/2023\/06\/iso2015-1024x395-1.png 1024w, https:\/\/ancl.vn\/wp-content\/uploads\/2023\/06\/iso2015-1024x395-1-300x116.png 300w, https:\/\/ancl.vn\/wp-content\/uploads\/2023\/06\/iso2015-1024x395-1-768x296.png 768w\" sizes=\"(max-width: 1020px) 100vw, 1020px\" \/>\t\t\t\t\t\t\n\t\t\t\t\t<\/div>\n\t\t\t\t\t\t\t\t\n<style>\n#image_1328191450 {\n  width: 100%;\n}\n<\/style>\n\t<\/div>\n\t\n\t\t<\/div>\n\t\t\t\t\t<\/div>\n\n\t\n<\/div>\n\t\t<\/div>\n\n\t\t\n<style>\n#section_1784652254 {\n  padding-top: 0px;\n  padding-bottom: 0px;\n}\n<\/style>\n\t<\/section>\n\t\n\t<section class=\"section\" id=\"section_230394715\">\n\t\t<div class=\"bg section-bg fill bg-fill  bg-loaded\" >\n\n\t\t\t\n\t\t\t\n\t\t\t\n\n\t\t<\/div>\n\n\t\t\n\n\t\t<div class=\"section-content relative\">\n\t\t\t\n<div class=\"container section-title-container\" ><h3 class=\"section-title section-title-bold\"><b><\/b><span class=\"section-title-main\" >TESTING EQUIPMENT<\/span><b><\/b><\/h3><\/div>\n<div class=\"row row-large align-center mx_product\"  id=\"row-909992531\">\n\n\t<div id=\"col-1884872086\" class=\"col medium-5 small-12 large-5\"  data-animate=\"fadeInUp\">\n\t\t\t\t<div class=\"col-inner\"  >\n\t\t\t\n\t\t\t\n\t<div class=\"box has-hover   has-hover box-text-bottom\" >\n\n\t\t<div class=\"box-image\" style=\"width:75%;\">\n\t\t\t\t\t\t<div class=\"\" >\n\t\t\t\t<img loading=\"lazy\" decoding=\"async\" width=\"500\" height=\"450\" src=\"https:\/\/ancl.vn\/wp-content\/uploads\/2023\/06\/MAY-DO-3D-MITUTOYO-CRYSTA-Apex-V574-CNC-CMM.jpg\" class=\"attachment- size-\" alt=\"\" srcset=\"https:\/\/ancl.vn\/wp-content\/uploads\/2023\/06\/MAY-DO-3D-MITUTOYO-CRYSTA-Apex-V574-CNC-CMM.jpg 500w, https:\/\/ancl.vn\/wp-content\/uploads\/2023\/06\/MAY-DO-3D-MITUTOYO-CRYSTA-Apex-V574-CNC-CMM-300x270.jpg 300w\" sizes=\"(max-width: 500px) 100vw, 500px\" \/>\t\t\t\t\t\t\t\t\t\t\t<\/div>\n\t\t\t\t\t<\/div>\n\n\t\t<div class=\"box-text text-left\" >\n\t\t\t<div class=\"box-text-inner\">\n\t\t\t\t\n<h3 style=\"text-align: left;\"><strong>3D Measuring Machine<\/strong><\/h3>\n<h4>\u00a0 MITUTOYO CRYSTA-Apex V574 CNC CMM<\/h4>\n<ul>\n<li>Measuring range X: 500mm \/ Y: 700mm \/ Z: 400mm<\/li>\n<li>Accuracy: E0, MPE from: (1.7+0.3L\/100) \u00b5m<\/li>\n<\/ul>\n\t\t\t<\/div>\n\t\t<\/div>\n\t<\/div>\n\t\n\t\t<\/div>\n\t\t\t\t\t<\/div>\n\n\t\n\n\t<div id=\"col-1872175390\" class=\"col medium-5 small-12 large-5\"  data-animate=\"fadeInUp\">\n\t\t\t\t<div class=\"col-inner\"  >\n\t\t\t\n\t\t\t\n\t<div class=\"box has-hover   has-hover box-text-bottom\" >\n\n\t\t<div class=\"box-image\" style=\"width:75%;\">\n\t\t\t\t\t\t<div class=\"\" >\n\t\t\t\t<img loading=\"lazy\" decoding=\"async\" width=\"500\" height=\"450\" src=\"https:\/\/ancl.vn\/wp-content\/uploads\/2023\/06\/MAY-DO-3D-ACCRTECH-CNC-MJU-NEX.jpg\" class=\"attachment- size-\" alt=\"\" srcset=\"https:\/\/ancl.vn\/wp-content\/uploads\/2023\/06\/MAY-DO-3D-ACCRTECH-CNC-MJU-NEX.jpg 500w, https:\/\/ancl.vn\/wp-content\/uploads\/2023\/06\/MAY-DO-3D-ACCRTECH-CNC-MJU-NEX-300x270.jpg 300w\" sizes=\"(max-width: 500px) 100vw, 500px\" \/>\t\t\t\t\t\t\t\t\t\t\t<\/div>\n\t\t\t\t\t<\/div>\n\n\t\t<div class=\"box-text text-left\" >\n\t\t\t<div class=\"box-text-inner\">\n\t\t\t\t\n<h3 style=\"text-align: left;\"><strong>3D Measuring Machine<\/strong><\/h3>\n<h4>\u00a0 ACCRTECH CNC MJU NEX 5\/8\/4-C6 Meter<\/h4>\n<ul>\n<li>Measurement range X: 510mm \/ Y: 760mm \/ Z: 410mm<\/li>\n<li>Accuracy: E0, MPE from: (2.7+L\/250) \u00b5m<\/li>\n<\/ul>\n\t\t\t<\/div>\n\t\t<\/div>\n\t<\/div>\n\t\n\t\t<\/div>\n\t\t\t\t\t<\/div>\n\n\t\n\n\t<div id=\"col-809040933\" class=\"col medium-5 small-12 large-5\"  data-animate=\"fadeInUp\">\n\t\t\t\t<div class=\"col-inner\"  >\n\t\t\t\n\t\t\t\n\t<div class=\"box has-hover   has-hover box-text-bottom\" >\n\n\t\t<div class=\"box-image\" style=\"width:75%;\">\n\t\t\t\t\t\t<div class=\"\" >\n\t\t\t\t<img loading=\"lazy\" decoding=\"async\" width=\"500\" height=\"450\" src=\"https:\/\/ancl.vn\/wp-content\/uploads\/2023\/06\/MAY-DO-BIEN-DANG-MITUTOYO-CONTRACER-CV-2100.jpg\" class=\"attachment- size-\" alt=\"\" srcset=\"https:\/\/ancl.vn\/wp-content\/uploads\/2023\/06\/MAY-DO-BIEN-DANG-MITUTOYO-CONTRACER-CV-2100.jpg 500w, https:\/\/ancl.vn\/wp-content\/uploads\/2023\/06\/MAY-DO-BIEN-DANG-MITUTOYO-CONTRACER-CV-2100-300x270.jpg 300w\" sizes=\"(max-width: 500px) 100vw, 500px\" \/>\t\t\t\t\t\t\t\t\t\t\t<\/div>\n\t\t\t\t\t<\/div>\n\n\t\t<div class=\"box-text text-left\" >\n\t\t\t<div class=\"box-text-inner\">\n\t\t\t\t\n<h3>Contour Measuring Machine<\/h3>\n<h4>\u00a0 MITUTOYO CONTRACER CV-2100 CONTRACER<\/h4>\n<ul>\n<li>Measurement Range X: 4*(100mm) \/ Z: 2*(50mm)<\/li>\n<li>X accuracy: \u00b1 (2.5+0.02L) m<\/li>\n<li>Z Accuracy: \u00b1 (2.5+0.1H) m<\/li>\n<\/ul>\n\t\t\t<\/div>\n\t\t<\/div>\n\t<\/div>\n\t\n\t\t<\/div>\n\t\t\t\t\t<\/div>\n\n\t\n\n\t<div id=\"col-1563223839\" class=\"col medium-5 small-12 large-5\"  data-animate=\"fadeInUp\">\n\t\t\t\t<div class=\"col-inner\"  >\n\t\t\t\n\t\t\t\n\t<div class=\"box has-hover   has-hover box-text-bottom\" >\n\n\t\t<div class=\"box-image\" style=\"width:75%;\">\n\t\t\t\t\t\t<div class=\"\" >\n\t\t\t\t<img loading=\"lazy\" decoding=\"async\" width=\"500\" height=\"450\" src=\"https:\/\/ancl.vn\/wp-content\/uploads\/2023\/06\/MAY-DO-BIEN-DANG-ACCRTECH-CONTOURECORD-1600G-12.jpg\" class=\"attachment- size-\" alt=\"\" srcset=\"https:\/\/ancl.vn\/wp-content\/uploads\/2023\/06\/MAY-DO-BIEN-DANG-ACCRTECH-CONTOURECORD-1600G-12.jpg 500w, https:\/\/ancl.vn\/wp-content\/uploads\/2023\/06\/MAY-DO-BIEN-DANG-ACCRTECH-CONTOURECORD-1600G-12-300x270.jpg 300w\" sizes=\"(max-width: 500px) 100vw, 500px\" \/>\t\t\t\t\t\t\t\t\t\t\t<\/div>\n\t\t\t\t\t<\/div>\n\n\t\t<div class=\"box-text text-left\" >\n\t\t\t<div class=\"box-text-inner\">\n\t\t\t\t\n<h3>Contour Measuring Machine<\/h3>\n<h4>\u00a0 ACCRTECH CONTOURECORD 1600G-12<\/h4>\n<ul>\n<li>Measurement Range X: 100mm \/ Z: 50mm<\/li>\n<li>X accuracy: \u00b11.0 + [2L \/100] \u00b5m<\/li>\n<li>Z accuracy: \u00b14.5 \u00b5m \/ 50 mm range<\/li>\n<\/ul>\n\t\t\t<\/div>\n\t\t<\/div>\n\t<\/div>\n\t\n\t\t<\/div>\n\t\t\t\t\t<\/div>\n\n\t\n\n\t<div id=\"col-119903383\" class=\"col medium-5 small-12 large-5\"  data-animate=\"fadeInUp\">\n\t\t\t\t<div class=\"col-inner\"  >\n\t\t\t\n\t\t\t\n\t<div class=\"box has-hover   has-hover box-text-bottom\" >\n\n\t\t<div class=\"box-image\" style=\"width:75%;\">\n\t\t\t\t\t\t<div class=\"\" >\n\t\t\t\t<img loading=\"lazy\" decoding=\"async\" width=\"500\" height=\"450\" src=\"https:\/\/ancl.vn\/wp-content\/uploads\/2023\/06\/MAY-DO-DO-NHAM-MITUTOYO-SURFTEST-SJ-410.jpg\" class=\"attachment- size-\" alt=\"\" srcset=\"https:\/\/ancl.vn\/wp-content\/uploads\/2023\/06\/MAY-DO-DO-NHAM-MITUTOYO-SURFTEST-SJ-410.jpg 500w, https:\/\/ancl.vn\/wp-content\/uploads\/2023\/06\/MAY-DO-DO-NHAM-MITUTOYO-SURFTEST-SJ-410-300x270.jpg 300w\" sizes=\"(max-width: 500px) 100vw, 500px\" \/>\t\t\t\t\t\t\t\t\t\t\t<\/div>\n\t\t\t\t\t<\/div>\n\n\t\t<div class=\"box-text text-left\" >\n\t\t\t<div class=\"box-text-inner\">\n\t\t\t\t\n<h3><strong>\u00a0Surface Roughness Tester<\/strong><\/h3>\n<h4>\u00a0 RANDY Meter MITUTOYO SURFTEST SJ-410<\/h4>\n<ul>\n<li>Measuring range: 800\u03bcm<\/li>\n<li>Resolution: 0.000125\u03bcm (at 8\u03bcm range)<\/li>\n<li>Straight accuracy: 0.5\u03bcm\/50mm<\/li>\n<\/ul>\n\t\t\t<\/div>\n\t\t<\/div>\n\t<\/div>\n\t\n\t\t<\/div>\n\t\t\t\t\t<\/div>\n\n\t\n\n\t<div id=\"col-2043411759\" class=\"col medium-5 small-12 large-5\"  data-animate=\"fadeInUp\">\n\t\t\t\t<div class=\"col-inner\"  >\n\t\t\t\n\t\t\t\n\t<div class=\"box has-hover   has-hover box-text-bottom\" >\n\n\t\t<div class=\"box-image\" style=\"width:75%;\">\n\t\t\t\t\t\t<div class=\"\" >\n\t\t\t\t<img loading=\"lazy\" decoding=\"async\" width=\"500\" height=\"450\" src=\"https:\/\/ancl.vn\/wp-content\/uploads\/2023\/06\/MAY-DO-DO-NHAM-ACCRTECH-SURFCOM-TOUCH-50.jpg\" class=\"attachment- size-\" alt=\"\" srcset=\"https:\/\/ancl.vn\/wp-content\/uploads\/2023\/06\/MAY-DO-DO-NHAM-ACCRTECH-SURFCOM-TOUCH-50.jpg 500w, https:\/\/ancl.vn\/wp-content\/uploads\/2023\/06\/MAY-DO-DO-NHAM-ACCRTECH-SURFCOM-TOUCH-50-300x270.jpg 300w\" sizes=\"(max-width: 500px) 100vw, 500px\" \/>\t\t\t\t\t\t\t\t\t\t\t<\/div>\n\t\t\t\t\t<\/div>\n\n\t\t<div class=\"box-text text-left\" >\n\t\t\t<div class=\"box-text-inner\">\n\t\t\t\t\n<h3><strong> Surface Roughness Tester<\/strong><\/h3>\n<h4>\u00a0 ACCRTECH SURFCOM TOUCH 50 RANDY Meter<\/h4>\n<ul>\n<li>Measuring range: 800 ~ 1,000\u03bcm<\/li>\n<li>Resolution: 0.0001\u03bcm min<\/li>\n<li>Straight accuracy: 0.3\u03bcm\/50mm<\/li>\n<\/ul>\n\t\t\t<\/div>\n\t\t<\/div>\n\t<\/div>\n\t\n\t\t<\/div>\n\t\t\t\t\t<\/div>\n\n\t\n<\/div>\n\t\t<\/div>\n\n\t\t\n<style>\n#section_230394715 {\n  padding-top: 0px;\n  padding-bottom: 0px;\n}\n<\/style>\n\t<\/section>\n\t\n\t<section class=\"section responsive-table\" id=\"section_609030146\">\n\t\t<div class=\"bg section-bg fill bg-fill  bg-loaded\" >\n\n\t\t\t\n\t\t\t\n\t\t\t\n\n\t\t<\/div>\n\n\t\t\n\n\t\t<div class=\"section-content relative\">\n\t\t\t\n<div class=\"row align-center\"  id=\"row-1712477525\">\n\n\t<div id=\"col-1823957773\" class=\"col medium-9 small-12 large-9\"  >\n\t\t\t\t<div class=\"col-inner\"  >\n\t\t\t\n\t\t\t\n<table style=\"width: 92.535%; height: 171px;\" width=\"495\">\n<tbody>\n<tr style=\"height: 43px;\">\n<td style=\"width: 39.5538%; height: 43px;\" width=\"203\">\u00a0EQUIPMENT<\/td>\n<td style=\"width: 37.3225%; height: 43px;\" width=\"182\">MAKER<\/td>\n<td style=\"width: 21.501%; height: 43px;\" width=\"110\">QTY<\/td>\n<\/tr>\n<tr style=\"height: 21px;\">\n<td style=\"width: 39.5538%; height: 21px;\">3D Measuring Machine<\/td>\n<td style=\"width: 37.3225%; height: 21px;\">MITUTOYO\/ACCRTECH<\/td>\n<td style=\"width: 21.501%; height: 21px;\">03<\/td>\n<\/tr>\n<tr style=\"height: 21px;\">\n<td style=\"width: 39.5538%; height: 21px;\">Contour Measuring Machine<\/td>\n<td style=\"width: 37.3225%; height: 21px;\">MITUTOYO\/ACCRTECH<\/td>\n<td style=\"width: 21.501%; height: 21px;\">02<\/td>\n<\/tr>\n<tr style=\"height: 21px;\">\n<td style=\"width: 39.5538%; height: 21px;\">Surface Roughness Tester<\/td>\n<td style=\"width: 37.3225%; height: 21px;\">MITUTOYO\/ACCRTECH<\/td>\n<td style=\"width: 21.501%; height: 21px;\">02<\/td>\n<\/tr>\n<tr style=\"height: 21px;\">\n<td style=\"width: 39.5538%; height: 23px;\">Hardness Tester<\/td>\n<td style=\"width: 37.3225%; height: 23px;\">WEIYI<\/td>\n<td style=\"width: 21.501%; height: 23px;\">01<\/td>\n<\/tr>\n<tr style=\"height: 21px;\">\n<td style=\"width: 39.5538%; height: 21px;\">Salt spray tester<\/td>\n<td style=\"width: 37.3225%; height: 21px;\">COMETECH<\/td>\n<td style=\"width: 21.501%; height: 21px;\">01<\/td>\n<\/tr>\n<tr style=\"height: 21px;\">\n<td style=\"width: 39.5538%; height: 21px;\">Floating microscope<\/td>\n<td style=\"width: 37.3225%; height: 21px;\">NIKON<\/td>\n<td style=\"width: 21.501%; height: 21px;\">02<\/td>\n<\/tr>\n<\/tbody>\n<\/table>\n<p style=\"text-align: right;\"><span style=\"font-size: 120%;\"><strong>Update 06\/2023<\/strong><\/span><\/p>\n\t\t<\/div>\n\t\t\t\t\t<\/div>\n\n\t\n<\/div>\n\t\t<\/div>\n\n\t\t\n<style>\n#section_609030146 {\n  padding-top: 0px;\n  padding-bottom: 0px;\n}\n<\/style>\n\t<\/section>\n\t\n","protected":false},"excerpt":{"rendered":"","protected":false},"author":1,"featured_media":0,"parent":0,"menu_order":0,"comment_status":"closed","ping_status":"closed","template":"page-blank.php","meta":{"footnotes":""},"class_list":["post-953","page","type-page","status-publish","hentry"],"acf":[],"yoast_head":"<!-- This site is optimized with the Yoast SEO plugin v20.13 - https:\/\/yoast.com\/wordpress\/plugins\/seo\/ -->\n<title>Quality - C\u00f4ng Ty TNHH Anh Ngh\u0129a ANCL<\/title>\n<meta name=\"robots\" content=\"index, follow, max-snippet:-1, max-image-preview:large, max-video-preview:-1\" \/>\n<link rel=\"canonical\" href=\"https:\/\/ancl.vn\/en\/quality\/\" \/>\n<meta property=\"og:locale\" content=\"en_US\" \/>\n<meta property=\"og:type\" content=\"article\" \/>\n<meta property=\"og:title\" content=\"Quality - C\u00f4ng Ty TNHH Anh Ngh\u0129a ANCL\" \/>\n<meta property=\"og:url\" content=\"https:\/\/ancl.vn\/en\/quality\/\" \/>\n<meta property=\"og:site_name\" content=\"C\u00f4ng Ty TNHH Anh Ngh\u0129a ANCL\" \/>\n<meta property=\"article:modified_time\" content=\"2025-10-31T02:24:53+00:00\" \/>\n<meta name=\"twitter:card\" content=\"summary_large_image\" \/>\n<meta name=\"twitter:label1\" content=\"Est. reading time\" \/>\n\t<meta name=\"twitter:data1\" content=\"2 minutes\" \/>\n<script type=\"application\/ld+json\" class=\"yoast-schema-graph\">{\"@context\":\"https:\/\/schema.org\",\"@graph\":[{\"@type\":\"WebPage\",\"@id\":\"https:\/\/ancl.vn\/en\/quality\/\",\"url\":\"https:\/\/ancl.vn\/en\/quality\/\",\"name\":\"Quality - C\u00f4ng Ty TNHH Anh Ngh\u0129a ANCL\",\"isPartOf\":{\"@id\":\"https:\/\/ancl.vn\/#website\"},\"datePublished\":\"2023-06-23T19:37:23+00:00\",\"dateModified\":\"2025-10-31T02:24:53+00:00\",\"breadcrumb\":{\"@id\":\"https:\/\/ancl.vn\/en\/quality\/#breadcrumb\"},\"inLanguage\":\"en-US\",\"potentialAction\":[{\"@type\":\"ReadAction\",\"target\":[\"https:\/\/ancl.vn\/en\/quality\/\"]}]},{\"@type\":\"BreadcrumbList\",\"@id\":\"https:\/\/ancl.vn\/en\/quality\/#breadcrumb\",\"itemListElement\":[{\"@type\":\"ListItem\",\"position\":1,\"name\":\"Home\",\"item\":\"https:\/\/ancl.vn\/\"},{\"@type\":\"ListItem\",\"position\":2,\"name\":\"Quality\"}]},{\"@type\":\"WebSite\",\"@id\":\"https:\/\/ancl.vn\/#website\",\"url\":\"https:\/\/ancl.vn\/\",\"name\":\"C\u00f4ng Ty TNHH Anh Ngh\u0129a ANCL\",\"description\":\"C\u01a1 Kh\u00ed Ch\u00ednh X\u00e1c - Gia C\u00f4ng Chi Ti\u1ebft, Linh Ki\u1ec7n, Ph\u1ee5 T\u00f9ng Theo Y\u00eau C\u1ea7u\",\"potentialAction\":[{\"@type\":\"SearchAction\",\"target\":{\"@type\":\"EntryPoint\",\"urlTemplate\":\"https:\/\/ancl.vn\/?s={search_term_string}\"},\"query-input\":\"required name=search_term_string\"}],\"inLanguage\":\"en-US\"}]}<\/script>\n<!-- \/ Yoast SEO plugin. -->","yoast_head_json":{"title":"Quality - C\u00f4ng Ty TNHH Anh Ngh\u0129a ANCL","robots":{"index":"index","follow":"follow","max-snippet":"max-snippet:-1","max-image-preview":"max-image-preview:large","max-video-preview":"max-video-preview:-1"},"canonical":"https:\/\/ancl.vn\/en\/quality\/","og_locale":"en_US","og_type":"article","og_title":"Quality - C\u00f4ng Ty TNHH Anh Ngh\u0129a ANCL","og_url":"https:\/\/ancl.vn\/en\/quality\/","og_site_name":"C\u00f4ng Ty TNHH Anh Ngh\u0129a ANCL","article_modified_time":"2025-10-31T02:24:53+00:00","twitter_card":"summary_large_image","twitter_misc":{"Est. reading time":"2 minutes"},"schema":{"@context":"https:\/\/schema.org","@graph":[{"@type":"WebPage","@id":"https:\/\/ancl.vn\/en\/quality\/","url":"https:\/\/ancl.vn\/en\/quality\/","name":"Quality - C\u00f4ng Ty TNHH Anh Ngh\u0129a ANCL","isPartOf":{"@id":"https:\/\/ancl.vn\/#website"},"datePublished":"2023-06-23T19:37:23+00:00","dateModified":"2025-10-31T02:24:53+00:00","breadcrumb":{"@id":"https:\/\/ancl.vn\/en\/quality\/#breadcrumb"},"inLanguage":"en-US","potentialAction":[{"@type":"ReadAction","target":["https:\/\/ancl.vn\/en\/quality\/"]}]},{"@type":"BreadcrumbList","@id":"https:\/\/ancl.vn\/en\/quality\/#breadcrumb","itemListElement":[{"@type":"ListItem","position":1,"name":"Home","item":"https:\/\/ancl.vn\/"},{"@type":"ListItem","position":2,"name":"Quality"}]},{"@type":"WebSite","@id":"https:\/\/ancl.vn\/#website","url":"https:\/\/ancl.vn\/","name":"C\u00f4ng Ty TNHH Anh Ngh\u0129a ANCL","description":"C\u01a1 Kh\u00ed Ch\u00ednh X\u00e1c - Gia C\u00f4ng Chi Ti\u1ebft, Linh Ki\u1ec7n, Ph\u1ee5 T\u00f9ng Theo Y\u00eau C\u1ea7u","potentialAction":[{"@type":"SearchAction","target":{"@type":"EntryPoint","urlTemplate":"https:\/\/ancl.vn\/?s={search_term_string}"},"query-input":"required name=search_term_string"}],"inLanguage":"en-US"}]}},"_links":{"self":[{"href":"https:\/\/ancl.vn\/en\/wp-json\/wp\/v2\/pages\/953"}],"collection":[{"href":"https:\/\/ancl.vn\/en\/wp-json\/wp\/v2\/pages"}],"about":[{"href":"https:\/\/ancl.vn\/en\/wp-json\/wp\/v2\/types\/page"}],"author":[{"embeddable":true,"href":"https:\/\/ancl.vn\/en\/wp-json\/wp\/v2\/users\/1"}],"replies":[{"embeddable":true,"href":"https:\/\/ancl.vn\/en\/wp-json\/wp\/v2\/comments?post=953"}],"version-history":[{"count":29,"href":"https:\/\/ancl.vn\/en\/wp-json\/wp\/v2\/pages\/953\/revisions"}],"predecessor-version":[{"id":2432,"href":"https:\/\/ancl.vn\/en\/wp-json\/wp\/v2\/pages\/953\/revisions\/2432"}],"wp:attachment":[{"href":"https:\/\/ancl.vn\/en\/wp-json\/wp\/v2\/media?parent=953"}],"curies":[{"name":"wp","href":"https:\/\/api.w.org\/{rel}","templated":true}]}}