{"id":1288,"date":"2023-06-24T02:31:16","date_gmt":"2023-06-23T19:31:16","guid":{"rendered":"https:\/\/ancl.vn\/trang-chu\/"},"modified":"2025-12-22T11:13:07","modified_gmt":"2025-12-22T04:13:07","slug":"trang-chu","status":"publish","type":"page","link":"https:\/\/ancl.vn\/en\/","title":{"rendered":"Home"},"content":{"rendered":"\t<section class=\"section home-s1\" id=\"section_740706658\">\n\t\t<div class=\"bg section-bg fill bg-fill  bg-loaded\" >\n\n\t\t\t\n\t\t\t\n\t\t\t\n\n\t\t<\/div>\n\n\t\t\n\n\t\t<div class=\"section-content relative\">\n\t\t\t\n<div class=\"slider-wrapper relative\" id=\"slider-1893680883\" >\n    <div class=\"slider slider-type-fade slider-nav-simple slider-nav-large slider-nav-light slider-style-normal slider-show-nav\"\n        data-flickity-options='{\n            \"cellAlign\": \"center\",\n            \"imagesLoaded\": true,\n            \"lazyLoad\": 1,\n            \"freeScroll\": false,\n            \"wrapAround\": true,\n            \"autoPlay\": 5000,\n            \"pauseAutoPlayOnHover\" : true,\n            \"prevNextButtons\": true,\n            \"contain\" : true,\n            \"adaptiveHeight\" : true,\n            \"dragThreshold\" : 10,\n            \"percentPosition\": true,\n            \"pageDots\": false,\n            \"rightToLeft\": false,\n            \"draggable\": true,\n            \"selectedAttraction\": 0.1,\n            \"parallax\" : 0,\n            \"friction\": 0.6        }'\n        >\n        \n\t<div class=\"img has-hover x md-x lg-x y md-y lg-y\" id=\"image_669353475\">\n\t\t\t\t\t\t\t\t<div class=\"img-inner dark\" >\n\t\t\t<img loading=\"lazy\" decoding=\"async\" width=\"1920\" height=\"650\" src=\"https:\/\/ancl.vn\/wp-content\/uploads\/2023\/07\/2.jpg\" class=\"attachment-original size-original\" alt=\"\" srcset=\"https:\/\/ancl.vn\/wp-content\/uploads\/2023\/07\/2.jpg 1920w, https:\/\/ancl.vn\/wp-content\/uploads\/2023\/07\/2-300x102.jpg 300w, https:\/\/ancl.vn\/wp-content\/uploads\/2023\/07\/2-1024x347.jpg 1024w, https:\/\/ancl.vn\/wp-content\/uploads\/2023\/07\/2-768x260.jpg 768w, https:\/\/ancl.vn\/wp-content\/uploads\/2023\/07\/2-1536x520.jpg 1536w\" sizes=\"(max-width: 1920px) 100vw, 1920px\" \/>\t\t\t\t\t\t\n\t\t\t\t\t<\/div>\n\t\t\t\t\t\t\t\t\n<style>\n#image_669353475 {\n  width: 100%;\n}\n<\/style>\n\t<\/div>\n\t\n\t<div class=\"img has-hover x md-x lg-x y md-y lg-y\" id=\"image_730605147\">\n\t\t\t\t\t\t\t\t<div class=\"img-inner dark\" >\n\t\t\t<img loading=\"lazy\" decoding=\"async\" width=\"1920\" height=\"650\" src=\"https:\/\/ancl.vn\/wp-content\/uploads\/2023\/07\/hinh-tien-AN-2.jpg\" class=\"attachment-original size-original\" alt=\"\" srcset=\"https:\/\/ancl.vn\/wp-content\/uploads\/2023\/07\/hinh-tien-AN-2.jpg 1920w, https:\/\/ancl.vn\/wp-content\/uploads\/2023\/07\/hinh-tien-AN-2-300x102.jpg 300w, https:\/\/ancl.vn\/wp-content\/uploads\/2023\/07\/hinh-tien-AN-2-1024x347.jpg 1024w, https:\/\/ancl.vn\/wp-content\/uploads\/2023\/07\/hinh-tien-AN-2-768x260.jpg 768w, https:\/\/ancl.vn\/wp-content\/uploads\/2023\/07\/hinh-tien-AN-2-1536x520.jpg 1536w\" sizes=\"(max-width: 1920px) 100vw, 1920px\" \/>\t\t\t\t\t\t\n\t\t\t\t\t<\/div>\n\t\t\t\t\t\t\t\t\n<style>\n#image_730605147 {\n  width: 100%;\n}\n<\/style>\n\t<\/div>\n\t\n\t<div class=\"img has-hover x md-x lg-x y md-y lg-y\" id=\"image_892937304\">\n\t\t\t\t\t\t\t\t<div class=\"img-inner dark\" >\n\t\t\t<img loading=\"lazy\" decoding=\"async\" width=\"1920\" height=\"650\" src=\"https:\/\/ancl.vn\/wp-content\/uploads\/2023\/07\/slider-3.jpg\" class=\"attachment-original size-original\" alt=\"\" srcset=\"https:\/\/ancl.vn\/wp-content\/uploads\/2023\/07\/slider-3.jpg 1920w, https:\/\/ancl.vn\/wp-content\/uploads\/2023\/07\/slider-3-300x102.jpg 300w, https:\/\/ancl.vn\/wp-content\/uploads\/2023\/07\/slider-3-1024x347.jpg 1024w, https:\/\/ancl.vn\/wp-content\/uploads\/2023\/07\/slider-3-768x260.jpg 768w, https:\/\/ancl.vn\/wp-content\/uploads\/2023\/07\/slider-3-1536x520.jpg 1536w\" sizes=\"(max-width: 1920px) 100vw, 1920px\" \/>\t\t\t\t\t\t\n\t\t\t\t\t<\/div>\n\t\t\t\t\t\t\t\t\n<style>\n#image_892937304 {\n  width: 100%;\n}\n<\/style>\n\t<\/div>\n\t\n     <\/div>\n\n     <div class=\"loading-spin dark large centered\"><\/div>\n\n\t<\/div>\n\n\n\t<div id=\"text-2391528073\" class=\"text\">\n\t\t\n<h2>THE CUSTOMERS&#8217; EXPERIENCE, ENHANCES THE QUALITY OF LIFE<\/h2>\n\t\t\n<style>\n#text-2391528073 {\n  text-align: center;\n}\n<\/style>\n\t<\/div>\n\t\n\t\t<\/div>\n\n\t\t\n<style>\n#section_740706658 {\n  padding-top: 0px;\n  padding-bottom: 0px;\n}\n<\/style>\n\t<\/section>\n\t\n\t<section class=\"section home-s2\" id=\"section_855629387\">\n\t\t<div class=\"bg section-bg fill bg-fill  bg-loaded\" >\n\n\t\t\t\n\t\t\t\n\t\t\t\n\n\t\t<\/div>\n\n\t\t\n\n\t\t<div class=\"section-content relative\">\n\t\t\t\n\t<div id=\"gap-1691908554\" class=\"gap-element clearfix\" style=\"display:block; height:auto;\">\n\t\t\n<style>\n#gap-1691908554 {\n  padding-top: 30px;\n}\n<\/style>\n\t<\/div>\n\t\n<div class=\"container section-title-container\" ><h3 class=\"section-title section-title-center\"><b><\/b><span class=\"section-title-main\" >ANCL'S PROCESSING FIELD<\/span><b><\/b><\/h3><\/div>\n<div class=\"row\"  id=\"row-173196370\">\n\n\t<div id=\"col-1767188734\" class=\"col medium-4 small-12 large-4\"  >\n\t\t\t\t<div class=\"col-inner box-shadow-1 box-shadow-3-hover\"  >\n\t\t\t\n\t\t\t\n\t<div class=\"box has-hover   has-hover box-default box-text-bottom\" >\n\n\t\t<div class=\"box-image\" style=\"width:95%;\">\n\t\t\t<a href=\"\/linh-vuc\" >\t\t\t<div class=\"\" >\n\t\t\t\t<img loading=\"lazy\" decoding=\"async\" width=\"500\" height=\"320\" src=\"https:\/\/ancl.vn\/wp-content\/uploads\/2023\/06\/Gia-cong-CNC-1.jpg\" class=\"attachment- size-\" alt=\"\" srcset=\"https:\/\/ancl.vn\/wp-content\/uploads\/2023\/06\/Gia-cong-CNC-1.jpg 500w, https:\/\/ancl.vn\/wp-content\/uploads\/2023\/06\/Gia-cong-CNC-1-300x192.jpg 300w\" sizes=\"(max-width: 500px) 100vw, 500px\" \/>\t\t\t\t\t\t\t\t\t\t\t<\/div>\n\t\t\t<\/a>\t\t<\/div>\n\n\t\t<div class=\"box-text text-center\" >\n\t\t\t<div class=\"box-text-inner\">\n\t\t\t\t\n\t<div id=\"text-202384630\" class=\"text\">\n\t\t\n<h3><strong>PRECISION MACHINING<br \/><\/strong><\/h3>\n\t\t\n<style>\n#text-202384630 {\n  font-size: 0.85rem;\n}\n<\/style>\n\t<\/div>\n\t\n\t\t\t<\/div>\n\t\t<\/div>\n\t<\/div>\n\t\n\t\t<\/div>\n\t\t\t\t\t<\/div>\n\n\t\n\n\t<div id=\"col-813280889\" class=\"col medium-4 small-12 large-4\"  >\n\t\t\t\t<div class=\"col-inner box-shadow-1 box-shadow-3-hover\"  >\n\t\t\t\n\t\t\t\n\t<div class=\"box has-hover   has-hover box-text-bottom\" >\n\n\t\t<div class=\"box-image\" style=\"width:95%;\">\n\t\t\t<a href=\"\/linh-vuc\" >\t\t\t<div class=\"\" >\n\t\t\t\t<img loading=\"lazy\" decoding=\"async\" width=\"500\" height=\"320\" src=\"https:\/\/ancl.vn\/wp-content\/uploads\/2023\/06\/Gia-cong-Dap-nong-dap-nguoi-1.jpg\" class=\"attachment- size-\" alt=\"\" srcset=\"https:\/\/ancl.vn\/wp-content\/uploads\/2023\/06\/Gia-cong-Dap-nong-dap-nguoi-1.jpg 500w, https:\/\/ancl.vn\/wp-content\/uploads\/2023\/06\/Gia-cong-Dap-nong-dap-nguoi-1-300x192.jpg 300w\" sizes=\"(max-width: 500px) 100vw, 500px\" \/>\t\t\t\t\t\t\t\t\t\t\t<\/div>\n\t\t\t<\/a>\t\t<\/div>\n\n\t\t<div class=\"box-text text-center\" >\n\t\t\t<div class=\"box-text-inner\">\n\t\t\t\t\n\t<div id=\"text-3661540321\" class=\"text\">\n\t\t\n<h3><strong>FORGING, STAMPING<\/strong><\/h3>\n\t\t\n<style>\n#text-3661540321 {\n  font-size: 0.85rem;\n}\n<\/style>\n\t<\/div>\n\t\n\t\t\t<\/div>\n\t\t<\/div>\n\t<\/div>\n\t\n\t\t<\/div>\n\t\t\t\t\t<\/div>\n\n\t\n\n\t<div id=\"col-393804931\" class=\"col medium-4 small-12 large-4\"  >\n\t\t\t\t<div class=\"col-inner box-shadow-1 box-shadow-3-hover\"  >\n\t\t\t\n\t\t\t\n\t<div class=\"box has-hover   has-hover box-text-bottom\" >\n\n\t\t<div class=\"box-image\" style=\"width:95%;\">\n\t\t\t<a href=\"\/linh-vuc\" >\t\t\t<div class=\"image-cover\" style=\"padding-top:64%;\">\n\t\t\t\t<img loading=\"lazy\" decoding=\"async\" width=\"1982\" height=\"951\" src=\"https:\/\/ancl.vn\/wp-content\/uploads\/2025\/12\/Line-lap-rap.jpg\" class=\"attachment- size-\" alt=\"\" srcset=\"https:\/\/ancl.vn\/wp-content\/uploads\/2025\/12\/Line-lap-rap.jpg 1982w, https:\/\/ancl.vn\/wp-content\/uploads\/2025\/12\/Line-lap-rap-300x144.jpg 300w, https:\/\/ancl.vn\/wp-content\/uploads\/2025\/12\/Line-lap-rap-1024x491.jpg 1024w, https:\/\/ancl.vn\/wp-content\/uploads\/2025\/12\/Line-lap-rap-768x369.jpg 768w, https:\/\/ancl.vn\/wp-content\/uploads\/2025\/12\/Line-lap-rap-1536x737.jpg 1536w\" sizes=\"(max-width: 1982px) 100vw, 1982px\" \/>\t\t\t\t\t\t\t\t\t\t\t<\/div>\n\t\t\t<\/a>\t\t<\/div>\n\n\t\t<div class=\"box-text text-center\" >\n\t\t\t<div class=\"box-text-inner\">\n\t\t\t\t\n\t<div id=\"text-2464161943\" class=\"text\">\n\t\t\n<h3>OEM &amp; ODM ASSEMBLY<\/h3>\n\t\t\n<style>\n#text-2464161943 {\n  font-size: 0.85rem;\n}\n<\/style>\n\t<\/div>\n\t\n\t\t\t<\/div>\n\t\t<\/div>\n\t<\/div>\n\t\n\t\t<\/div>\n\t\t\t\t\t<\/div>\n\n\t\n\n\t<div id=\"col-519153601\" class=\"col pb-0 small-12 large-12\"  >\n\t\t\t\t<div class=\"col-inner\"  >\n\t\t\t\n\t\t\t\n\t<div id=\"text-1731870947\" class=\"text\">\n\t\t\n<p style=\"text-align: center;\"><span style=\"font-size: 100%;\">ANCL was established in 2004 \u2013 the factory is located in Dong Nai and Bac Ninh.<\/span><br \/><span style=\"font-size: 100%;\">With 20 years of experience operating in the field of manufacturing, precision mechanical processing, forging, stamping, designing and manufacturing molds according to customer requirements.<\/span><br \/><span style=\"font-size: 100%;\">Machining precision machanical componets, asemblies in the semiconductor industries, components odd motors, oil and gas industry, trainer kit indoor support.<\/span><br \/><span style=\"font-size: 100%;\">With the business motto of focusing on ethics, along with effort and creativity, we bring customers valuable products.<\/span><\/p>\n\t\t\n<style>\n#text-1731870947 {\n  font-size: 1.3rem;\n  line-height: 1.5;\n}\n<\/style>\n\t<\/div>\n\t\n\t\t<\/div>\n\t\t\t\t\t<\/div>\n\n\t\n<\/div>\n\t\t<\/div>\n\n\t\t\n<style>\n#section_855629387 {\n  padding-top: 0px;\n  padding-bottom: 0px;\n}\n<\/style>\n\t<\/section>\n\t\n\t<section class=\"section home-s2 has-parallax\" id=\"section_1679983571\">\n\t\t<div class=\"bg section-bg fill bg-fill  \" data-parallax-container=\".section\" data-parallax-background data-parallax=\"-5\">\n\n\t\t\t\n\t\t\t<div class=\"section-bg-overlay absolute fill\"><\/div>\n\t\t\t\n\n\t\t<\/div>\n\n\t\t\n\n\t\t<div class=\"section-content relative\">\n\t\t\t\n\t<div id=\"gap-1719006507\" class=\"gap-element clearfix\" style=\"display:block; height:auto;\">\n\t\t\n<style>\n#gap-1719006507 {\n  padding-top: 30px;\n}\n<\/style>\n\t<\/div>\n\t\n<div class=\"row\" style=\"max-width:1000px\" id=\"row-1016529394\">\n\n\t<div id=\"col-302203915\" class=\"col medium-4 small-12 large-4\"  data-animate=\"fadeInUp\">\n\t\t\t\t<div class=\"col-inner\"  >\n\t\t\t\n\t\t\t\n\t<div class=\"box has-hover   has-hover box-shadow-2-hover box-default box-text-bottom\" >\n\n\t\t<div class=\"box-image\" >\n\t\t\t<a href=\"\/ky-thuat-gia-cong\" >\t\t\t<div class=\"\" >\n\t\t\t\t<img loading=\"lazy\" decoding=\"async\" width=\"600\" height=\"362\" src=\"https:\/\/ancl.vn\/wp-content\/uploads\/2023\/07\/7.-Ky-thuat-gia-cong.jpg\" class=\"attachment- size-\" alt=\"\" srcset=\"https:\/\/ancl.vn\/wp-content\/uploads\/2023\/07\/7.-Ky-thuat-gia-cong.jpg 600w, https:\/\/ancl.vn\/wp-content\/uploads\/2023\/07\/7.-Ky-thuat-gia-cong-300x181.jpg 300w\" sizes=\"(max-width: 600px) 100vw, 600px\" \/>\t\t\t\t\t\t\t\t\t\t\t<\/div>\n\t\t\t<\/a>\t\t<\/div>\n\n\t\t<div class=\"box-text text-center\" style=\"background-color:rgb(255, 255, 255);\">\n\t\t\t<div class=\"box-text-inner\">\n\t\t\t\t\n<h3><strong>MACHINING TECHNIQUES<\/strong><\/h3>\n\t\t\t<\/div>\n\t\t<\/div>\n\t<\/div>\n\t\n\t\t<\/div>\n\t\t\t\t\t<\/div>\n\n\t\n\n\t<div id=\"col-1963151186\" class=\"col medium-4 small-12 large-4\"  data-animate=\"fadeInUp\">\n\t\t\t\t<div class=\"col-inner\"  >\n\t\t\t\n\t\t\t\n\t<div class=\"box has-hover   has-hover box-shadow-2-hover box-default box-text-bottom\" >\n\n\t\t<div class=\"box-image\" >\n\t\t\t<a href=\"\/thiet-bi-may-moc\" >\t\t\t<div class=\"\" >\n\t\t\t\t<img loading=\"lazy\" decoding=\"async\" width=\"600\" height=\"362\" src=\"https:\/\/ancl.vn\/wp-content\/uploads\/2023\/07\/8.-Thiet-bi-may-moc.jpg\" class=\"attachment- size-\" alt=\"\" srcset=\"https:\/\/ancl.vn\/wp-content\/uploads\/2023\/07\/8.-Thiet-bi-may-moc.jpg 600w, https:\/\/ancl.vn\/wp-content\/uploads\/2023\/07\/8.-Thiet-bi-may-moc-300x181.jpg 300w\" sizes=\"(max-width: 600px) 100vw, 600px\" \/>\t\t\t\t\t\t\t\t\t\t\t<\/div>\n\t\t\t<\/a>\t\t<\/div>\n\n\t\t<div class=\"box-text text-center\" style=\"background-color:rgb(255, 255, 255);\">\n\t\t\t<div class=\"box-text-inner\">\n\t\t\t\t\n<h3><strong>PRODUCTION EQUIPMENT<\/strong><\/h3>\n\t\t\t<\/div>\n\t\t<\/div>\n\t<\/div>\n\t\n\t\t<\/div>\n\t\t\t\t\t<\/div>\n\n\t\n\n\t<div id=\"col-1575899632\" class=\"col medium-4 small-12 large-4\"  data-animate=\"fadeInUp\">\n\t\t\t\t<div class=\"col-inner\"  >\n\t\t\t\n\t\t\t\n\t<div class=\"box has-hover   has-hover box-shadow-2-hover box-default box-text-bottom\" >\n\n\t\t<div class=\"box-image\" >\n\t\t\t<a href=\"\/chat-luong\" >\t\t\t<div class=\"\" >\n\t\t\t\t<img loading=\"lazy\" decoding=\"async\" width=\"600\" height=\"362\" src=\"https:\/\/ancl.vn\/wp-content\/uploads\/2023\/07\/9.1-Chat-luong.jpg\" class=\"attachment- size-\" alt=\"\" srcset=\"https:\/\/ancl.vn\/wp-content\/uploads\/2023\/07\/9.1-Chat-luong.jpg 600w, https:\/\/ancl.vn\/wp-content\/uploads\/2023\/07\/9.1-Chat-luong-300x181.jpg 300w\" sizes=\"(max-width: 600px) 100vw, 600px\" \/>\t\t\t\t\t\t\t\t\t\t\t<\/div>\n\t\t\t<\/a>\t\t<\/div>\n\n\t\t<div class=\"box-text text-center\" style=\"background-color:rgb(255, 255, 255);\">\n\t\t\t<div class=\"box-text-inner\">\n\t\t\t\t\n<h3><strong>QUALITY<\/strong><\/h3>\n\t\t\t<\/div>\n\t\t<\/div>\n\t<\/div>\n\t\n\t\t<\/div>\n\t\t\t\t\t<\/div>\n\n\t\n<\/div>\n\t\t<\/div>\n\n\t\t\n<style>\n#section_1679983571 {\n  padding-top: 0px;\n  padding-bottom: 0px;\n}\n#section_1679983571 .section-bg-overlay {\n  background-color: rgba(136, 139, 140, 0.744);\n}\n#section_1679983571 .section-bg.bg-loaded {\n  background-image: url(https:\/\/ancl.vn\/wp-content\/uploads\/2023\/07\/2.jpg);\n}\n<\/style>\n\t<\/section>\n\t\n\t<section class=\"section home-s4\" id=\"section_924646914\">\n\t\t<div class=\"bg section-bg fill bg-fill  bg-loaded\" >\n\n\t\t\t\n\t\t\t\n\t\t\t\n\n\t\t<\/div>\n\n\t\t\n\n\t\t<div class=\"section-content relative\">\n\t\t\t\n\t<div id=\"gap-1424755131\" class=\"gap-element clearfix\" style=\"display:block; height:auto;\">\n\t\t\n<style>\n#gap-1424755131 {\n  padding-top: 30px;\n}\n<\/style>\n\t<\/div>\n\t\n<div class=\"container section-title-container\" ><h3 class=\"section-title section-title-normal\"><b><\/b><span class=\"section-title-main\" >SUPPLY CHAIN<\/span><b><\/b><\/h3><\/div>\n<div class=\"row row-small align-center large-columns-3 medium-columns-3 small-columns-2\" style=\"max-width:1000px\" id=\"row-1111236583\">\n\n\t<div id=\"col-470458635\" class=\"col small-12 large-12\"  >\n\t\t\t\t<div class=\"col-inner text-center box-shadow-2 box-shadow-3-hover\"  >\n\t\t\t\n\t\t\t\n\t<div class=\"img has-hover x md-x lg-x y md-y lg-y\" id=\"image_1668358301\">\n\t\t\t\t\t\t\t\t<div class=\"img-inner dark\" >\n\t\t\t<img loading=\"lazy\" decoding=\"async\" width=\"350\" height=\"200\" src=\"https:\/\/ancl.vn\/wp-content\/uploads\/2023\/07\/doi-tac-1.png\" class=\"attachment-large size-large\" alt=\"\" srcset=\"https:\/\/ancl.vn\/wp-content\/uploads\/2023\/07\/doi-tac-1.png 350w, https:\/\/ancl.vn\/wp-content\/uploads\/2023\/07\/doi-tac-1-300x171.png 300w\" sizes=\"(max-width: 350px) 100vw, 350px\" \/>\t\t\t\t\t\t\n\t\t\t\t\t<\/div>\n\t\t\t\t\t\t\t\t\n<style>\n#image_1668358301 {\n  width: 80%;\n}\n<\/style>\n\t<\/div>\n\t\n\t\t<\/div>\n\t\t\t\t\t<\/div>\n\n\t\n\n\t<div id=\"col-448756517\" class=\"col small-12 large-12\"  >\n\t\t\t\t<div class=\"col-inner text-center box-shadow-2 box-shadow-3-hover\"  >\n\t\t\t\n\t\t\t\n\t<div class=\"img has-hover x md-x lg-x y md-y lg-y\" id=\"image_636804040\">\n\t\t\t\t\t\t\t\t<div class=\"img-inner dark\" >\n\t\t\t<img loading=\"lazy\" decoding=\"async\" width=\"350\" height=\"200\" src=\"https:\/\/ancl.vn\/wp-content\/uploads\/2023\/06\/ancl1.png\" class=\"attachment-large size-large\" alt=\"\" srcset=\"https:\/\/ancl.vn\/wp-content\/uploads\/2023\/06\/ancl1.png 350w, https:\/\/ancl.vn\/wp-content\/uploads\/2023\/06\/ancl1-300x171.png 300w\" sizes=\"(max-width: 350px) 100vw, 350px\" \/>\t\t\t\t\t\t\n\t\t\t\t\t<\/div>\n\t\t\t\t\t\t\t\t\n<style>\n#image_636804040 {\n  width: 80%;\n}\n<\/style>\n\t<\/div>\n\t\n\t\t<\/div>\n\t\t\t\t\t<\/div>\n\n\t\n\n\t<div id=\"col-287999334\" class=\"col small-12 large-12\"  >\n\t\t\t\t<div class=\"col-inner text-center box-shadow-2 box-shadow-3-hover\"  >\n\t\t\t\n\t\t\t\n\t<div class=\"img has-hover x md-x lg-x y md-y lg-y\" id=\"image_278135143\">\n\t\t\t\t\t\t\t\t<div class=\"img-inner dark\" >\n\t\t\t<img loading=\"lazy\" decoding=\"async\" width=\"350\" height=\"200\" src=\"https:\/\/ancl.vn\/wp-content\/uploads\/2023\/07\/doi-tac-2.png\" class=\"attachment-large size-large\" alt=\"\" srcset=\"https:\/\/ancl.vn\/wp-content\/uploads\/2023\/07\/doi-tac-2.png 350w, https:\/\/ancl.vn\/wp-content\/uploads\/2023\/07\/doi-tac-2-300x171.png 300w\" sizes=\"(max-width: 350px) 100vw, 350px\" \/>\t\t\t\t\t\t\n\t\t\t\t\t<\/div>\n\t\t\t\t\t\t\t\t\n<style>\n#image_278135143 {\n  width: 80%;\n}\n<\/style>\n\t<\/div>\n\t\n\t\t<\/div>\n\t\t\t\t\t<\/div>\n\n\t\n\n\t<div id=\"col-1229446430\" class=\"col small-12 large-12\"  >\n\t\t\t\t<div class=\"col-inner text-center box-shadow-2 box-shadow-3-hover\"  >\n\t\t\t\n\t\t\t\n\t<div class=\"img has-hover x md-x lg-x y md-y lg-y\" id=\"image_881259659\">\n\t\t\t\t\t\t\t\t<div class=\"img-inner dark\" >\n\t\t\t<img loading=\"lazy\" decoding=\"async\" width=\"350\" height=\"200\" src=\"https:\/\/ancl.vn\/wp-content\/uploads\/2023\/07\/doi-tac-3.png\" class=\"attachment-large size-large\" alt=\"\" srcset=\"https:\/\/ancl.vn\/wp-content\/uploads\/2023\/07\/doi-tac-3.png 350w, https:\/\/ancl.vn\/wp-content\/uploads\/2023\/07\/doi-tac-3-300x171.png 300w\" sizes=\"(max-width: 350px) 100vw, 350px\" \/>\t\t\t\t\t\t\n\t\t\t\t\t<\/div>\n\t\t\t\t\t\t\t\t\n<style>\n#image_881259659 {\n  width: 80%;\n}\n<\/style>\n\t<\/div>\n\t\n\t\t<\/div>\n\t\t\t\t\t<\/div>\n\n\t\n\n\t<div id=\"col-1650227438\" class=\"col small-12 large-12\"  >\n\t\t\t\t<div class=\"col-inner text-center box-shadow-2 box-shadow-3-hover\"  >\n\t\t\t\n\t\t\t\n\t<div class=\"img has-hover x md-x lg-x y md-y lg-y\" id=\"image_1257406114\">\n\t\t\t\t\t\t\t\t<div class=\"img-inner dark\" >\n\t\t\t<img loading=\"lazy\" decoding=\"async\" width=\"350\" height=\"200\" src=\"https:\/\/ancl.vn\/wp-content\/uploads\/2023\/07\/20180417-Wahoo-logo-1600.jpg\" class=\"attachment-large size-large\" alt=\"\" srcset=\"https:\/\/ancl.vn\/wp-content\/uploads\/2023\/07\/20180417-Wahoo-logo-1600.jpg 350w, https:\/\/ancl.vn\/wp-content\/uploads\/2023\/07\/20180417-Wahoo-logo-1600-300x171.jpg 300w\" sizes=\"(max-width: 350px) 100vw, 350px\" \/>\t\t\t\t\t\t\n\t\t\t\t\t<\/div>\n\t\t\t\t\t\t\t\t\n<style>\n#image_1257406114 {\n  width: 80%;\n}\n<\/style>\n\t<\/div>\n\t\n\t\t<\/div>\n\t\t\t\t\t<\/div>\n\n\t\n\n\t<div id=\"col-1688124490\" class=\"col small-12 large-12\"  >\n\t\t\t\t<div class=\"col-inner text-center box-shadow-2 box-shadow-3-hover\"  >\n\t\t\t\n\t\t\t\n\t<div class=\"img has-hover x md-x lg-x y md-y lg-y\" id=\"image_232863129\">\n\t\t\t\t\t\t\t\t<div class=\"img-inner dark\" >\n\t\t\t<img loading=\"lazy\" decoding=\"async\" width=\"350\" height=\"200\" src=\"https:\/\/ancl.vn\/wp-content\/uploads\/2023\/07\/doi-tac-4.png\" class=\"attachment-large size-large\" alt=\"\" srcset=\"https:\/\/ancl.vn\/wp-content\/uploads\/2023\/07\/doi-tac-4.png 350w, https:\/\/ancl.vn\/wp-content\/uploads\/2023\/07\/doi-tac-4-300x171.png 300w\" sizes=\"(max-width: 350px) 100vw, 350px\" \/>\t\t\t\t\t\t\n\t\t\t\t\t<\/div>\n\t\t\t\t\t\t\t\t\n<style>\n#image_232863129 {\n  width: 80%;\n}\n<\/style>\n\t<\/div>\n\t\n\t\t<\/div>\n\t\t\t\t\t<\/div>\n\n\t\n<\/div>\n\t\t<\/div>\n\n\t\t\n<style>\n#section_924646914 {\n  padding-top: 0px;\n  padding-bottom: 0px;\n}\n<\/style>\n\t<\/section>\n\t\n","protected":false},"excerpt":{"rendered":"","protected":false},"author":1,"featured_media":0,"parent":0,"menu_order":0,"comment_status":"closed","ping_status":"closed","template":"page-blank.php","meta":{"footnotes":""},"class_list":["post-1288","page","type-page","status-publish","hentry"],"acf":[],"yoast_head":"<!-- This site is optimized with the Yoast SEO plugin v20.13 - https:\/\/yoast.com\/wordpress\/plugins\/seo\/ -->\n<title>C\u00f4ng Ty TNHH Anh Ngh\u0129a ANCL<\/title>\n<meta name=\"robots\" content=\"index, follow, max-snippet:-1, max-image-preview:large, max-video-preview:-1\" \/>\n<link rel=\"canonical\" href=\"https:\/\/ancl.vn\/\" \/>\n<meta property=\"og:locale\" content=\"en_US\" \/>\n<meta property=\"og:type\" content=\"article\" \/>\n<meta property=\"og:title\" content=\"C\u00f4ng Ty TNHH Anh Ngh\u0129a ANCL\" \/>\n<meta property=\"og:url\" content=\"https:\/\/ancl.vn\/\" \/>\n<meta property=\"og:site_name\" content=\"C\u00f4ng Ty TNHH Anh Ngh\u0129a ANCL\" \/>\n<meta property=\"article:modified_time\" content=\"2025-12-22T04:13:07+00:00\" \/>\n<meta name=\"twitter:card\" content=\"summary_large_image\" \/>\n<meta name=\"twitter:label1\" content=\"Est. reading time\" \/>\n\t<meta name=\"twitter:data1\" content=\"2 minutes\" \/>\n<script type=\"application\/ld+json\" class=\"yoast-schema-graph\">{\"@context\":\"https:\/\/schema.org\",\"@graph\":[{\"@type\":\"WebPage\",\"@id\":\"https:\/\/ancl.vn\/\",\"url\":\"https:\/\/ancl.vn\/\",\"name\":\"C\u00f4ng Ty TNHH Anh Ngh\u0129a ANCL\",\"isPartOf\":{\"@id\":\"https:\/\/ancl.vn\/#website\"},\"datePublished\":\"2023-06-23T19:31:16+00:00\",\"dateModified\":\"2025-12-22T04:13:07+00:00\",\"breadcrumb\":{\"@id\":\"https:\/\/ancl.vn\/#breadcrumb\"},\"inLanguage\":\"en-US\",\"potentialAction\":[{\"@type\":\"ReadAction\",\"target\":[\"https:\/\/ancl.vn\/\"]}]},{\"@type\":\"BreadcrumbList\",\"@id\":\"https:\/\/ancl.vn\/#breadcrumb\",\"itemListElement\":[{\"@type\":\"ListItem\",\"position\":1,\"name\":\"Home\",\"item\":\"https:\/\/ancl.vn\/\"},{\"@type\":\"ListItem\",\"position\":2,\"name\":\"Home\"}]},{\"@type\":\"WebSite\",\"@id\":\"https:\/\/ancl.vn\/#website\",\"url\":\"https:\/\/ancl.vn\/\",\"name\":\"C\u00f4ng Ty TNHH Anh Ngh\u0129a ANCL\",\"description\":\"C\u01a1 Kh\u00ed Ch\u00ednh X\u00e1c - Gia C\u00f4ng Chi Ti\u1ebft, Linh Ki\u1ec7n, Ph\u1ee5 T\u00f9ng Theo Y\u00eau C\u1ea7u\",\"potentialAction\":[{\"@type\":\"SearchAction\",\"target\":{\"@type\":\"EntryPoint\",\"urlTemplate\":\"https:\/\/ancl.vn\/?s={search_term_string}\"},\"query-input\":\"required name=search_term_string\"}],\"inLanguage\":\"en-US\"}]}<\/script>\n<!-- \/ Yoast SEO plugin. -->","yoast_head_json":{"title":"C\u00f4ng Ty TNHH Anh Ngh\u0129a ANCL","robots":{"index":"index","follow":"follow","max-snippet":"max-snippet:-1","max-image-preview":"max-image-preview:large","max-video-preview":"max-video-preview:-1"},"canonical":"https:\/\/ancl.vn\/","og_locale":"en_US","og_type":"article","og_title":"C\u00f4ng Ty TNHH Anh Ngh\u0129a ANCL","og_url":"https:\/\/ancl.vn\/","og_site_name":"C\u00f4ng Ty TNHH Anh Ngh\u0129a ANCL","article_modified_time":"2025-12-22T04:13:07+00:00","twitter_card":"summary_large_image","twitter_misc":{"Est. reading time":"2 minutes"},"schema":{"@context":"https:\/\/schema.org","@graph":[{"@type":"WebPage","@id":"https:\/\/ancl.vn\/","url":"https:\/\/ancl.vn\/","name":"C\u00f4ng Ty TNHH Anh Ngh\u0129a ANCL","isPartOf":{"@id":"https:\/\/ancl.vn\/#website"},"datePublished":"2023-06-23T19:31:16+00:00","dateModified":"2025-12-22T04:13:07+00:00","breadcrumb":{"@id":"https:\/\/ancl.vn\/#breadcrumb"},"inLanguage":"en-US","potentialAction":[{"@type":"ReadAction","target":["https:\/\/ancl.vn\/"]}]},{"@type":"BreadcrumbList","@id":"https:\/\/ancl.vn\/#breadcrumb","itemListElement":[{"@type":"ListItem","position":1,"name":"Home","item":"https:\/\/ancl.vn\/"},{"@type":"ListItem","position":2,"name":"Home"}]},{"@type":"WebSite","@id":"https:\/\/ancl.vn\/#website","url":"https:\/\/ancl.vn\/","name":"C\u00f4ng Ty TNHH Anh Ngh\u0129a ANCL","description":"C\u01a1 Kh\u00ed Ch\u00ednh X\u00e1c - Gia C\u00f4ng Chi Ti\u1ebft, Linh Ki\u1ec7n, Ph\u1ee5 T\u00f9ng Theo Y\u00eau C\u1ea7u","potentialAction":[{"@type":"SearchAction","target":{"@type":"EntryPoint","urlTemplate":"https:\/\/ancl.vn\/?s={search_term_string}"},"query-input":"required name=search_term_string"}],"inLanguage":"en-US"}]}},"_links":{"self":[{"href":"https:\/\/ancl.vn\/en\/wp-json\/wp\/v2\/pages\/1288"}],"collection":[{"href":"https:\/\/ancl.vn\/en\/wp-json\/wp\/v2\/pages"}],"about":[{"href":"https:\/\/ancl.vn\/en\/wp-json\/wp\/v2\/types\/page"}],"author":[{"embeddable":true,"href":"https:\/\/ancl.vn\/en\/wp-json\/wp\/v2\/users\/1"}],"replies":[{"embeddable":true,"href":"https:\/\/ancl.vn\/en\/wp-json\/wp\/v2\/comments?post=1288"}],"version-history":[{"count":37,"href":"https:\/\/ancl.vn\/en\/wp-json\/wp\/v2\/pages\/1288\/revisions"}],"predecessor-version":[{"id":2461,"href":"https:\/\/ancl.vn\/en\/wp-json\/wp\/v2\/pages\/1288\/revisions\/2461"}],"wp:attachment":[{"href":"https:\/\/ancl.vn\/en\/wp-json\/wp\/v2\/media?parent=1288"}],"curies":[{"name":"wp","href":"https:\/\/api.w.org\/{rel}","templated":true}]}}